{"id":15240,"date":"2025-12-16T11:06:31","date_gmt":"2025-12-16T10:06:31","guid":{"rendered":"https:\/\/shop.militaria.at\/?page_id=15240"},"modified":"2025-12-16T11:06:54","modified_gmt":"2025-12-16T10:06:54","slug":"blagajna","status":"publish","type":"page","link":"https:\/\/shop.militaria.at\/bs\/blagajna\/","title":{"rendered":"Blagajna"},"content":{"rendered":"\t\t<div data-elementor-type=\"wp-page\" data-elementor-id=\"15240\" class=\"elementor elementor-15240 elementor-38\" data-elementor-post-type=\"page\">\n\t\t\t\t\t\t<section class=\"elementor-section elementor-top-section elementor-element elementor-element-b53e6c8 elementor-section-boxed elementor-section-height-default elementor-section-height-default\" data-id=\"b53e6c8\" data-element_type=\"section\">\n\t\t\t\t\t\t<div class=\"elementor-container elementor-column-gap-default\">\n\t\t\t\t\t<div class=\"elementor-column elementor-col-100 elementor-top-column elementor-element elementor-element-1cb70e1\" data-id=\"1cb70e1\" data-element_type=\"column\">\n\t\t\t<div class=\"elementor-widget-wrap elementor-element-populated\">\n\t\t\t\t\t\t<div class=\"elementor-element elementor-element-eae30fc e-checkout-layout-two-column elementor-widget elementor-widget-woocommerce-checkout-page\" data-id=\"eae30fc\" data-element_type=\"widget\" data-widget_type=\"woocommerce-checkout-page.default\">\n\t\t\t\t<div class=\"elementor-widget-container\">\n\t\t\t\t\t<div class=\"woocommerce\"><div class=\"woocommerce-notices-wrapper\"><\/div><\/div>\t\t\t\t<\/div>\n\t\t\t\t<\/div>\n\t\t\t\t\t<\/div>\n\t\t<\/div>\n\t\t\t\t\t<\/div>\n\t\t<\/section>\n\t\t\t\t<\/div>\n\t\t","protected":false},"excerpt":{"rendered":"<p>Billing Details First Name&nbsp;* Last Name&nbsp;* Company Name&nbsp;(optional) Land \/ Region&nbsp;*Land\/Region ausw\u00e4hlen\u00a0\u2026\u00c4gypten\u00c4quatorialguinea\u00c4thiopienAfghanistan\u00c5landAlbanienAlgerienAmerikanisch-SamoaAmerikanische JungferninselnAndorraAngolaAnguillaAntarktikaAntigua und BarbudaArgentinienArmenienArubaAserbaidschanAustralienBahamasBahrainBangladeschBarbadosBelauBelgienBelizeBeninBermudaBhutanBolivienBonaire, Saint Eustatius and SabaBosnien und HerzegowinaBotswanaBouvetinselBrasilienBritische JungferninselnBritisches Territorium im Indischen OzeanBruneiBulgarienBurkina FasoBurundiCaymaninselnChileChinaCookinselnCosta RicaCura&Ccedil;aoD\u00e4nemarkDeutschlandDominicaDominikanische RepublikDschibutiEcuadorEl SalvadorElfenbeink\u00fcsteEritreaEstlandEswatiniF\u00e4r\u00f6erFalklandinselnFidschiFinnlandFrankreichFranz\u00f6sisch-GuayanaFranz\u00f6sisch-PolynesienFranz\u00f6sische S\u00fcd- und AntarktisgebieteGabunGambiaGeorgienGhanaGibraltarGrenadaGriechenlandGr\u00f6nlandGuadeloupeGuamGuatemalaGuernseyGuineaGuinea-BissauGuyanaHaitiHeard und McDonaldinselnHondurasHongkongIndienIndonesienIrakIranIrlandIslandIsle of ManIsraelItalienJamaikaJapanJemenJerseyJordanienKambodschaKamerunKanadaKap VerdeKasachstanKatarKeniaKirgisistanKiribatiKokosinseln (Keelinginseln)KolumbienKomorenKongo-BrazzavilleKongo-KinshasaKroatienKubaKuwaitLaosLesothoLettlandLibanonLiberiaLibyenLiechtensteinLitauenLuxemburgMacauMadagaskarMalawiMalaysiaMaledivenMaliMaltaMarokkoMarshallinselnMartiniqueMauretanienMauritiusMayotteMexikoMikronesienMoldawienMonacoMongoleiMontenegroMontserratMosambikMyanmarNamibiaNauruNepalNeukaledonienNeuseelandNicaraguaNiederlandeNigerNigeriaNiueN\u00f6rdliche MarianenNordkoreaNordmazedonienNorfolkinselNorwegen\u00d6sterreichOmanOsttimorPakistanPal\u00e4stinensisches TerritoriumPanamaPapua-NeuguineaParaguayPeruPhilippinenPitcairninselnPolenPortugalPuerto RicoR\u00e9unionRuandaRum\u00e4nienRusslandSaint Barth&eacute;lemySaint Martin (Dutch part)Saint-Pierre und MiquelonSalomonenSambiaSamoaSan MarinoS&atilde;o Tom&eacute; and Pr&iacute;ncipeSaudi-ArabienSchwedenSchweizSenegalSerbienSeychellenSierra LeoneSimbabweSingapurSlowakeiSlowenienSomaliaSpanienSri LankaSt. HelenaSt. &hellip;<\/p>\n<p class=\"read-more\"> <a class=\"\" href=\"https:\/\/shop.militaria.at\/bs\/blagajna\/\"> <span class=\"screen-reader-text\">Blagajna<\/span> Read More \u00bb<\/a><\/p>\n","protected":false},"author":5,"featured_media":0,"parent":0,"menu_order":0,"comment_status":"closed","ping_status":"closed","template":"","meta":{"site-sidebar-layout":"no-sidebar","site-content-layout":"default","ast-main-header-display":"","ast-hfb-above-header-display":"","ast-hfb-below-header-display":"","ast-hfb-mobile-header-display":"","site-post-title":"","ast-breadcrumbs-content":"","ast-featured-img":"","footer-sml-layout":"","theme-transparent-header-meta":"default","adv-header-id-meta":"","stick-header-meta":"default","header-above-stick-meta":"","header-main-stick-meta":"","header-below-stick-meta":"","footnotes":""},"class_list":["post-15240","page","type-page","status-publish","hentry"],"_links":{"self":[{"href":"https:\/\/shop.militaria.at\/bs\/wp-json\/wp\/v2\/pages\/15240","targetHints":{"allow":["GET"]}}],"collection":[{"href":"https:\/\/shop.militaria.at\/bs\/wp-json\/wp\/v2\/pages"}],"about":[{"href":"https:\/\/shop.militaria.at\/bs\/wp-json\/wp\/v2\/types\/page"}],"author":[{"embeddable":true,"href":"https:\/\/shop.militaria.at\/bs\/wp-json\/wp\/v2\/users\/5"}],"replies":[{"embeddable":true,"href":"https:\/\/shop.militaria.at\/bs\/wp-json\/wp\/v2\/comments?post=15240"}],"version-history":[{"count":4,"href":"https:\/\/shop.militaria.at\/bs\/wp-json\/wp\/v2\/pages\/15240\/revisions"}],"predecessor-version":[{"id":15244,"href":"https:\/\/shop.militaria.at\/bs\/wp-json\/wp\/v2\/pages\/15240\/revisions\/15244"}],"wp:attachment":[{"href":"https:\/\/shop.militaria.at\/bs\/wp-json\/wp\/v2\/media?parent=15240"}],"curies":[{"name":"wp","href":"https:\/\/api.w.org\/{rel}","templated":true}]}}