{"id":15251,"date":"2025-12-16T11:08:54","date_gmt":"2025-12-16T10:08:54","guid":{"rendered":"https:\/\/shop.militaria.at\/posiljka-i-isporuka\/"},"modified":"2025-12-16T11:08:54","modified_gmt":"2025-12-16T10:08:54","slug":"posiljka-i-isporuka","status":"publish","type":"page","link":"https:\/\/shop.militaria.at\/bs\/posiljka-i-isporuka\/","title":{"rendered":"Po\u0161iljka i isporuka"},"content":{"rendered":"<p>Cijene, tro\u0161kovi dostave i informacije o isporuci<\/p>\n<p>Navedeno cijenama na stranicama proizvoda uklju\u010duju zakonski propisani porez na dodanu vrijednost i druge komponente cijene.<\/p>\n<p>Tro\u0161kovi dostave su jasno nazna\u010deni u sistemu korpe za kupovinu i ponovo na stranici za narud\u017ebu.<\/p>\n","protected":false},"excerpt":{"rendered":"<p>Cijene, tro\u0161kovi dostave i informacije o isporuci Navedeno cijenama na stranicama proizvoda uklju\u010duju zakonski propisani porez na dodanu vrijednost i druge komponente cijene. Tro\u0161kovi dostave su jasno nazna\u010deni u sistemu korpe za kupovinu i ponovo na stranici za narud\u017ebu.<\/p>\n","protected":false},"author":1,"featured_media":0,"parent":0,"menu_order":0,"comment_status":"closed","ping_status":"closed","template":"","meta":{"site-sidebar-layout":"default","site-content-layout":"default","ast-main-header-display":"","ast-hfb-above-header-display":"","ast-hfb-below-header-display":"","ast-hfb-mobile-header-display":"","site-post-title":"","ast-breadcrumbs-content":"","ast-featured-img":"","footer-sml-layout":"","theme-transparent-header-meta":"","adv-header-id-meta":"","stick-header-meta":"","header-above-stick-meta":"","header-main-stick-meta":"","header-below-stick-meta":"","footnotes":""},"class_list":["post-15251","page","type-page","status-publish","hentry"],"_links":{"self":[{"href":"https:\/\/shop.militaria.at\/bs\/wp-json\/wp\/v2\/pages\/15251","targetHints":{"allow":["GET"]}}],"collection":[{"href":"https:\/\/shop.militaria.at\/bs\/wp-json\/wp\/v2\/pages"}],"about":[{"href":"https:\/\/shop.militaria.at\/bs\/wp-json\/wp\/v2\/types\/page"}],"author":[{"embeddable":true,"href":"https:\/\/shop.militaria.at\/bs\/wp-json\/wp\/v2\/users\/1"}],"replies":[{"embeddable":true,"href":"https:\/\/shop.militaria.at\/bs\/wp-json\/wp\/v2\/comments?post=15251"}],"version-history":[{"count":0,"href":"https:\/\/shop.militaria.at\/bs\/wp-json\/wp\/v2\/pages\/15251\/revisions"}],"wp:attachment":[{"href":"https:\/\/shop.militaria.at\/bs\/wp-json\/wp\/v2\/media?parent=15251"}],"curies":[{"name":"wp","href":"https:\/\/api.w.org\/{rel}","templated":true}]}}