{"id":1046,"date":"2000-01-16T09:16:53","date_gmt":"2000-01-16T08:16:53","guid":{"rendered":"http:\/\/shop.militaria.at\/product\/bosnjaci-u-carskoj-sluzbi\/"},"modified":"2025-10-23T18:46:21","modified_gmt":"2025-10-23T17:46:21","slug":"bosnjaci-u-carskoj-sluzbi","status":"publish","type":"product","link":"https:\/\/shop.militaria.at\/bs\/product\/bosnjaci-u-carskoj-sluzbi\/","title":{"rendered":"Bo\u0161njaci u carskoj slu\u017ebi"},"content":{"rendered":"<p>Austro-Ugarska je 1878. zauzela Bosnu i Hercegovinu, 1908. Bosna i Hercegovina je anektirana i ostala je dijelom Dunavske monarhije sve do 1918. Na 352 strane sa skoro 600 fotografija ova monografija u boji daje op\u0161iran prikaz Bosanaca i Hercegovaca u austrougarskoj vojsci i pru\u017ea uvid u period kada se Bosna i Hercegovina nalazila pod austrougarskom upravom. Knjiga se osvr\u0107e na politi\u010dku i vojnu pozadinu okupacije i \u010ditaoce vodi preko perioda austrougarske uprave i aneksije pa sve do okon\u010danja Prvog svjetskog rata, koje je u isto vrijeme ozna\u010dilo i kraj austrougarske epohe u Bosni i Hercegovini. U sredi\u0161tu pa\u017enje stoje Bo\u0161njaci \u2013 kako su nazivani u to vrijeme \u2013 koji su sa\u010dinjavali elitne formacije austrougarske vojske i koji su ba\u0161 zbog svoje karakteristi\u010dne uniforme \u2013 fesa kao kape i tipi\u010dnih hla\u010da ispod koljena \u2013 privla\u010dili posebnu pa\u017enju mnogih drugih jedinica austrougarske vojske. Ova bogato ilustrirana monografija daje i detaljan uvid u vrste uniformi, opreme i naoru\u017eanja Bo\u0161njaka, od rasporeda bosanskohercegova\u010dkih pje\u0161adijskih i takozvanih lova\u010dkih trupa pa sve do njihovog anga\u017emana u Prvom svjetskom ratu 1914 1918. Knjiga donosi i kratke biografije zna\u010dajnih li\u010dnosti koji su slu\u017eili kod Bo\u0161njaka, kao \u0161to je to bio slu\u010daj s kasnijim predsjednikom Savezne Republike Austrije dr. Adolfom Sch\u00e4rfom. Ove li\u010dnosti podarile su bosanskohercegova\u010dkim trupama u staroj austrijskoj vojsci jednu novu dimenziju. Kulturni i industrijsko-historijski aspekti zaokru\u017euju ovu tematiku \u2013 kuriozitet toga vremena bila je \u010dinjenica da je Austro-Ugarska u 19. stolje\u0107u bila najve\u0107i proizvo\u0111a\u010d fesova u svijetu!<\/p>\n<p>Neprijatelj ih se bojao, drugovi su ih cijenili zbog jakog borbenog duha \u2013 bosanskohercegova\u010dke trupe bile su do kraja Prvog svjetskog rata legendarna sastavnica austrougarske vojske. U svjetlu posljednjih ratova u jugoisto\u010dnoj Evropi ovo djelo podvla\u010di zajedni\u010dku pro\u0161lost svih naroda i vjera u Bosni i Hercegovini. Nastalo je uz pomo\u0107 op\u0161irne dokumentacije i dokazane saradnje s Vojnohistorijskim muzejom u Be\u010du, Vojnim muzejom u Budimpe\u0161ti i Vojskom Savezne Republike Austrije kao i podr\u0161kom privatnih sakuplja\u010da.<\/p>\n","protected":false},"excerpt":{"rendered":"<p>Bosanskohercegova\u010dke trupe u austrougarskoj vojsci<\/p>\n","protected":false},"featured_media":4313,"template":"","meta":{"site-sidebar-layout":"default","site-content-layout":"default","ast-main-header-display":"","ast-hfb-above-header-display":"","ast-hfb-below-header-display":"","ast-hfb-mobile-header-display":"","site-post-title":"","ast-breadcrumbs-content":"","ast-featured-img":"","footer-sml-layout":"","theme-transparent-header-meta":"default","adv-header-id-meta":"","stick-header-meta":"default","header-above-stick-meta":"","header-main-stick-meta":"","header-below-stick-meta":""},"product_brand":[],"product_cat":[],"product_tag":[],"test":[],"autoren":[508,681,687,937],"class_list":{"0":"post-1046","1":"product","2":"type-product","3":"status-publish","4":"has-post-thumbnail","6":"autoren-christoph-neumayer-bs","7":"autoren-helmut-wohnout-bs","8":"autoren-hofrat-prof-dipl-ing-hermann-hinterstoisser-bs","9":"autoren-univ-doz-dr-erwin-a-schmidl-bs","10":"align-center","11":"box-shadow-1","12":"box-shadow-2-hover","13":"ast-product-gallery-layout-horizontal","14":"ast-product-tabs-layout-horizontal","16":"first","17":"instock","18":"taxable","19":"shipping-taxable","20":"purchasable","21":"product-type-simple"},"_links":{"self":[{"href":"https:\/\/shop.militaria.at\/bs\/wp-json\/wp\/v2\/product\/1046","targetHints":{"allow":["GET"]}}],"collection":[{"href":"https:\/\/shop.militaria.at\/bs\/wp-json\/wp\/v2\/product"}],"about":[{"href":"https:\/\/shop.militaria.at\/bs\/wp-json\/wp\/v2\/types\/product"}],"wp:featuredmedia":[{"embeddable":true,"href":"https:\/\/shop.militaria.at\/bs\/wp-json\/wp\/v2\/media\/4313"}],"wp:attachment":[{"href":"https:\/\/shop.militaria.at\/bs\/wp-json\/wp\/v2\/media?parent=1046"}],"wp:term":[{"taxonomy":"product_brand","embeddable":true,"href":"https:\/\/shop.militaria.at\/bs\/wp-json\/wp\/v2\/product_brand?post=1046"},{"taxonomy":"product_cat","embeddable":true,"href":"https:\/\/shop.militaria.at\/bs\/wp-json\/wp\/v2\/product_cat?post=1046"},{"taxonomy":"product_tag","embeddable":true,"href":"https:\/\/shop.militaria.at\/bs\/wp-json\/wp\/v2\/product_tag?post=1046"},{"taxonomy":"test","embeddable":true,"href":"https:\/\/shop.militaria.at\/bs\/wp-json\/wp\/v2\/test?post=1046"},{"taxonomy":"autoren","embeddable":true,"href":"https:\/\/shop.militaria.at\/bs\/wp-json\/wp\/v2\/autoren?post=1046"}],"curies":[{"name":"wp","href":"https:\/\/api.w.org\/{rel}","templated":true}]}}