{"id":10464,"date":"2024-04-30T10:02:52","date_gmt":"2024-04-30T09:02:52","guid":{"rendered":"https:\/\/shop.militaria.at\/links\/"},"modified":"2024-04-30T10:02:52","modified_gmt":"2024-04-30T09:02:52","slug":"links","status":"publish","type":"page","link":"https:\/\/shop.militaria.at\/en\/links\/","title":{"rendered":"Links"},"content":{"rendered":"\t\t<div data-elementor-type=\"wp-page\" data-elementor-id=\"10464\" class=\"elementor elementor-10464 elementor-51\" data-elementor-post-type=\"page\">\n\t\t\t\t\t\t<section class=\"elementor-section elementor-top-section elementor-element elementor-element-1f724d76 elementor-section-boxed elementor-section-height-default elementor-section-height-default\" data-id=\"1f724d76\" data-element_type=\"section\">\n\t\t\t\t\t\t<div class=\"elementor-container elementor-column-gap-default\">\n\t\t\t\t\t<div class=\"elementor-column elementor-col-100 elementor-top-column elementor-element elementor-element-4fd36e1\" data-id=\"4fd36e1\" data-element_type=\"column\">\n\t\t\t<div class=\"elementor-widget-wrap elementor-element-populated\">\n\t\t\t\t\t\t<div class=\"elementor-element elementor-element-7ed8cb41 elementor-widget elementor-widget-text-editor\" data-id=\"7ed8cb41\" data-element_type=\"widget\" data-widget_type=\"text-editor.default\">\n\t\t\t\t<div class=\"elementor-widget-container\">\n\t\t\t\t\t\t\t\t\t<p><a href=\"http:\/\/www.hgm.at\">\u00a0 <\/a><a href=\"http:\/\/www.hgm.at\" target=\"_blank\" rel=\"noopener\"><img decoding=\"async\" class=\"alignnone wp-image-1986 size-full\" src=\"http:\/\/shop.militaria.at\/wp-content\/uploads\/2022\/02\/Logos-Kooperationspartner.jpg\" alt=\"\" width=\"139\" height=\"69\" \/><\/a><a style=\"font-style: inherit; font-weight: inherit; background-color: #ffffff;\" href=\"http:\/\/www.hgm.at\">Heeresgeschichtliches Museum<\/a><\/p><p><a style=\"font-style: inherit; font-weight: inherit; background-color: #ffffff;\" href=\"https:\/\/museodellaguerra.it\" target=\"_blank\" rel=\"noopener\"><img decoding=\"async\" class=\"alignnone wp-image-1988 size-full\" src=\"http:\/\/shop.militaria.at\/wp-content\/uploads\/2022\/02\/Logos-Kooperationspartner2.jpg\" alt=\"Museo Storico Italiano della Guerra\" width=\"139\" height=\"69\" \/><\/a><a href=\"https:\/\/museodellaguerra.it\"> Museo Storico Italiano della Guerra<\/a><\/p><p><a href=\"https:\/\/www.armeemuseum.de\/\" target=\"_blank\" rel=\"noopener\"><img decoding=\"async\" class=\"alignnone wp-image-2023 size-full\" src=\"http:\/\/shop.militaria.at\/wp-content\/uploads\/2022\/02\/Logos-Kooperationspartner3-1.jpg\" alt=\"\" width=\"139\" height=\"69\" \/><\/a><a href=\"https:\/\/www.armeemuseum.de\/\"> Bayerisches Armeemuseum<\/a><\/p><p><a href=\"https:\/\/www.mhmbw.de\/\" target=\"_blank\" rel=\"noopener\"><img loading=\"lazy\" decoding=\"async\" class=\"alignnone wp-image-2028 size-full\" src=\"http:\/\/shop.militaria.at\/wp-content\/uploads\/2022\/02\/Logos-Kooperationspartner4-1.jpg\" alt=\"\" width=\"139\" height=\"69\" \/><\/a><a href=\"https:\/\/www.mhmbw.de\/\"> Milit\u00e4rhistorisches Museum der Bundeswehr in Dresden<\/a><\/p><p><a style=\"font-style: inherit; font-weight: inherit; background-color: #ffffff;\" href=\"http:\/\/www.hgm.at\"> \u00a0<\/a><a href=\"https:\/\/www.dhm.de\/\" target=\"_blank\" rel=\"noopener\"><img loading=\"lazy\" decoding=\"async\" class=\"alignnone wp-image-1994 size-full\" src=\"http:\/\/shop.militaria.at\/wp-content\/uploads\/2022\/02\/Logos-Kooperationspartner5.jpg\" alt=\"\" width=\"139\" height=\"69\" \/><\/a><a href=\"https:\/\/www.dhm.de\/\"> Deutsches Historisches Museum<\/a><\/p><p><a href=\"https:\/\/wgm-rastatt.de\/\" target=\"_blank\" rel=\"noopener\"><img loading=\"lazy\" decoding=\"async\" class=\"alignnone wp-image-1996 size-full\" style=\"color: var( --e-global-color-text ); font-size: 1rem;\" src=\"http:\/\/shop.militaria.at\/wp-content\/uploads\/2022\/02\/Logos-Kooperationspartner6.jpg\" alt=\"\" width=\"139\" height=\"69\" \/><\/a>\u00a0<a style=\"font-style: inherit; font-weight: inherit; background-color: #ffffff;\" href=\"https:\/\/wgm-rastatt.de\/\">Wehrgeschichtliches Museum Rastatt<\/a><\/p><p><a style=\"font-style: inherit; font-weight: inherit; background-color: #ffffff;\" href=\"https:\/\/www.klm-mra.be\/D7t\/en\" target=\"_blank\" rel=\"noopener\"><img loading=\"lazy\" decoding=\"async\" class=\"alignnone wp-image-1998 size-full\" src=\"http:\/\/shop.militaria.at\/wp-content\/uploads\/2022\/02\/Logos-Kooperationspartner7.jpg\" alt=\"\" width=\"139\" height=\"69\" \/><\/a><a href=\"https:\/\/www.klm-mra.be\/D7t\/en\"> Royal Museum of the Armed Forces and Military History Belgium<\/a><\/p><p><a style=\"font-style: inherit; font-weight: inherit; background-color: #ffffff;\" href=\"https:\/\/www.musee-armee.fr\/en\/english-version.html\" target=\"_blank\" rel=\"noopener\"><img loading=\"lazy\" decoding=\"async\" class=\"alignnone wp-image-2000 size-full\" src=\"http:\/\/shop.militaria.at\/wp-content\/uploads\/2022\/02\/Logos-Kooperationspartner8.jpg\" alt=\"\" width=\"139\" height=\"69\" \/><\/a><a href=\"https:\/\/www.musee-armee.fr\/en\/english-version.html\"> Mus\u00e9e de l&#8217;Arm\u00e9e Paris<\/a><\/p><p><a style=\"font-style: inherit; font-weight: inherit; background-color: #ffffff;\" href=\"https:\/\/militaria.hu\/\" target=\"_blank\" rel=\"noopener\"><img loading=\"lazy\" decoding=\"async\" class=\"alignnone wp-image-2002 size-full\" src=\"http:\/\/shop.militaria.at\/wp-content\/uploads\/2022\/02\/Logos-Kooperationspartner9.jpg\" alt=\"\" width=\"139\" height=\"69\" \/><\/a><a href=\"https:\/\/militaria.hu\/\"> Milit\u00e4rhistorisches Museum Budapest<\/a><\/p><p><a href=\"https:\/\/www.tiroler-landesmuseen.at\/haeuser\/ferdinandeum\/\" target=\"_blank\" rel=\"noopener\"><img loading=\"lazy\" decoding=\"async\" class=\"alignnone wp-image-2004 size-full\" style=\"color: var( --e-global-color-text ); font-size: 1rem;\" src=\"http:\/\/shop.militaria.at\/wp-content\/uploads\/2022\/02\/Logos-Kooperationspartner10.jpg\" alt=\"\" width=\"139\" height=\"69\" \/><\/a>\u00a0<a href=\"https:\/\/www.tiroler-landesmuseen.at\/haeuser\/ferdinandeum\/\">Tiroler Landesmuseum Ferdinandeum<\/a><\/p><p><a href=\"https:\/\/www.nmm.nl\/de\/\" target=\"_blank\" rel=\"noopener\"><img loading=\"lazy\" decoding=\"async\" class=\"alignnone wp-image-1984 size-full\" style=\"color: var( --e-global-color-text ); font-size: 1rem;\" src=\"http:\/\/shop.militaria.at\/wp-content\/uploads\/2022\/02\/Logos-Kooperationspartner11.jpg\" alt=\"\" width=\"139\" height=\"69\" \/><\/a><a href=\"https:\/\/www.nmm.nl\/de\/\"> Nationall Militair Museum Niederlande<\/a><\/p>\t\t\t\t\t\t\t\t<\/div>\n\t\t\t\t<\/div>\n\t\t\t\t\t<\/div>\n\t\t<\/div>\n\t\t\t\t\t<\/div>\n\t\t<\/section>\n\t\t\t\t<\/div>\n\t\t","protected":false},"excerpt":{"rendered":"<p>\u00a0 Heeresgeschichtliches Museum Museo Storico Italiano della Guerra Bayerisches Armeemuseum Milit\u00e4rhistorisches Museum der Bundeswehr in Dresden \u00a0 Deutsches Historisches Museum \u00a0Wehrgeschichtliches Museum Rastatt Royal Museum of the Armed Forces and Military History Belgium Mus\u00e9e de l&#8217;Arm\u00e9e Paris Milit\u00e4rhistorisches Museum Budapest \u00a0Tiroler Landesmuseum Ferdinandeum Nationall Militair Museum Niederlande<\/p>\n","protected":false},"author":1,"featured_media":0,"parent":0,"menu_order":0,"comment_status":"closed","ping_status":"closed","template":"","meta":{"site-sidebar-layout":"default","site-content-layout":"default","ast-main-header-display":"","ast-hfb-above-header-display":"","ast-hfb-below-header-display":"","ast-hfb-mobile-header-display":"","site-post-title":"","ast-breadcrumbs-content":"","ast-featured-img":"","footer-sml-layout":"","theme-transparent-header-meta":"default","adv-header-id-meta":"","stick-header-meta":"default","header-above-stick-meta":"","header-main-stick-meta":"","header-below-stick-meta":"","footnotes":""},"class_list":["post-10464","page","type-page","status-publish","hentry"],"_links":{"self":[{"href":"https:\/\/shop.militaria.at\/en\/wp-json\/wp\/v2\/pages\/10464","targetHints":{"allow":["GET"]}}],"collection":[{"href":"https:\/\/shop.militaria.at\/en\/wp-json\/wp\/v2\/pages"}],"about":[{"href":"https:\/\/shop.militaria.at\/en\/wp-json\/wp\/v2\/types\/page"}],"author":[{"embeddable":true,"href":"https:\/\/shop.militaria.at\/en\/wp-json\/wp\/v2\/users\/1"}],"replies":[{"embeddable":true,"href":"https:\/\/shop.militaria.at\/en\/wp-json\/wp\/v2\/comments?post=10464"}],"version-history":[{"count":0,"href":"https:\/\/shop.militaria.at\/en\/wp-json\/wp\/v2\/pages\/10464\/revisions"}],"wp:attachment":[{"href":"https:\/\/shop.militaria.at\/en\/wp-json\/wp\/v2\/media?parent=10464"}],"curies":[{"name":"wp","href":"https:\/\/api.w.org\/{rel}","templated":true}]}}