{"id":1010,"date":"2000-01-31T09:16:44","date_gmt":"2000-01-31T08:16:44","guid":{"rendered":"http:\/\/shop.militaria.at\/product\/frederick-the-great\/"},"modified":"2025-11-17T16:04:56","modified_gmt":"2025-11-17T15:04:56","slug":"friedrich-der-grosse","status":"publish","type":"product","link":"https:\/\/shop.militaria.at\/en\/product\/friedrich-der-grosse\/","title":{"rendered":"Friedrich der Gro\u00dfe"},"content":{"rendered":"<p>Das zwei B\u00e4nde mit zusammen 824 Seiten umfassende Werk zeigt die Uniformen der Armee Friedrichs des Gro\u00dfen. Friedrichs milit\u00e4rische Erfolge waren Voraussetzung f\u00fcr den Aufstieg Preu\u00dfens zur europ\u00e4ischen Gro\u00dfmacht. Der k\u00f6nigliche Feldherr und sein Heer wurden zum bewunderten Vorbild f\u00fcr ganz Europa. Der eigene Stil und die Pracht der Ausstattung wurden vielfach nachgeahmt. Erstmalig werden alle \u00fcber 200 friderizianischen Uniformst\u00fccke aus der Sammlung des Berliner Zeughauses, die heute noch im Deutschen Historischen Museum erhalten sind, in erstklassigen, detailgenauen Farbfotografien gezeigt und mit genauesten Ma\u00dfangaben und Beschreibungen einzeln vorgestellt. Viele dieser Originale waren bisher gar nicht oder nur durch Zeichnungen oder alte Aufnahmen geringer Qualit\u00e4t bekannt. Erg\u00e4nzend werden altpreu\u00dfische Realien aus weiteren europ\u00e4ischen Sammlungen publiziert. Rund 1.500 Fotos der fast vollst\u00e4ndigen Reihe von Grenadier- und F\u00fcsilierm\u00fctzen, viele Uniformr\u00f6cke sowie einer F\u00fclle weiterer St\u00fccke wie K\u00fcrassier-Kollets und Husaren-Dolmane, S\u00e4beltaschen, Schabracken, Patronentaschen und H\u00fcte f\u00fchren dem Leser die Uniformierung zur Zeit Friedrichs des Gro\u00dfen vor Augen. Auch mehrere pers\u00f6nliche, von Friedrich II. getragene Uniformen werden gezeigt. Dies wird begleitet durch die vollst\u00e4ndige Reproduktion des im Deutschen Historischen Museum bewahrten Tressen-Musterbuchs von 1755, welches die originalen Muster der Stickereien und Borten aller rund 100 Truppenteile enth\u00e4lt. Dazu kommen eine bisher kaum bekannte Bilderhandschrift \u00fcber die preu\u00dfische Armee im Siebenj\u00e4hrigen Krieg, viele zeitgen\u00f6ssische Offiziersportr\u00e4ts, u.a. aus dem Feldmarschallsaal der Haupt-Kadettenanstalt Gro\u00df-Lichterfelde, sowie Zeichnungen und SW-Fotos von heute verlorenen Originalst\u00fccken der Berliner Zeughaus-Sammlung. Der Text umfasst neben der detaillierten Beschreibung der Uniformen und ihrer Entwicklung kurze Abhandlungen zur Geschichte jedes einzelnen Regiments des altpreu\u00dfischen Heeres. Ein historischer Essay \u00fcber die friderizianische Armee und die Geschichte der Zeughaus-Sammlung f\u00fchrt in das Buch ein. Er zeigt, was hinter dem \u00e4u\u00dferen Erscheinungsbild des friderizianischen Heeres stand. Ein eigener Abschnitt widmet sich eingehend und mit zahlreichen zus\u00e4tzlichen Detailbildern den Materialien, Formen und Herstellungsweisen der Uniformen und Bes\u00e4tze aus der Sicht der modernen Textilrestaurierung. Die Arbeit wird erg\u00e4nzt durch eine eingehende technische Untersuchung der Uniformst\u00fccke und Besatzmuster. In diesen beiden Bildb\u00e4nden findet der Leser eine nie zuvor gezeigte F\u00fclle originaler Sachzeugen zur altpreu\u00dfischen Uniformierung. Diese stellt die Erforschung der friderizianischen Armee auf eine neue Grundlage; ein unentbehrliches Standardwerk f\u00fcr alle an Milit\u00e4rgeschichte, Kulturgeschichte und Kunsthandwerk der Epoche Friedrichs des Gro\u00dfen Interessierten.<\/p>\n","protected":false},"excerpt":{"rendered":"<p>Only available in German<\/p>\n","protected":false},"featured_media":1598,"template":"","meta":{"site-sidebar-layout":"default","site-content-layout":"default","ast-main-header-display":"","ast-hfb-above-header-display":"","ast-hfb-below-header-display":"","ast-hfb-mobile-header-display":"","site-post-title":"","ast-breadcrumbs-content":"","ast-featured-img":"","footer-sml-layout":"","theme-transparent-header-meta":"default","adv-header-id-meta":"","stick-header-meta":"default","header-above-stick-meta":"","header-main-stick-meta":"","header-below-stick-meta":""},"product_brand":[],"product_cat":[241,453],"product_tag":[],"test":[],"autoren":[165,179],"class_list":{"0":"post-1010","1":"product","2":"type-product","3":"status-publish","4":"has-post-thumbnail","6":"product_cat-uniformierung-ausruestung_en","7":"product_cat-englisch-en","8":"autoren-daniel-hohrath-en","9":"autoren-elisabeth-boxberger-en","10":"align-center","11":"box-shadow-1","12":"box-shadow-2-hover","13":"ast-product-gallery-layout-horizontal","14":"ast-product-tabs-layout-horizontal","16":"first","17":"instock","18":"taxable","19":"shipping-taxable","20":"purchasable","21":"product-type-simple"},"_links":{"self":[{"href":"https:\/\/shop.militaria.at\/en\/wp-json\/wp\/v2\/product\/1010","targetHints":{"allow":["GET"]}}],"collection":[{"href":"https:\/\/shop.militaria.at\/en\/wp-json\/wp\/v2\/product"}],"about":[{"href":"https:\/\/shop.militaria.at\/en\/wp-json\/wp\/v2\/types\/product"}],"wp:featuredmedia":[{"embeddable":true,"href":"https:\/\/shop.militaria.at\/en\/wp-json\/wp\/v2\/media\/1598"}],"wp:attachment":[{"href":"https:\/\/shop.militaria.at\/en\/wp-json\/wp\/v2\/media?parent=1010"}],"wp:term":[{"taxonomy":"product_brand","embeddable":true,"href":"https:\/\/shop.militaria.at\/en\/wp-json\/wp\/v2\/product_brand?post=1010"},{"taxonomy":"product_cat","embeddable":true,"href":"https:\/\/shop.militaria.at\/en\/wp-json\/wp\/v2\/product_cat?post=1010"},{"taxonomy":"product_tag","embeddable":true,"href":"https:\/\/shop.militaria.at\/en\/wp-json\/wp\/v2\/product_tag?post=1010"},{"taxonomy":"test","embeddable":true,"href":"https:\/\/shop.militaria.at\/en\/wp-json\/wp\/v2\/test?post=1010"},{"taxonomy":"autoren","embeddable":true,"href":"https:\/\/shop.militaria.at\/en\/wp-json\/wp\/v2\/autoren?post=1010"}],"curies":[{"name":"wp","href":"https:\/\/api.w.org\/{rel}","templated":true}]}}