{"id":1035,"date":"2000-02-27T06:16:53","date_gmt":"2000-02-27T05:16:53","guid":{"rendered":"http:\/\/shop.militaria.at\/product\/rifle-carabine-98\/"},"modified":"2025-11-17T16:09:29","modified_gmt":"2025-11-17T15:09:29","slug":"gewehr-karabiner-98","status":"publish","type":"product","link":"https:\/\/shop.militaria.at\/en\/product\/gewehr-karabiner-98\/","title":{"rendered":"Gewehr &#038; Karabiner 98"},"content":{"rendered":"<p>Im Jahre 1898 f\u00fchrte die deutsche Armee ein neues Gewehr ein, das bis zur Mitte des 20. Jahrhunderts nicht nur die Bewaffnung deutscher Streitkr\u00e4fte, sondern auch die vieler anderer L\u00e4nder bestimmen sollte. In diesem Buch wird die Geschichte der Gewehre und Karabiner 98 in ihrem Ursprungsland zwischen 1898 und 1918 umfassend behandelt. Der Band st\u00fctzt sich vor allem auf die Sammlungen der gro\u00dfen milit\u00e4rgeschichtlichen Museen Deutschlands wie des Bayerischen Armeemuseums Ingolstadt, der Wehrtechnischen Studiensammlung in Koblenz und des Milit\u00e4rhistorischen Museums der Bundeswehr in Dresden. Auch das Deutsche Historische Museum in Berlin und das K\u00f6nigliche Armeemuseum in Br\u00fcssel stellten ihre Best\u00e4nde f\u00fcr dieses Buch zur Verf\u00fcgung. Nach jahrelanger Forschungsarbeit in den Archiven in M\u00fcnchen, Dresden, Stuttgart und Suhl k\u00f6nnen nun neue Daten, Fakten und Zusammenh\u00e4nge der \u00d6ffentlichkeit vorgestellt werden. Bisher unbekannte Erprobungsgewehre, die auf die preu\u00dfische Gewehrpr\u00fcfungskommission zur\u00fcckgehen, erlauben erstmals, den Weg zu rekonstruieren, der zu der neuen Waffe f\u00fchrte. Auch ausgefallene Modellvarianten und Sondermuster wie Zielfernrohrgewehre, das Zubeh\u00f6r, die Munition, Seitengewehre und vieles andere, was zum Gewehr geh\u00f6rt, werden in Bild und Text im Detail vorgestellt. Das Buch beschr\u00e4nkt sich nicht auf die Beschreibung der Objekte, sondern leuchtet auch die geschichtlichen, milit\u00e4rischen und technischen Hintergr\u00fcnde aus. Der Leser erf\u00e4hrt, wie der Waffengebrauch in den H\u00e4nden der Truppe aussah, wie Gewehre und Karabiner damals gepflegt wurden, wie und nach welchen Grunds\u00e4tzen die Schie\u00dfausbildung in Frieden und Krieg betrieben wurde und welche Rolle das Gewehr im Gefecht spielte. Das Buch behandelt auch ausf\u00fchrlich technische Ver\u00e4nderungen, Herstellungsverfahren, die Organisation der Massenfertigung, die staatliche und private Waffenindustrie, Produktionszahlen und Probleme der Waffenversorgung im Ersten Weltkrieg.<\/p>\n","protected":false},"excerpt":{"rendered":"<p>Only available in German<\/p>\n","protected":false},"featured_media":1575,"template":"","meta":{"site-sidebar-layout":"default","site-content-layout":"default","ast-main-header-display":"","ast-hfb-above-header-display":"","ast-hfb-below-header-display":"","ast-hfb-mobile-header-display":"","site-post-title":"","ast-breadcrumbs-content":"","ast-featured-img":"","footer-sml-layout":"","theme-transparent-header-meta":"default","adv-header-id-meta":"","stick-header-meta":"default","header-above-stick-meta":"","header-main-stick-meta":"","header-below-stick-meta":""},"product_brand":[],"product_cat":[237,453],"product_tag":[],"test":[],"autoren":[167],"class_list":{"0":"post-1035","1":"product","2":"type-product","3":"status-publish","4":"has-post-thumbnail","6":"product_cat-bewaffnung-waffentechnik-militaertechnik_en","7":"product_cat-englisch-en","8":"autoren-dr-dieter-storz-en","9":"align-center","10":"box-shadow-1","11":"box-shadow-2-hover","12":"ast-product-gallery-layout-horizontal","13":"ast-product-tabs-layout-horizontal","15":"first","16":"instock","17":"taxable","18":"shipping-taxable","19":"purchasable","20":"product-type-simple"},"_links":{"self":[{"href":"https:\/\/shop.militaria.at\/en\/wp-json\/wp\/v2\/product\/1035","targetHints":{"allow":["GET"]}}],"collection":[{"href":"https:\/\/shop.militaria.at\/en\/wp-json\/wp\/v2\/product"}],"about":[{"href":"https:\/\/shop.militaria.at\/en\/wp-json\/wp\/v2\/types\/product"}],"wp:featuredmedia":[{"embeddable":true,"href":"https:\/\/shop.militaria.at\/en\/wp-json\/wp\/v2\/media\/1575"}],"wp:attachment":[{"href":"https:\/\/shop.militaria.at\/en\/wp-json\/wp\/v2\/media?parent=1035"}],"wp:term":[{"taxonomy":"product_brand","embeddable":true,"href":"https:\/\/shop.militaria.at\/en\/wp-json\/wp\/v2\/product_brand?post=1035"},{"taxonomy":"product_cat","embeddable":true,"href":"https:\/\/shop.militaria.at\/en\/wp-json\/wp\/v2\/product_cat?post=1035"},{"taxonomy":"product_tag","embeddable":true,"href":"https:\/\/shop.militaria.at\/en\/wp-json\/wp\/v2\/product_tag?post=1035"},{"taxonomy":"test","embeddable":true,"href":"https:\/\/shop.militaria.at\/en\/wp-json\/wp\/v2\/test?post=1035"},{"taxonomy":"autoren","embeddable":true,"href":"https:\/\/shop.militaria.at\/en\/wp-json\/wp\/v2\/autoren?post=1035"}],"curies":[{"name":"wp","href":"https:\/\/api.w.org\/{rel}","templated":true}]}}