{"id":12512,"date":"2000-01-07T09:16:53","date_gmt":"2000-01-07T08:16:53","guid":{"rendered":"https:\/\/shop.militaria.at\/product\/storm-troops\/"},"modified":"2025-11-17T16:08:08","modified_gmt":"2025-11-17T15:08:08","slug":"sturmtruppen","status":"publish","type":"product","link":"https:\/\/shop.militaria.at\/en\/product\/sturmtruppen\/","title":{"rendered":"Sturmtruppen"},"content":{"rendered":"<p>\u00d6sterreichisch-ungarische Sturmformationen und Jagdkommandos im Ersten Weltkrieg \u2013 Kampfverfahren, Organisation, Uniformierung und Ausr\u00fcstung. Die Sturmtruppen z\u00e4hlten zu den Eliteformationen der \u00f6sterreichisch-ungarischen Armee und pr\u00e4gten nachhaltig das Bild des Soldaten des Ersten Weltkriegs im Stellungskrieg und Grabenkampf. Intensiv ausgebildet und zu k\u00f6rperlichen H\u00f6chstleistungen f\u00e4hig, wurden die Sturmtruppen sto\u00dftruppartig eingesetzt. Sie hatten im Stellungskrieg feindliche Hindernisse zu beseitigen, Feldwachen entweder durch Handgranaten oder im Nahkampf mit Dolch und Grabenkeule auszuschalten und dadurch der nachfolgenden Angriffstruppe das Erreichen des Angriffszieles zu erm\u00f6glichen. Mit Stahlhelm, Stutzen und Handgranate bewaffnet, von Maschinengewehren, Sturmpistolen und Infanteriegesch\u00fctzen unterst\u00fctzt, versinnbildlichte der Sturmsoldat des Ersten Weltkriegs letztlich den \u201emodernen\u201c Soldaten des 20. Jahrhunderts. Dieser eindrucksvolle Bildband zeigt auf mehr als 850 Farbfotos und zeitgen\u00f6ssischen Aufnahmen Einsatztaktik, Kampfverfahren, Organisation, Uniformierung und Ausr\u00fcstung der \u00f6sterreichischen Sturmtruppen im Ersten Weltkrieg. Brillante Fotoaufnahmen von Sturmpistolen, Maschinengewehren, Minenwerfern, Infanteriegesch\u00fctzen, Flammenwerfern und Fernmeldemitteln geben einen eindrucksvollen \u00dcberblick \u00fcber Bewaffnung und Ausr\u00fcstung der Elite der k.u.k. Armee. Diese seltenen, im Buch abgebildeten Objekte stammen vorwiegend aus den Best\u00e4nden des Heeresgeschichtlichen Museums Wien. Den \u00f6sterreichischen Sturmtruppabzeichen ist in diesem Buch ein umfangreiches Kapitel gewidmet, welches nicht nur ihre Entstehungsgeschichte aufzeigt, sondern mit \u00fcber 100 Originalen und Tr\u00e4gerfotos die bisher gr\u00f6\u00dfte, jemals publizierte Anzahl derartiger Abzeichen anschaulich dokumentiert.<\/p>\n","protected":false},"excerpt":{"rendered":"<p>Only available in German<\/p>\n","protected":false},"featured_media":1565,"template":"","meta":{"site-sidebar-layout":"default","site-content-layout":"default","ast-main-header-display":"","ast-hfb-above-header-display":"","ast-hfb-below-header-display":"","ast-hfb-mobile-header-display":"","site-post-title":"","ast-breadcrumbs-content":"","ast-featured-img":"","footer-sml-layout":"","theme-transparent-header-meta":"default","adv-header-id-meta":"","stick-header-meta":"default","header-above-stick-meta":"","header-main-stick-meta":"","header-below-stick-meta":""},"product_brand":[],"product_cat":[241,237,453],"product_tag":[],"test":[],"autoren":[175],"class_list":{"0":"post-12512","1":"product","2":"type-product","3":"status-publish","4":"has-post-thumbnail","6":"product_cat-uniformierung-ausruestung_en","7":"product_cat-bewaffnung-waffentechnik-militaertechnik_en","8":"product_cat-englisch-en","9":"autoren-dr-m-christian-ortner-en","10":"align-center","11":"box-shadow-1","12":"box-shadow-2-hover","13":"ast-product-gallery-layout-horizontal","14":"ast-product-tabs-layout-horizontal","16":"first","17":"instock","18":"taxable","19":"shipping-taxable","20":"purchasable","21":"product-type-simple"},"_links":{"self":[{"href":"https:\/\/shop.militaria.at\/en\/wp-json\/wp\/v2\/product\/12512","targetHints":{"allow":["GET"]}}],"collection":[{"href":"https:\/\/shop.militaria.at\/en\/wp-json\/wp\/v2\/product"}],"about":[{"href":"https:\/\/shop.militaria.at\/en\/wp-json\/wp\/v2\/types\/product"}],"wp:featuredmedia":[{"embeddable":true,"href":"https:\/\/shop.militaria.at\/en\/wp-json\/wp\/v2\/media\/1565"}],"wp:attachment":[{"href":"https:\/\/shop.militaria.at\/en\/wp-json\/wp\/v2\/media?parent=12512"}],"wp:term":[{"taxonomy":"product_brand","embeddable":true,"href":"https:\/\/shop.militaria.at\/en\/wp-json\/wp\/v2\/product_brand?post=12512"},{"taxonomy":"product_cat","embeddable":true,"href":"https:\/\/shop.militaria.at\/en\/wp-json\/wp\/v2\/product_cat?post=12512"},{"taxonomy":"product_tag","embeddable":true,"href":"https:\/\/shop.militaria.at\/en\/wp-json\/wp\/v2\/product_tag?post=12512"},{"taxonomy":"test","embeddable":true,"href":"https:\/\/shop.militaria.at\/en\/wp-json\/wp\/v2\/test?post=12512"},{"taxonomy":"autoren","embeddable":true,"href":"https:\/\/shop.militaria.at\/en\/wp-json\/wp\/v2\/autoren?post=12512"}],"curies":[{"name":"wp","href":"https:\/\/api.w.org\/{rel}","templated":true}]}}