{"id":12514,"date":"2000-01-12T09:16:15","date_gmt":"2000-01-12T08:16:15","guid":{"rendered":"https:\/\/shop.militaria.at\/product\/band-vi-infanterie-regimenter\/"},"modified":"2025-11-05T17:37:18","modified_gmt":"2025-11-05T16:37:18","slug":"band-vi-infanterie-regimenter","status":"publish","type":"product","link":"https:\/\/shop.militaria.at\/en\/product\/band-vi-infanterie-regimenter\/","title":{"rendered":"Infanterie, Band 1"},"content":{"rendered":"<p>Die Infanterie bildete die st\u00e4rkste Wa\u00acffengattung des deutschen Heeres. Zu den bei Kriegsausbruch bestehenden 218 aktiven Infanterie-Regimentern wurden im Verlauf des Krieges weitere 160 Regimenter aufgestellt. In ihrer Gliederung traten w\u00e4hrend des Krieges bedeutende Ver\u00e4nderungen ein, besonders durch die laufende Verst\u00e4rkung mit Maschinengewehren und Minenwerfern, die schlie\u00dflich in eigenen Kompanien organisiert wurden. Andererseits mussten die Regimenter h\u00e4ufig ganze Kompanien zur Aufstellung von Neuformationen abgeben. Der Band analysiert zun\u00e4chst die Verst\u00e4rkungen und organisatorischen \u00c4nderungen dieser Wa\u00acffengattung, auch im Hinblick auf die ge\u00e4nderten Etatst\u00e4rken. Sodann werden die Regimenter einzeln in ihrer Entwicklung vorgestellt. Dazu sind f\u00fcr jedes Regiment in \u00fcbersichtlicher Form alle wesentlichen Daten zu seiner Organisationsgeschichte dargelegt, besonders zur Aufstellung, Umgliederung und Aufl\u00f6sung, erg\u00e4nzt durch Angaben zu den Garnisons- oder Aufstellungsorten sowie dem Truppenteil, der jeweils den Ersatz stellte. Ein besonderer Schwerpunkt liegt auf der Unterstellung der Regimenter unter Brigaden und Divisionen. Anhand der h\u00e4ufig wechselnden Unterstellungen und Zuteilungen zu fremden Verb\u00e4nden l\u00e4sst sich der Einsatz der Truppen w\u00e4hrend des Krieges l\u00fcckenlos verfolgen. Angaben \u00fcber die Demobilmachung und Aufl\u00f6sung der Regimenter nach Kriegsende runden die Darstellung ab. Sie werden erg\u00e4nzt durch genaue Nachweise, welche Freiwilligen-Formationen jedes Regiment aufstellte und in welcher Form es 1919 in die neue Reichswehr Eingang fand.<\/p>\n<p>&nbsp;<\/p>\n<h2>\u00dcber das Gesamtwerk: Handbuch der Verb\u00e4nde und Truppen des deutschen Heeres 1914\u20131918<\/h2>\n<p>Mit dieser Reihe wird erstmals ein umfassender \u00dcberblick u\u0308ber alle Verb\u00e4nde und Truppen des deutschen Heeres im Ersten Weltkrieg vorgelegt. Obwohl das allgemeine Interesse an dieser Zeitepoche einen starken Aufschwung erfahren hat, mangelte es bislang an einem Nachschlagewerk, das zuverl\u00e4ssig u\u0308ber die Formationen des Heeres und seine Gliederungen Auskunft geben kann. Dieser Mangel soll durch das vorliegende Gesamtwerk behoben werden, das nicht nur alle jemals aufgestellten Kriegsformationen enth\u00e4lt, sondern auch die wechselnde Kriegsgliederung des Heeres nachzeichnet. Die Ausarbeitung beruht fast ausschlie\u00dflich auf bislang unbekannten zeitgen\u00f6ssischen Quellen, die der Autor durch jahrelange Forschungen in den einschl\u00e4gigen Archiven auswerten konnte. Mit Hilfe fachkundiger Mitarbeiter gelang es, die immensen Datenmengen zu verarbeiten und in eine u\u0308bersichtliche Form zu bringen. Durch den gewaltigen Umfang des Heeres und die gro\u00dfe Anzahl der verarbeiteten Einzeldaten ist das Gesamtwerk auf 20\u00a0B\u00e4nde veranschlagt, wobei die einzelnen B\u00e4nde jeweils nach dem Stand der Bearbeitung erscheinen.<\/p>\n","protected":false},"excerpt":{"rendered":"<p>Only available in German<\/p>\n","protected":false},"featured_media":9726,"template":"","meta":{"site-sidebar-layout":"default","site-content-layout":"default","ast-main-header-display":"","ast-hfb-above-header-display":"","ast-hfb-below-header-display":"","ast-hfb-mobile-header-display":"","site-post-title":"","ast-breadcrumbs-content":"","ast-featured-img":"","footer-sml-layout":"","theme-transparent-header-meta":"","adv-header-id-meta":"","stick-header-meta":"","header-above-stick-meta":"","header-main-stick-meta":"","header-below-stick-meta":""},"product_brand":[],"product_cat":[239,453],"product_tag":[],"test":[],"autoren":[181,173],"class_list":{"0":"post-12514","1":"product","2":"type-product","3":"status-publish","4":"has-post-thumbnail","6":"product_cat-nachschlagewerke-verzeichnisse-en","7":"product_cat-englisch-en","8":"autoren-gerhard-bauer-en","9":"autoren-dr-juergen-kraus-en","10":"align-center","11":"box-shadow-1","12":"box-shadow-2-hover","13":"ast-product-gallery-layout-horizontal","14":"ast-product-tabs-layout-horizontal","16":"first","17":"instock","18":"taxable","19":"shipping-taxable","20":"purchasable","21":"product-type-simple"},"_links":{"self":[{"href":"https:\/\/shop.militaria.at\/en\/wp-json\/wp\/v2\/product\/12514","targetHints":{"allow":["GET"]}}],"collection":[{"href":"https:\/\/shop.militaria.at\/en\/wp-json\/wp\/v2\/product"}],"about":[{"href":"https:\/\/shop.militaria.at\/en\/wp-json\/wp\/v2\/types\/product"}],"wp:featuredmedia":[{"embeddable":true,"href":"https:\/\/shop.militaria.at\/en\/wp-json\/wp\/v2\/media\/9726"}],"wp:attachment":[{"href":"https:\/\/shop.militaria.at\/en\/wp-json\/wp\/v2\/media?parent=12514"}],"wp:term":[{"taxonomy":"product_brand","embeddable":true,"href":"https:\/\/shop.militaria.at\/en\/wp-json\/wp\/v2\/product_brand?post=12514"},{"taxonomy":"product_cat","embeddable":true,"href":"https:\/\/shop.militaria.at\/en\/wp-json\/wp\/v2\/product_cat?post=12514"},{"taxonomy":"product_tag","embeddable":true,"href":"https:\/\/shop.militaria.at\/en\/wp-json\/wp\/v2\/product_tag?post=12514"},{"taxonomy":"test","embeddable":true,"href":"https:\/\/shop.militaria.at\/en\/wp-json\/wp\/v2\/test?post=12514"},{"taxonomy":"autoren","embeddable":true,"href":"https:\/\/shop.militaria.at\/en\/wp-json\/wp\/v2\/autoren?post=12514"}],"curies":[{"name":"wp","href":"https:\/\/api.w.org\/{rel}","templated":true}]}}