{"id":12516,"date":"2000-01-21T09:00:15","date_gmt":"2000-01-21T08:00:15","guid":{"rendered":"https:\/\/shop.militaria.at\/product\/die-feldgraue-uniformierung-des-deutschen-heeres-1907-1918-3\/"},"modified":"2000-01-21T09:00:15","modified_gmt":"2000-01-21T08:00:15","slug":"die-feldgraue-uniformierung-des-deutschen-heeres-1907-1918-3","status":"publish","type":"product","link":"https:\/\/shop.militaria.at\/en\/product\/die-feldgraue-uniformierung-des-deutschen-heeres-1907-1918-3\/","title":{"rendered":"Die feldgraue Uniformierung des deutschen Heeres 1907\u20131918 \u2013 3"},"content":{"rendered":"<p>Dem Aufbau des zweib\u00e4ndigen Textbandes \u201eDie feldgraue Uniformierung des deutschen Heeres 1907\u20131918\u201c folgend, illustriert dieser Bildband nahezu l\u00fcckenlos s\u00e4mtliche beschriebenen Bekleidungs- und Ausr\u00fcstungsst\u00fccke der feldgrauen Uniformierung und deren Trageweise anhand von mehr als 1.000 zeitgen\u00f6ssischen Fotografien. In jahrelanger Sammelt\u00e4tigkeit gelang es dem Autor, eine unglaubliche F\u00fclle eindringlicher Bilder zusammenzutragen, die einen repr\u00e4sentativen Querschnitt der gesamten Uniformierung ergeben. Diese bislang unver\u00f6ffentlichten Fotoaufnahmen der wohl umfangreichsten Privatsammlung zu diesem Thema bilden einen wertvollen Erg\u00e4nzungsband zu dem oben angef\u00fchrten Werk.<\/p>\n","protected":false},"excerpt":{"rendered":"<p>Band 3<\/p>\n","protected":false},"featured_media":1547,"template":"","meta":{"site-sidebar-layout":"default","site-content-layout":"default","ast-main-header-display":"","ast-hfb-above-header-display":"","ast-hfb-below-header-display":"","ast-hfb-mobile-header-display":"","site-post-title":"","ast-breadcrumbs-content":"","ast-featured-img":"","footer-sml-layout":"","theme-transparent-header-meta":"default","adv-header-id-meta":"","stick-header-meta":"default","header-above-stick-meta":"","header-main-stick-meta":"","header-below-stick-meta":""},"product_brand":[],"product_cat":[241,453],"product_tag":[],"test":[],"autoren":[226],"class_list":{"0":"post-12516","1":"product","2":"type-product","3":"status-publish","4":"has-post-thumbnail","6":"product_cat-uniformierung-ausruestung_en","7":"product_cat-englisch-en","8":"autoren-wolfgang-hanne-en","9":"align-center","10":"box-shadow-1","11":"box-shadow-2-hover","12":"ast-product-gallery-layout-horizontal","13":"ast-product-tabs-layout-horizontal","15":"first","16":"instock","17":"taxable","18":"shipping-taxable","19":"purchasable","20":"product-type-simple"},"_links":{"self":[{"href":"https:\/\/shop.militaria.at\/en\/wp-json\/wp\/v2\/product\/12516","targetHints":{"allow":["GET"]}}],"collection":[{"href":"https:\/\/shop.militaria.at\/en\/wp-json\/wp\/v2\/product"}],"about":[{"href":"https:\/\/shop.militaria.at\/en\/wp-json\/wp\/v2\/types\/product"}],"wp:featuredmedia":[{"embeddable":true,"href":"https:\/\/shop.militaria.at\/en\/wp-json\/wp\/v2\/media\/1547"}],"wp:attachment":[{"href":"https:\/\/shop.militaria.at\/en\/wp-json\/wp\/v2\/media?parent=12516"}],"wp:term":[{"taxonomy":"product_brand","embeddable":true,"href":"https:\/\/shop.militaria.at\/en\/wp-json\/wp\/v2\/product_brand?post=12516"},{"taxonomy":"product_cat","embeddable":true,"href":"https:\/\/shop.militaria.at\/en\/wp-json\/wp\/v2\/product_cat?post=12516"},{"taxonomy":"product_tag","embeddable":true,"href":"https:\/\/shop.militaria.at\/en\/wp-json\/wp\/v2\/product_tag?post=12516"},{"taxonomy":"test","embeddable":true,"href":"https:\/\/shop.militaria.at\/en\/wp-json\/wp\/v2\/test?post=12516"},{"taxonomy":"autoren","embeddable":true,"href":"https:\/\/shop.militaria.at\/en\/wp-json\/wp\/v2\/autoren?post=12516"}],"curies":[{"name":"wp","href":"https:\/\/api.w.org\/{rel}","templated":true}]}}