{"id":12517,"date":"2000-01-23T09:16:15","date_gmt":"2000-01-23T08:16:15","guid":{"rendered":"https:\/\/shop.militaria.at\/product\/1910-2010-st-johann-nepomuk-am-fasangarten\/"},"modified":"2025-09-22T12:51:33","modified_gmt":"2025-09-22T11:51:33","slug":"1910-2010-st-johann-nepomuk-am-fasangarten","status":"publish","type":"product","link":"https:\/\/shop.militaria.at\/en\/product\/1910-2010-st-johann-nepomuk-am-fasangarten\/","title":{"rendered":"1910\u20132010 St. Johann Nepomuk am Fasangarten"},"content":{"rendered":"<p>Hinter der scheinbar so einfachen Frage \u201eWas ist eine Kirche?\u201c verbirgt sich oft eine \u00e4u\u00dferst kontroverse Diskussion zwischen Theologen, Architekten und K\u00fcnstlern, was eine Kirche eigentlich zu einer Kirche macht. Ist es das Bauwerk als solches, das rechtfertigt, von einer Kirche zu sprechen? Ist es die Nutzung zu religi\u00f6sen Feiern? Josef Pieper, ein bekannter christlicher Philosoph des 20. Jahrhunderts, kommt zu dem Schluss, dass das Entscheidende die Weihe des Kirchenraums und die Weihe des Altars darstellt. Am 5. Mai 1910 wurde das Geb\u00e4ude, das heute die Milit\u00e4rpfarrkirche St. Johann Nepomuk ist, vom damaligen Feldbischof Dr. Coloman Belopotocky in Anwesenheit von Kaiser Franz Josef I. feierlich benediziert.<br \/>\nIn dieser Festschrift zum hundertj\u00e4hrigen Bestehen der Milit\u00e4rpfarre in Wien wird von verschiedenen Autoren der lange und ereignisreiche Weg vom alten Milit\u00e4rinvalidenhaus aus der Zeit von Kaiser Josef II. bis zur heutigen Milit\u00e4rpfarre nachgezeichnet, meist anhand von authentischen Fotos und Dokumenten. Auf architektonische Besonderheiten des Baus wird genauso Bezug genommen wie auf die Kunstwerke, die im gro\u00dfen Ehrensaal der Kirche zu sehen sind. Nach einer Beleuchtung der rechtlichen Strukturen der Milit\u00e4rseelsorge in \u00d6sterreich wird am Ende des Buchs schlie\u00dflich auf die spirituelle Bedeutung der Milit\u00e4r\u00acpfarre St. Johann Nepomuk eingegangen.<\/p>\n","protected":false},"excerpt":{"rendered":"<p>Vom Invalidenhaus zur Milit\u00e4rpfarre in Wien (only available in German)<\/p>\n","protected":false},"featured_media":4446,"template":"","meta":{"site-sidebar-layout":"default","site-content-layout":"default","ast-main-header-display":"","ast-hfb-above-header-display":"","ast-hfb-below-header-display":"","ast-hfb-mobile-header-display":"","site-post-title":"","ast-breadcrumbs-content":"","ast-featured-img":"","footer-sml-layout":"","theme-transparent-header-meta":"","adv-header-id-meta":"","stick-header-meta":"","header-above-stick-meta":"","header-main-stick-meta":"","header-below-stick-meta":""},"product_brand":[],"product_cat":[238,453],"product_tag":[],"test":[],"autoren":[227],"class_list":{"0":"post-12517","1":"product","2":"type-product","3":"status-publish","4":"has-post-thumbnail","6":"product_cat-militaergeschichte-tagebuecher-literatur-en","7":"product_cat-englisch-en","8":"autoren-verschiedene-en","9":"align-center","10":"box-shadow-1","11":"box-shadow-2-hover","12":"ast-product-gallery-layout-horizontal","13":"ast-product-tabs-layout-horizontal","15":"first","16":"instock","17":"taxable","18":"shipping-taxable","19":"purchasable","20":"product-type-simple"},"_links":{"self":[{"href":"https:\/\/shop.militaria.at\/en\/wp-json\/wp\/v2\/product\/12517","targetHints":{"allow":["GET"]}}],"collection":[{"href":"https:\/\/shop.militaria.at\/en\/wp-json\/wp\/v2\/product"}],"about":[{"href":"https:\/\/shop.militaria.at\/en\/wp-json\/wp\/v2\/types\/product"}],"wp:featuredmedia":[{"embeddable":true,"href":"https:\/\/shop.militaria.at\/en\/wp-json\/wp\/v2\/media\/4446"}],"wp:attachment":[{"href":"https:\/\/shop.militaria.at\/en\/wp-json\/wp\/v2\/media?parent=12517"}],"wp:term":[{"taxonomy":"product_brand","embeddable":true,"href":"https:\/\/shop.militaria.at\/en\/wp-json\/wp\/v2\/product_brand?post=12517"},{"taxonomy":"product_cat","embeddable":true,"href":"https:\/\/shop.militaria.at\/en\/wp-json\/wp\/v2\/product_cat?post=12517"},{"taxonomy":"product_tag","embeddable":true,"href":"https:\/\/shop.militaria.at\/en\/wp-json\/wp\/v2\/product_tag?post=12517"},{"taxonomy":"test","embeddable":true,"href":"https:\/\/shop.militaria.at\/en\/wp-json\/wp\/v2\/test?post=12517"},{"taxonomy":"autoren","embeddable":true,"href":"https:\/\/shop.militaria.at\/en\/wp-json\/wp\/v2\/autoren?post=12517"}],"curies":[{"name":"wp","href":"https:\/\/api.w.org\/{rel}","templated":true}]}}