{"id":12518,"date":"2000-01-24T09:16:44","date_gmt":"2000-01-24T08:16:44","guid":{"rendered":"https:\/\/shop.militaria.at\/product\/band-ix-feldartillerie-band-3-und-4-die-munitionskolonnen-der-feldartillerie\/"},"modified":"2025-10-28T14:00:22","modified_gmt":"2025-10-28T13:00:22","slug":"band-ix-feldartillerie-band-3-und-4-die-munitionskolonnen-der-feldartillerie","status":"publish","type":"product","link":"https:\/\/shop.militaria.at\/en\/product\/band-ix-feldartillerie-band-3-und-4-die-munitionskolonnen-der-feldartillerie\/","title":{"rendered":"Feldartillerie, Band 3+4"},"content":{"rendered":"<p>Bei Kriegsausbruch 1914 r\u00fcckten insgesamt 149 Infanterie- und 296 Artillerie-Munitionskolonnen aus, die von der Feldartillerie aufgestellt worden waren. Mit pferdebespannten Fahrzeugen sollten sie die Munition von den Verteilungsstellen an die Front transportieren. Daneben besa\u00df jede Feldartillerie-Abteilung eine leichte Munitionskolonne.<br \/>\nObwohl man schon vor dem Krieg mit einem hohen Munitionsverbrauch gerechnet hatte, \u00fcbertraf der gewaltige Munitionsverbrauch, den das zunehmende Artilleriefeuer erforderte, doch alle Erwartungen. So steigerte sich der Monatsbedarf f\u00fcr eine Feldkanone von 200.000 Schuss im Jahre 1914 auf 1\u20137 Millionen im Jahre 1918 und f\u00fcr eine leichte Feldhaubitze von 70.000 Schuss 1914 auf bis zu 3,8 Millionen Schuss 1918.<br \/>\nF\u00fcr den laufenden Nachschub dieser Munitionsmengen musste auch die Anzahl der Munitionskolonnen st\u00e4ndig vermehrt werden, die im Jahre 1918 auf etwa 1300 anstieg. Die urspr\u00fcngliche Trennung in Infanterie- und Artillerie-Munitionskolonnen wurde w\u00e4hrend des Krieges zugunsten einer Einheits-Munitionskolonne aufgehoben. Diese Umgliederungen, Umbenennungen und wechselnden Unterstellungen werden in den vorliegenden B\u00e4nden ausf\u00fchrlich behandelt. Ferner sind f\u00fcr jede einzelne Kolonne alle wesentlichen Daten zur Aufstellung, Unterstellung und Aufl\u00f6sung in \u00fcbersichtlicher Form dargestellt, sodass sich der Weg jeder Kolonne detailliert verfolgen l\u00e4sst.<\/p>\n<p>&nbsp;<\/p>\n<h2>\u00dcber das Gesamtwerk: Handbuch der Verb\u00e4nde und Truppen des deutschen Heeres 1914\u20131918<\/h2>\n<p>Mit dieser Reihe wird erstmals ein umfassender \u00dcberblick u\u0308ber alle Verb\u00e4nde und Truppen des deutschen Heeres im Ersten Weltkrieg vorgelegt. Obwohl das allgemeine Interesse an dieser Zeitepoche einen starken Aufschwung erfahren hat, mangelte es bislang an einem Nachschlagewerk, das zuverl\u00e4ssig u\u0308ber die Formationen des Heeres und seine Gliederungen Auskunft geben kann. Dieser Mangel soll durch das vorliegende Gesamtwerk behoben werden, das nicht nur alle jemals aufgestellten Kriegsformationen enth\u00e4lt, sondern auch die wechselnde Kriegsgliederung des Heeres nachzeichnet. Die Ausarbeitung beruht fast ausschlie\u00dflich auf bislang unbekannten zeitgen\u00f6ssischen Quellen, die der Autor durch jahrelange Forschungen in den einschl\u00e4gigen Archiven auswerten konnte. Mit Hilfe fachkundiger Mitarbeiter gelang es, die immensen Datenmengen zu verarbeiten und in eine u\u0308bersichtliche Form zu bringen. Durch den gewaltigen Umfang des Heeres und die gro\u00dfe Anzahl der verarbeiteten Einzeldaten ist das Gesamtwerk auf 20\u00a0B\u00e4nde veranschlagt, wobei die einzelnen B\u00e4nde jeweils nach dem Stand der Bearbeitung erscheinen.<\/p>\n","protected":false},"excerpt":{"rendered":"<p>Only available in German<\/p>\n","protected":false},"featured_media":1571,"template":"","meta":{"site-sidebar-layout":"default","site-content-layout":"default","ast-main-header-display":"","ast-hfb-above-header-display":"","ast-hfb-below-header-display":"","ast-hfb-mobile-header-display":"","site-post-title":"","ast-breadcrumbs-content":"","ast-featured-img":"","footer-sml-layout":"","theme-transparent-header-meta":"default","adv-header-id-meta":"","stick-header-meta":"default","header-above-stick-meta":"","header-main-stick-meta":"","header-below-stick-meta":""},"product_brand":[],"product_cat":[239,453],"product_tag":[],"test":[],"autoren":[183,173],"class_list":{"0":"post-12518","1":"product","2":"type-product","3":"status-publish","4":"has-post-thumbnail","6":"product_cat-nachschlagewerke-verzeichnisse-en","7":"product_cat-englisch-en","8":"autoren-hartwig-busche-en","9":"autoren-dr-juergen-kraus-en","10":"align-center","11":"box-shadow-1","12":"box-shadow-2-hover","13":"ast-product-gallery-layout-horizontal","14":"ast-product-tabs-layout-horizontal","16":"first","17":"instock","18":"taxable","19":"shipping-taxable","20":"purchasable","21":"product-type-simple"},"_links":{"self":[{"href":"https:\/\/shop.militaria.at\/en\/wp-json\/wp\/v2\/product\/12518","targetHints":{"allow":["GET"]}}],"collection":[{"href":"https:\/\/shop.militaria.at\/en\/wp-json\/wp\/v2\/product"}],"about":[{"href":"https:\/\/shop.militaria.at\/en\/wp-json\/wp\/v2\/types\/product"}],"wp:featuredmedia":[{"embeddable":true,"href":"https:\/\/shop.militaria.at\/en\/wp-json\/wp\/v2\/media\/1571"}],"wp:attachment":[{"href":"https:\/\/shop.militaria.at\/en\/wp-json\/wp\/v2\/media?parent=12518"}],"wp:term":[{"taxonomy":"product_brand","embeddable":true,"href":"https:\/\/shop.militaria.at\/en\/wp-json\/wp\/v2\/product_brand?post=12518"},{"taxonomy":"product_cat","embeddable":true,"href":"https:\/\/shop.militaria.at\/en\/wp-json\/wp\/v2\/product_cat?post=12518"},{"taxonomy":"product_tag","embeddable":true,"href":"https:\/\/shop.militaria.at\/en\/wp-json\/wp\/v2\/product_tag?post=12518"},{"taxonomy":"test","embeddable":true,"href":"https:\/\/shop.militaria.at\/en\/wp-json\/wp\/v2\/test?post=12518"},{"taxonomy":"autoren","embeddable":true,"href":"https:\/\/shop.militaria.at\/en\/wp-json\/wp\/v2\/autoren?post=12518"}],"curies":[{"name":"wp","href":"https:\/\/api.w.org\/{rel}","templated":true}]}}