{"id":12519,"date":"2000-01-25T09:16:15","date_gmt":"2000-01-25T08:16:15","guid":{"rendered":"https:\/\/shop.militaria.at\/product\/information-propaganda-kunst-information-propagande-art\/"},"modified":"2025-10-27T14:35:30","modified_gmt":"2025-10-27T13:35:30","slug":"information-propaganda-kunst-information-propagande-art","status":"publish","type":"product","link":"https:\/\/shop.militaria.at\/en\/product\/information-propaganda-kunst-information-propagande-art\/","title":{"rendered":"Information.Propaganda.Kunst. Information.Propagande.Art."},"content":{"rendered":"<p>Die mit dem Ersten Weltkrieg so blutig beginnende erste H\u00e4lfte des 20. Jahrhunderts bildete den Abschluss von 500 Jahren europ\u00e4ischer Machtpolitik. Noch nie zuvor waren derartige Menschenmassen aufgeboten worden. Noch nie zuvor erfasste ein Krieg die gesamte Wirtschaft und das gesamte zivile Leben. Neben den Zeitungen war das Plakat in jedem Land das einzige Massenmedium, um diese Vorg\u00e4nge zu steuern. Viele Plakate waren nicht blo\u00df als Informationstr\u00e4ger, sondern in erster Linie als Propagandainstrumente gedacht. Aber auch wenn sie haupts\u00e4chlich den Gesetzen der Werbepsychologie verpflichtet waren, waren es doch oft auch Kunstwerke. Dieser dreifache Inhalt, gleichzeitig Informationstr\u00e4ger, Propagandamaterial und Kunstwerk zu sein, macht die Plakate des Ersten Weltkrieges trotz ihres grauenhaften Anlasses so interessant. Besonders reizvoll ist dabei der Vergleich franz\u00f6sischer und \u00f6sterreichisch-ungarischer St\u00fccke. Die K\u00fcnstler beider Staaten verwendeten auch f\u00fcr ganz \u00e4hnliche Themen eine unterschiedliche Plakatsprache, um jedoch die gleichen Ziele zu erreichen. Ihre Werke waren vielleicht psychologisch nicht so ausgekl\u00fcgelt wie die Plakate Gro\u00dfbritanniens oder der USA, zu den k\u00fcnstlerisch wertvollsten z\u00e4hlen sie jedenfalls.<\/p>\n","protected":false},"excerpt":{"rendered":"<p>(bilingual: German\/French)<\/p>\n","protected":false},"featured_media":1670,"template":"","meta":{"site-sidebar-layout":"default","site-content-layout":"default","ast-main-header-display":"","ast-hfb-above-header-display":"","ast-hfb-below-header-display":"","ast-hfb-mobile-header-display":"","site-post-title":"","ast-breadcrumbs-content":"","ast-featured-img":"","footer-sml-layout":"","theme-transparent-header-meta":"default","adv-header-id-meta":"","stick-header-meta":"default","header-above-stick-meta":"","header-main-stick-meta":"","header-below-stick-meta":""},"product_brand":[],"product_cat":[238,453],"product_tag":[],"test":[],"autoren":[168],"class_list":{"0":"post-12519","1":"product","2":"type-product","3":"status-publish","4":"has-post-thumbnail","6":"product_cat-militaergeschichte-tagebuecher-literatur-en","7":"product_cat-englisch-en","8":"autoren-dr-erik-eybl-en","9":"align-center","10":"box-shadow-1","11":"box-shadow-2-hover","12":"ast-product-gallery-layout-horizontal","13":"ast-product-tabs-layout-horizontal","15":"first","16":"instock","17":"taxable","18":"shipping-taxable","19":"purchasable","20":"product-type-simple"},"_links":{"self":[{"href":"https:\/\/shop.militaria.at\/en\/wp-json\/wp\/v2\/product\/12519","targetHints":{"allow":["GET"]}}],"collection":[{"href":"https:\/\/shop.militaria.at\/en\/wp-json\/wp\/v2\/product"}],"about":[{"href":"https:\/\/shop.militaria.at\/en\/wp-json\/wp\/v2\/types\/product"}],"wp:featuredmedia":[{"embeddable":true,"href":"https:\/\/shop.militaria.at\/en\/wp-json\/wp\/v2\/media\/1670"}],"wp:attachment":[{"href":"https:\/\/shop.militaria.at\/en\/wp-json\/wp\/v2\/media?parent=12519"}],"wp:term":[{"taxonomy":"product_brand","embeddable":true,"href":"https:\/\/shop.militaria.at\/en\/wp-json\/wp\/v2\/product_brand?post=12519"},{"taxonomy":"product_cat","embeddable":true,"href":"https:\/\/shop.militaria.at\/en\/wp-json\/wp\/v2\/product_cat?post=12519"},{"taxonomy":"product_tag","embeddable":true,"href":"https:\/\/shop.militaria.at\/en\/wp-json\/wp\/v2\/product_tag?post=12519"},{"taxonomy":"test","embeddable":true,"href":"https:\/\/shop.militaria.at\/en\/wp-json\/wp\/v2\/test?post=12519"},{"taxonomy":"autoren","embeddable":true,"href":"https:\/\/shop.militaria.at\/en\/wp-json\/wp\/v2\/autoren?post=12519"}],"curies":[{"name":"wp","href":"https:\/\/api.w.org\/{rel}","templated":true}]}}