{"id":12520,"date":"2000-01-27T09:17:02","date_gmt":"2000-01-27T08:17:02","guid":{"rendered":"https:\/\/shop.militaria.at\/product\/adjustierungsvorschriften-fur-die-k-u-k-kriegsmarine-1873-1891-1910-12\/"},"modified":"2025-10-27T14:33:45","modified_gmt":"2025-10-27T13:33:45","slug":"adjustierungsvorschriften-fur-die-k-u-k-kriegsmarine-1873-1891-1910-12","status":"publish","type":"product","link":"https:\/\/shop.militaria.at\/en\/product\/adjustierungsvorschriften-fur-die-k-u-k-kriegsmarine-1873-1891-1910-12\/","title":{"rendered":"Adjustierungsvorschriften f\u00fcr die k. u. k. Kriegsmarine 1873\u20131891\u20131910\/12"},"content":{"rendered":"<p>\u00d6sterreich-Ungarn war bis zum Ersten Weltkrieg eine der f\u00fchrenden europ\u00e4ischen M\u00e4chte und verf\u00fcgte dementsprechend auch \u00fcber eine Kriegsmarine. So wie f\u00fcr das Landheer gab es f\u00fcr die k. u. k. Kriegsmarine eine detaillierte Adjustierungsvorschrift, in der die Uniformen und Ausr\u00fcstungsst\u00fccke genau festgelegt wurden \u2013 vom Admiral bis zum einfachen Matrosen und vom Marine-Geistlichen (r\u00f6misch-katholisch, griechisch-orientalisch, evangelisch und j\u00fcdisch) bis zum Marine-Diener im Forst-Schutz-Dienst. Kappe und Tropenhelm, Flottenrock und Pantalons, aber auch Unterw\u00e4sche sowie Handschuhe und Seitenwaffen waren in diesen Vorschriften genau beschrieben und abgebildet. Dar\u00fcber hinaus wurden auch Haarschnitt und Barttracht geregelt.<br \/>\nDer vorliegende Band vereinigt die drei Vorschriften von 1873, 1891 und 1910\/12. Im Unterschied zu fr\u00fcheren Adjustierungsvorschriften, die sich vorwiegend mit den Offiziersuniformen besch\u00e4ftigten, wurden hier auch die Uniformen der Mannschaften genau beschrieben. In der Vorschrift von 1910\/12 sind die einzelnen \u201eUniformsorten\u201c, wie dies im Amtsdeutsch hie\u00df, sogar fotografisch abgebildet. Damit stellen diese Vorschriften eine wichtige Quelle f\u00fcr Sammler, Modellbauer, Requisiteure oder sonst an Milit\u00e4r- und Marinegeschichte Interessierte dar, beschreiben sie doch genau das Erscheinungsbild der \u00f6sterreichisch-ungarischen Kriegsmarine vom ausgehenden 19. Jahrhundert bis zum Ersten Weltkrieg \u2013 in einer Zeit, die neben den Missionsreisen in \u00dcbersee auch die Teilnahme an den internationalen Eins\u00e4tzen in Kreta (1897\/98), China (1900\/01) und Albanien (1913\/14) umfasste und schlie\u00dflich nat\u00fcrlich jene Auseinandersetzung, die zu \u00d6sterreich-Ungarns letztem Krieg werden sollte.<br \/>\nDementsprechend wertvoll sind die Originale dieser Adjustierungsvorschriften \u2013 und dementsprechend schwierig (und teuer) war es schon seit Langem, gut und vollst\u00e4ndig erhaltene Exemplare aufzutreiben. Daher war es nur logisch, dass sich der Verlag Militaria entschloss, nach der Adjustierungsvorschrift des k. u. k. Heeres von 1910\/11 auch die entsprechenden Vorschriften der k. u. k. Kriegsmarine einem breiteren Publikum leichter zug\u00e4nglich zu machen. Damit haben Interessierte die M\u00f6glichkeit, die originale Vorschrift in guter Druckqualit\u00e4t zu lesen, ohne dabei Gefahr zu laufen, ein wertvolles Originalexemplar durch dauernde Verwendung nachhaltig zu besch\u00e4digen.<br \/>\nDie hier als Faksimile in sorgf\u00e4ltiger grafischer Bearbeitung pr\u00e4sentierten Vorschriften vermitteln dem Leser und Ben\u00fctzer ein genaues, authentisches Bild der k. u. k. Kriegsmarine in der Regierungszeit des Kaisers und K\u00f6nigs Franz Joseph. \u00dcber das optische Erscheinungsbild hinaus transportieren sie auch ein wenig die Atmosph\u00e4re jener Epoche.<\/p>\n","protected":false},"excerpt":{"rendered":"<p>Only available in German<\/p>\n","protected":false},"featured_media":1509,"template":"","meta":{"site-sidebar-layout":"default","site-content-layout":"default","ast-main-header-display":"","ast-hfb-above-header-display":"","ast-hfb-below-header-display":"","ast-hfb-mobile-header-display":"","site-post-title":"","ast-breadcrumbs-content":"","ast-featured-img":"","footer-sml-layout":"","theme-transparent-header-meta":"default","adv-header-id-meta":"","stick-header-meta":"default","header-above-stick-meta":"","header-main-stick-meta":"","header-below-stick-meta":""},"product_brand":[],"product_cat":[241,453],"product_tag":[],"test":[],"autoren":[227],"class_list":{"0":"post-12520","1":"product","2":"type-product","3":"status-publish","4":"has-post-thumbnail","6":"product_cat-uniformierung-ausruestung_en","7":"product_cat-englisch-en","8":"autoren-verschiedene-en","9":"align-center","10":"box-shadow-1","11":"box-shadow-2-hover","12":"ast-product-gallery-layout-horizontal","13":"ast-product-tabs-layout-horizontal","15":"first","16":"instock","17":"taxable","18":"shipping-taxable","19":"purchasable","20":"product-type-simple"},"_links":{"self":[{"href":"https:\/\/shop.militaria.at\/en\/wp-json\/wp\/v2\/product\/12520","targetHints":{"allow":["GET"]}}],"collection":[{"href":"https:\/\/shop.militaria.at\/en\/wp-json\/wp\/v2\/product"}],"about":[{"href":"https:\/\/shop.militaria.at\/en\/wp-json\/wp\/v2\/types\/product"}],"wp:featuredmedia":[{"embeddable":true,"href":"https:\/\/shop.militaria.at\/en\/wp-json\/wp\/v2\/media\/1509"}],"wp:attachment":[{"href":"https:\/\/shop.militaria.at\/en\/wp-json\/wp\/v2\/media?parent=12520"}],"wp:term":[{"taxonomy":"product_brand","embeddable":true,"href":"https:\/\/shop.militaria.at\/en\/wp-json\/wp\/v2\/product_brand?post=12520"},{"taxonomy":"product_cat","embeddable":true,"href":"https:\/\/shop.militaria.at\/en\/wp-json\/wp\/v2\/product_cat?post=12520"},{"taxonomy":"product_tag","embeddable":true,"href":"https:\/\/shop.militaria.at\/en\/wp-json\/wp\/v2\/product_tag?post=12520"},{"taxonomy":"test","embeddable":true,"href":"https:\/\/shop.militaria.at\/en\/wp-json\/wp\/v2\/test?post=12520"},{"taxonomy":"autoren","embeddable":true,"href":"https:\/\/shop.militaria.at\/en\/wp-json\/wp\/v2\/autoren?post=12520"}],"curies":[{"name":"wp","href":"https:\/\/api.w.org\/{rel}","templated":true}]}}