{"id":12522,"date":"2000-01-28T09:16:53","date_gmt":"2000-01-28T08:16:53","guid":{"rendered":"https:\/\/shop.militaria.at\/product\/die-deutschen-marinen-1818-1918\/"},"modified":"2025-10-27T14:33:10","modified_gmt":"2025-10-27T13:33:10","slug":"die-deutschen-marinen-1818-1918","status":"publish","type":"product","link":"https:\/\/shop.militaria.at\/en\/product\/die-deutschen-marinen-1818-1918\/","title":{"rendered":"Die deutschen Marinen 1818\u20131918"},"content":{"rendered":"<p>Nach nahezu zehnj\u00e4hriger Forschungst\u00e4tigkeit legen die Autoren in einem zweib\u00e4ndigen Werk mit 1.336 Seiten, davon 304 farbige Bildtafeln, ein Standardwerk \u00fcber die Uniformierung, Bewaffnung und Ausr\u00fcstung der deutschen Marinen von 1818 bis 1918 vor. Als Hintergrund werden sowohl die Organisation als auch die Personal-, Laufbahn- und Dienstgradstrukturen der Personen des Soldatenstandes sowie der Milit\u00e4r- und Zivilbeamten ausf\u00fchrlich dargestellt. Detaillierte Informationen etwa zu Eins\u00e4tzen der Marineinfanterie in den Tropen oder des Marinekorps an der Landfront in Flandern erg\u00e4nzen das umfassende Bild, das von der K\u00f6niglich Preu\u00dfischen Kriegsmarine bis zum Ende der Kaiserlich Deutschen Marine nach dem Ende des Ersten Weltkriegs reicht. Ein umfangreicher Bildteil am Ende eines jeden Bandes liefert anschauliche Grafiken von zahlreichen Bekleidungsst\u00fccken und Ausr\u00fcstungsgegenst\u00e4nden.<\/p>\n<p>Band 1:<br \/>\nDer erste Band beschreibt zun\u00e4chst alle preu\u00dfischen \u201eMarineuniformen\u201c von 1818 bis 1848, dem Gr\u00fcndungsjahr der K\u00f6niglich Preu\u00dfischen Marine, und daran anschlie\u00dfend die der Marinen des Deutschen Bundes bzw. der Reichsmarine. Die Uniformierung, Bewaffnung und Ausr\u00fcstung wird jeweils im Kontext des historischen und organisatorischen Hintergrunds dargestellt.<br \/>\nIn der Folge wird die Organisation, Personal- und Dienstgradstruktur, Uniformierung, Bewaffnung und Ausr\u00fcstung der K\u00f6niglich Preu\u00dfischen Marine einschlie\u00dflich der Bundes-Kriegsmarine des Norddeutschen Bundes und der Kaiserlich Deutschen Marine unter Kaiser Wilhelm I. und Kaiser Friedrich III. im Zeitraum 1848 bis 1888 umfassend behandelt. Auf seem\u00e4nnisches Personal, Marinetruppen und Marine-Beamte sowie auf die einzelnen Dienstgrade und Laufbahnen wird detailliert eingegangen.<br \/>\nAuf eine ausf\u00fchrliche Darstellung von bestimmten Objekten wie M\u00fctzenb\u00e4ndern, Blank- und Schusswaffen wurde dort verzichtet, wo bereits umfangreiche Fachliteratur ausreichend vorhanden ist. Wo spezielle Erg\u00e4nzungen und Korrekturen erforderlich waren, wurden sie jedoch in die entsprechenden Kapitel eingearbeitet.<br \/>\nIm Laufe der Zeit \u00e4nderten sich die Dienstgrade, die Bezeichnungen und \u2013 oft auch parallel \u2013 die Schreibweise in den Erlassen und Vorschriften. Das Gleiche gilt auch f\u00fcr die Dienststellen und Marineteile. Bei den Dienstgraden entsprechen selbst die zuletzt (1918) verwendeten vielfach nicht unseren heutigen. Um dem Leser ein besseres Verst\u00e4ndnis zu erm\u00f6glichen, wurden alte Dienstgradbezeichnungen und Namen von Dienststellen innerhalb eines Kapitels so weit wie m\u00f6glich vereinheitlicht.<br \/>\nDie Abbildungen zu den Bekleidungs- und Ausr\u00fcstungsst\u00fccken sind in einem eigenen Bildteil mit zahlreichen farbigen Grafiken am Ende des Bandes zusammengefasst.<\/p>\n<p>Band 2:<br \/>\nDer zweite Band beschreibt zun\u00e4chst die umfangreichen \u00c4nderungen w\u00e4hrend der Regierungszeit Kaiser Wilhelms II. bis zu dessen Abdankung im November 1918, die sich nicht nur aus dem umfangreichen Modernisierungsprogramm der deutschen Flotte ergaben. Der Bogen spannt sich von den Besonderheiten der Uniformierung, Ausr\u00fcstung und Bewaffnung der Schiffsbesatzungen unter Einbeziehung des Anzuges bis hin zur Ausr\u00fcstung f\u00fcr Landungsoperationen sowie jener f\u00fcr die Marineinfanterie bei ihren Eins\u00e4tzen in den Tropen und Subtropen. Dies betrifft sowohl die Khaki- und Braundrelluniform der Besatzung von Kiautschou als auch die Bekleidung der Marine-Expeditionskorps in Kamerun, Deutsch-S\u00fcdwestafrika, Deutsch-Ostafrika und in China sowie des Marineinfanterie-Detachements Skutari.<br \/>\nDie Situation der Marinetruppen an der Landfront in Flandern wird ebenfalls eingehend dargestellt. Obwohl nicht f\u00fcr den Mobilmachungsfall vorgesehen, stellte die Kaiserliche Marine Truppen, die im Erdkampf in vorderster Linie der Landfront und an der K\u00fcstenfront eingesetzt wurden. Ausgehend von der Organisation des Marinekorps mit seiner Vielfalt an Kampfformationen ein\u00acschlie\u00dflich der fliegenden und schwimmenden Verb\u00e4nde sowie der Werften und St\u00fctz\u00acpunkte werden f\u00fcr die Einheiten an der Landfront Uniformierung, Bewaffnung und Ausr\u00fcstung dargestellt. Aufgrund anf\u00e4nglicher Improvisationen ergab sich zun\u00e4chst in allen Bereichen ein buntes Bild, bis ein nahezu einheitliches Erscheinungsbild \u2013 bei aller Materialknappheit \u2013 in Feldgrau hergestellt werden konnte.<br \/>\nNach dem Ende des Ersten Weltkrieges blieb bis zum 1. August 1919 das Erschei\u00acnungs\u00acbild der Kaiserlichen Marine bestehen, danach verschwanden allm\u00e4hlich die Emble\u00acme der Kaiserzeit.<br \/>\nMit einem umfangreichen Anlagenteil zur Dienstgradstruktur und zu den -bezeichnungen der jeweiligen Laufbahnen einschlie\u00dflich der Milit\u00e4r- und Zivilbeamten, einem um\u00acfassen\u00acden Quellen- und Literaturverzeichnis sowie dem gesonderten, ausf\u00fchrlichen Farb-Bildteil schlie\u00dft der zweite Band ab.<\/p>\n","protected":false},"excerpt":{"rendered":"<p>Only available in German<\/p>\n","protected":false},"featured_media":1587,"template":"","meta":{"site-sidebar-layout":"default","site-content-layout":"default","ast-main-header-display":"","ast-hfb-above-header-display":"","ast-hfb-below-header-display":"","ast-hfb-mobile-header-display":"","site-post-title":"","ast-breadcrumbs-content":"","ast-featured-img":"","footer-sml-layout":"","theme-transparent-header-meta":"default","adv-header-id-meta":"","stick-header-meta":"default","header-above-stick-meta":"","header-main-stick-meta":"","header-below-stick-meta":""},"product_brand":[],"product_cat":[241,453],"product_tag":[],"test":[],"autoren":[162,212],"class_list":{"0":"post-12522","1":"product","2":"type-product","3":"status-publish","4":"has-post-thumbnail","6":"product_cat-uniformierung-ausruestung_en","7":"product_cat-englisch-en","8":"autoren-claus-p-stefanski-en","9":"autoren-rolf-noeske-en","10":"align-center","11":"box-shadow-1","12":"box-shadow-2-hover","13":"ast-product-gallery-layout-horizontal","14":"ast-product-tabs-layout-horizontal","16":"first","17":"instock","18":"taxable","19":"shipping-taxable","20":"purchasable","21":"product-type-simple"},"_links":{"self":[{"href":"https:\/\/shop.militaria.at\/en\/wp-json\/wp\/v2\/product\/12522","targetHints":{"allow":["GET"]}}],"collection":[{"href":"https:\/\/shop.militaria.at\/en\/wp-json\/wp\/v2\/product"}],"about":[{"href":"https:\/\/shop.militaria.at\/en\/wp-json\/wp\/v2\/types\/product"}],"wp:featuredmedia":[{"embeddable":true,"href":"https:\/\/shop.militaria.at\/en\/wp-json\/wp\/v2\/media\/1587"}],"wp:attachment":[{"href":"https:\/\/shop.militaria.at\/en\/wp-json\/wp\/v2\/media?parent=12522"}],"wp:term":[{"taxonomy":"product_brand","embeddable":true,"href":"https:\/\/shop.militaria.at\/en\/wp-json\/wp\/v2\/product_brand?post=12522"},{"taxonomy":"product_cat","embeddable":true,"href":"https:\/\/shop.militaria.at\/en\/wp-json\/wp\/v2\/product_cat?post=12522"},{"taxonomy":"product_tag","embeddable":true,"href":"https:\/\/shop.militaria.at\/en\/wp-json\/wp\/v2\/product_tag?post=12522"},{"taxonomy":"test","embeddable":true,"href":"https:\/\/shop.militaria.at\/en\/wp-json\/wp\/v2\/test?post=12522"},{"taxonomy":"autoren","embeddable":true,"href":"https:\/\/shop.militaria.at\/en\/wp-json\/wp\/v2\/autoren?post=12522"}],"curies":[{"name":"wp","href":"https:\/\/api.w.org\/{rel}","templated":true}]}}