{"id":12524,"date":"2000-02-02T09:16:35","date_gmt":"2000-02-02T08:16:35","guid":{"rendered":"https:\/\/shop.militaria.at\/product\/teil-vi-infanterie-band-2\/"},"modified":"2025-10-28T13:59:59","modified_gmt":"2025-10-28T12:59:59","slug":"teil-vi-infanterie-band-2","status":"publish","type":"product","link":"https:\/\/shop.militaria.at\/en\/product\/teil-vi-infanterie-band-2\/","title":{"rendered":"Infanterie, Band 2"},"content":{"rendered":"<p>Bei Kriegsbeginn wurde die Infanterie durch die Aufstellung von Reserve- und Landwehr-Infanterie-Regimentern erheblich verst\u00e4rkt. Hierbei handelte es sich um reine Kriegsformationen, die im Frieden nicht bestanden hatten. W\u00e4hrend zu den Reservetruppen die j\u00fcngeren Reservisten eingezogen wurden, setzten sich die Landwehr-Regimenter \u00fcberwiegend aus \u00e4lteren Angeh\u00f6rigen der Landwehr I. und II. Aufgebots zusammen. Zun\u00e4chst entstanden bei der Mobilmachung 113 Reserve-Infanterie-Regimenter, zu denen noch im Herbst 1914 \u00fcber 80 weitere hinzukamen, sodass schlie\u00dflich 197 Reserve-Infanterie-Regimenter bestanden. Dagegen wurden die 96 planm\u00e4\u00dfig bei Kriegsbeginn aufgestellten Landwehr-Infanterie-Regimenter nur auf 123 vermehrt. Au\u00dferdem behandelt der Band \u00fcber 200 mit Namen bezeichnete Infanterie-Regimenter, die vor\u00fcbergehend aus verschiedenen Truppen zusammengesetzt waren und nur kurze Zeit bestanden. Dieser Band analysiert die Entstehung und Struktur der Reserve- und Landwehr-Regimenter, insbesondere ihre Einbettung in die territoriale Gliederung des Reichsheeres. Sodann werden die Regimenter einzeln in ihrer Entwicklung vorgestellt. Dazu sind in \u00fcbersichtlicher Form alle wesentlichen Daten zu ihrer Organisation ausgebreitet, besonders zur Aufstellung, Umgliederung und Aufl\u00f6sung, erg\u00e4nzt durch Angaben zu den Truppenteilen, welche den Ersatz stellten. Ein besonderer Schwerpunkt liegt auf der Unterstellung der Regimenter unter Brigaden und Divisionen. Anhand der h\u00e4ufig wechselnden Unterstellungen und Zuteilungen zu fremden Verb\u00e4nden l\u00e4sst sich der Weg der Truppen w\u00e4hrend des Kriegs l\u00fcckenlos verfolgen. Angaben \u00fcber die Demobilmachung und Aufl\u00f6sung und genaue Nachweise, welche Regimenter Freiwilligen-Formationen aufstellten und 1919 in die neue Reichswehr Eingang fanden, runden die Darstellung ab.<\/p>\n<p>&nbsp;<\/p>\n<h2>\u00dcber das Gesamtwerk: Handbuch der Verb\u00e4nde und Truppen des deutschen Heeres 1914\u20131918<\/h2>\n<p>Mit dieser Reihe wird erstmals ein umfassender \u00dcberblick u\u0308ber alle Verb\u00e4nde und Truppen des deutschen Heeres im Ersten Weltkrieg vorgelegt. Obwohl das allgemeine Interesse an dieser Zeitepoche einen starken Aufschwung erfahren hat, mangelte es bislang an einem Nachschlagewerk, das zuverl\u00e4ssig u\u0308ber die Formationen des Heeres und seine Gliederungen Auskunft geben kann. Dieser Mangel soll durch das vorliegende Gesamtwerk behoben werden, das nicht nur alle jemals aufgestellten Kriegsformationen enth\u00e4lt, sondern auch die wechselnde Kriegsgliederung des Heeres nachzeichnet. Die Ausarbeitung beruht fast ausschlie\u00dflich auf bislang unbekannten zeitgen\u00f6ssischen Quellen, die der Autor durch jahrelange Forschungen in den einschl\u00e4gigen Archiven auswerten konnte. Mit Hilfe fachkundiger Mitarbeiter gelang es, die immensen Datenmengen zu verarbeiten und in eine u\u0308bersichtliche Form zu bringen. Durch den gewaltigen Umfang des Heeres und die gro\u00dfe Anzahl der verarbeiteten Einzeldaten ist das Gesamtwerk auf 20\u00a0B\u00e4nde veranschlagt, wobei die einzelnen B\u00e4nde jeweils nach dem Stand der Bearbeitung erscheinen.<\/p>\n","protected":false},"excerpt":{"rendered":"<p>Only available in German<\/p>\n","protected":false},"featured_media":8868,"template":"","meta":{"site-sidebar-layout":"default","site-content-layout":"default","ast-main-header-display":"","ast-hfb-above-header-display":"","ast-hfb-below-header-display":"","ast-hfb-mobile-header-display":"","site-post-title":"","ast-breadcrumbs-content":"","ast-featured-img":"","footer-sml-layout":"","theme-transparent-header-meta":"","adv-header-id-meta":"","stick-header-meta":"","header-above-stick-meta":"","header-main-stick-meta":"","header-below-stick-meta":""},"product_brand":[],"product_cat":[239,453],"product_tag":[],"test":[],"autoren":[181,173],"class_list":{"0":"post-12524","1":"product","2":"type-product","3":"status-publish","4":"has-post-thumbnail","6":"product_cat-nachschlagewerke-verzeichnisse-en","7":"product_cat-englisch-en","8":"autoren-gerhard-bauer-en","9":"autoren-dr-juergen-kraus-en","10":"align-center","11":"box-shadow-1","12":"box-shadow-2-hover","13":"ast-product-gallery-layout-horizontal","14":"ast-product-tabs-layout-horizontal","16":"first","17":"instock","18":"taxable","19":"shipping-taxable","20":"purchasable","21":"product-type-simple"},"_links":{"self":[{"href":"https:\/\/shop.militaria.at\/en\/wp-json\/wp\/v2\/product\/12524","targetHints":{"allow":["GET"]}}],"collection":[{"href":"https:\/\/shop.militaria.at\/en\/wp-json\/wp\/v2\/product"}],"about":[{"href":"https:\/\/shop.militaria.at\/en\/wp-json\/wp\/v2\/types\/product"}],"wp:featuredmedia":[{"embeddable":true,"href":"https:\/\/shop.militaria.at\/en\/wp-json\/wp\/v2\/media\/8868"}],"wp:attachment":[{"href":"https:\/\/shop.militaria.at\/en\/wp-json\/wp\/v2\/media?parent=12524"}],"wp:term":[{"taxonomy":"product_brand","embeddable":true,"href":"https:\/\/shop.militaria.at\/en\/wp-json\/wp\/v2\/product_brand?post=12524"},{"taxonomy":"product_cat","embeddable":true,"href":"https:\/\/shop.militaria.at\/en\/wp-json\/wp\/v2\/product_cat?post=12524"},{"taxonomy":"product_tag","embeddable":true,"href":"https:\/\/shop.militaria.at\/en\/wp-json\/wp\/v2\/product_tag?post=12524"},{"taxonomy":"test","embeddable":true,"href":"https:\/\/shop.militaria.at\/en\/wp-json\/wp\/v2\/test?post=12524"},{"taxonomy":"autoren","embeddable":true,"href":"https:\/\/shop.militaria.at\/en\/wp-json\/wp\/v2\/autoren?post=12524"}],"curies":[{"name":"wp","href":"https:\/\/api.w.org\/{rel}","templated":true}]}}