{"id":12525,"date":"2000-02-03T09:16:53","date_gmt":"2000-02-03T08:16:53","guid":{"rendered":"https:\/\/shop.militaria.at\/product\/adjustierungsvorschriften-fur-die-k-u-k-garden\/"},"modified":"2000-02-03T09:16:53","modified_gmt":"2000-02-03T08:16:53","slug":"adjustierungsvorschriften-fur-die-k-u-k-garden","status":"publish","type":"product","link":"https:\/\/shop.militaria.at\/en\/product\/adjustierungsvorschriften-fur-die-k-u-k-garden\/","title":{"rendered":"Adjustierungsvorschriften f\u00fcr die k. u. k. Garden"},"content":{"rendered":"<p>Habsburgs Glanz und Glorie \u2013 Prunk und Pracht einer vergangenen Epoche, diese Begriffe m\u00f6gen einem in den Sinn kommen, wenn von den kaiserlichen und k\u00f6niglichen Garden am Hofe Kaiser Franz Josephs die Rede ist. Im Gegensatz zu anderen Staaten hatte das Heer der Donaumonarchie keine Garde-Regimenter im Sinne von Eliteformationen, wohl aber verf\u00fcgte der k. u. k. Hof in Wien \u00fcber mehrere Garden, die dem Schutz des Monarchen, vor allem aber der kaiserlichen Prachtentfaltung dienten.<br \/>\n\u2022 Die k.u.k. Erste Arci\u00e8ren-Leibgarde (ital. \u201earciere\u201c = Bogensch\u00fctze) war die vornehmste Truppe; sie bestand aus verdienten Offizieren vom Rang eines Hauptmanns aufw\u00e4rts und umfasste (1913) 38 Angeh\u00f6rige. Garde-Kapit\u00e4n war der fr\u00fchere Generalstabschef Friedrich Graf von Beck-Rzikowsky.<br \/>\n\u2022 Die k\u00f6niglich-ungarische Leibgarde war der Arci\u00e8ren-Leibgarde im Rang gleichgestellt und bestand zuletzt ebenfalls aus rund 40 Offizieren.<br \/>\n\u2022 Die Trabanten-Leibgarde war eine etwa kompaniestarke Gardetruppe, die aus verdienten Offizieren und Unteroffizieren bestand, die den Wachdienst bei Hof \u00fcbernahmen.<br \/>\n\u2022 1904 wurde au\u00dferdem eine eigene k\u00f6niglich-ungarische Trabanten-Leibgarde aufgestellt.<br \/>\n\u2022 Ebenfalls aus verdienten Offizieren und Unteroffizieren bestand die Leibgarde-Reitereskadron in St\u00e4rke von rund 150 Offizieren und Mannschaften.<br \/>\n\u2022 Die Leibgarde-Infanteriekompanie bestand aus rund 300 Offizieren und Unteroffizieren, die \u2013 von ihrem Stammtruppenteil abgestellt \u2013 f\u00fcr \u201eSicherheit, Ordnung und Sittlichkeit\u201c in der Wiener Hofburg sowie in den Sommerresidenzen in Sch\u00f6nbrunn und Laxenburg zu sorgen hatten.<br \/>\nF\u00fcr jede dieser sechs Formationen gab es naturgem\u00e4\u00df eine ausf\u00fchrliche Adjustierungsvorschrift, die jedes Detail der oft prachtvollen Uniformen \u2013 bis hin zum legend\u00e4ren Pantherfell der k\u00f6niglich-ungarischen Leibgarde \u2013 genau regelte. Zu den genauen Beschreibungen enthielten diese Vorschriften, die heute zu gesuchten Rarit\u00e4ten auf dem Antiquit\u00e4tenmarkt z\u00e4hlen, auch Fotoaufnahmen der einzelnen Uniform- und Ausr\u00fcstungs-Sorten.<br \/>\nIn dem vorliegenden Band werden die Adjustierungsvorschriften dieser sechs Garde-Formationen aus den Jahren 1904 bis 1912 erstmals im Faksimile vereinigt. Damit haben Sammler, Kost\u00fcmbildner, Modellbauer und \u00fcberhaupt historisch interessierte Leser die M\u00f6glichkeit, sich genau \u00fcber die Adjustierung dieser glanzvollen Paradeformationen zu informieren.<\/p>\n","protected":false},"excerpt":{"rendered":"<p>Habsburgs Glanz und Glorie \u2013 Prunk und Pracht einer vergangenen Epoche, diese Begriffe m\u00f6gen einem in den Sinn kommen, wenn von den kaiserlichen und k\u00f6niglichen Garden am Hofe Kaiser Franz Josephs die Rede ist. Im Gegensatz zu anderen Staaten hatte das Heer der Donaumonarchie keine Garde-Regimenter im Sinne von Eliteformationen, wohl aber verf\u00fcgte der k. &hellip;<\/p>\n<p class=\"read-more\"> <a class=\"\" href=\"https:\/\/shop.militaria.at\/en\/product\/adjustierungsvorschriften-fur-die-k-u-k-garden\/\"> <span class=\"screen-reader-text\">Adjustierungsvorschriften f\u00fcr die k. u. k. Garden<\/span> Read More \u00bb<\/a><\/p>\n","protected":false},"featured_media":1513,"template":"","meta":{"site-sidebar-layout":"default","site-content-layout":"default","ast-main-header-display":"","ast-hfb-above-header-display":"","ast-hfb-below-header-display":"","ast-hfb-mobile-header-display":"","site-post-title":"","ast-breadcrumbs-content":"","ast-featured-img":"","footer-sml-layout":"","theme-transparent-header-meta":"default","adv-header-id-meta":"","stick-header-meta":"default","header-above-stick-meta":"","header-main-stick-meta":"","header-below-stick-meta":""},"product_brand":[],"product_cat":[241,453],"product_tag":[],"test":[],"autoren":[227],"class_list":{"0":"post-12525","1":"product","2":"type-product","3":"status-publish","4":"has-post-thumbnail","6":"product_cat-uniformierung-ausruestung_en","7":"product_cat-englisch-en","8":"autoren-verschiedene-en","9":"align-center","10":"box-shadow-1","11":"box-shadow-2-hover","12":"ast-product-gallery-layout-horizontal","13":"ast-product-tabs-layout-horizontal","15":"first","16":"instock","17":"taxable","18":"shipping-taxable","19":"purchasable","20":"product-type-simple"},"_links":{"self":[{"href":"https:\/\/shop.militaria.at\/en\/wp-json\/wp\/v2\/product\/12525","targetHints":{"allow":["GET"]}}],"collection":[{"href":"https:\/\/shop.militaria.at\/en\/wp-json\/wp\/v2\/product"}],"about":[{"href":"https:\/\/shop.militaria.at\/en\/wp-json\/wp\/v2\/types\/product"}],"wp:featuredmedia":[{"embeddable":true,"href":"https:\/\/shop.militaria.at\/en\/wp-json\/wp\/v2\/media\/1513"}],"wp:attachment":[{"href":"https:\/\/shop.militaria.at\/en\/wp-json\/wp\/v2\/media?parent=12525"}],"wp:term":[{"taxonomy":"product_brand","embeddable":true,"href":"https:\/\/shop.militaria.at\/en\/wp-json\/wp\/v2\/product_brand?post=12525"},{"taxonomy":"product_cat","embeddable":true,"href":"https:\/\/shop.militaria.at\/en\/wp-json\/wp\/v2\/product_cat?post=12525"},{"taxonomy":"product_tag","embeddable":true,"href":"https:\/\/shop.militaria.at\/en\/wp-json\/wp\/v2\/product_tag?post=12525"},{"taxonomy":"test","embeddable":true,"href":"https:\/\/shop.militaria.at\/en\/wp-json\/wp\/v2\/test?post=12525"},{"taxonomy":"autoren","embeddable":true,"href":"https:\/\/shop.militaria.at\/en\/wp-json\/wp\/v2\/autoren?post=12525"}],"curies":[{"name":"wp","href":"https:\/\/api.w.org\/{rel}","templated":true}]}}