{"id":12526,"date":"2000-02-08T09:16:53","date_gmt":"2000-02-08T08:16:53","guid":{"rendered":"https:\/\/shop.militaria.at\/product\/band-vi-infanterie-band-3\/"},"modified":"2025-10-28T13:59:38","modified_gmt":"2025-10-28T12:59:38","slug":"band-vi-infanterie-band-3","status":"publish","type":"product","link":"https:\/\/shop.militaria.at\/en\/product\/band-vi-infanterie-band-3\/","title":{"rendered":"Infanterie, Band 3"},"content":{"rendered":"<p>Um w\u00e4hrend des Krieges f\u00fcr die Infanterie, die st\u00e4rkste Waffengattung des Heeres, laufend Ersatztruppen bereitzustellen, war eine sehr gro\u00dfe Anzahl von Ersatz-Bataillonen erforderlich. Bei Kriegsbeginn erhielt jedes aktive Reserve- und Landwehr-Infanterie-Regiment ein eigenes Ersatz-Bataillon. Um die gro\u00dfe Anzahl an Rekruten ausbilden zu k\u00f6nnen, wurde Anfang 1915 f\u00fcr jedes Infanterie-Regiment noch ein zweites Ersatz-Bataillon aufgestellt. Damit bestanden allein f\u00fcr die Infanterie \u00fcber 650 Ersatz-Bataillone. Als sich im Jahre 1917 die Ersatzlage verschlechterte, mussten die zweiten Ersatz-Bataillone wieder aufgel\u00f6st werden. \u00dcber 50 Ersatz-Bataillone r\u00fcckten ins Feld und wurden sp\u00e4ter zur Aufstellung neuer Infanterie-Regimenter herangezogen.<br \/>\nZu den Ersatztruppen z\u00e4hlten auch ca. 120 Brigade-Ersatz-Bataillone (einschlie\u00dflich Reserve- und Landwehr-Brigade-Ersatz-Bataillone), die bei Kriegsbeginn aufgestellt wurden und zu mobilen Ersatz-Brigaden traten. Einige wurden im Herbst 1914 zu besonderen Ersatz-Infanterie-Regimentern vereinigt, w\u00e4hrend die \u00fcbrigen sp\u00e4ter in Infanterie- oder Landwehr-Infanterie-Regimenter eingegliedert wurden.<br \/>\nUm die Ersatzmannschaften intensiver unter kriegsm\u00e4\u00dfigen Bedingungen ausbilden zu k\u00f6nnen, entstanden Ende 1914 bei den Armeekorps besondere Feld-Rekrutendepots, die sich unmittelbar hinter der Front befanden. Im Herbst 1916 gingen diese zu den Divisionen \u00fcber, w\u00e4hrend an der Ostfront entsprechende Rekrutendepots nur bei den Armeen bestanden.<br \/>\nAlle Ersatzformationen der Infanterie werden in diesem Band ausf\u00fchrlich behandelt.<br \/>\nDazu sind in \u00fcbersichtlicher Form alle wesentlichen Daten zu ihrer Organisation ausgebreitet, besonders zu Aufstellung, Aufl\u00f6sung und den h\u00e4ufig wechselnden Standorten. F\u00fcr die mobilen Ersatz-Bataillone finden sich au\u00dferdem genaue Angaben zu den wechselnden Unterstellungen und Umgliederungen, sodass sich der Weg jeder Einheit detailliert verfolgen l\u00e4sst.<\/p>\n<p>&nbsp;<\/p>\n<h2>\u00dcber das Gesamtwerk: Handbuch der Verb\u00e4nde und Truppen des deutschen Heeres 1914\u20131918<\/h2>\n<p>Mit dieser Reihe wird erstmals ein umfassender \u00dcberblick u\u0308ber alle Verb\u00e4nde und Truppen des deutschen Heeres im Ersten Weltkrieg vorgelegt. Obwohl das allgemeine Interesse an dieser Zeitepoche einen starken Aufschwung erfahren hat, mangelte es bislang an einem Nachschlagewerk, das zuverl\u00e4ssig u\u0308ber die Formationen des Heeres und seine Gliederungen Auskunft geben kann. Dieser Mangel soll durch das vorliegende Gesamtwerk behoben werden, das nicht nur alle jemals aufgestellten Kriegsformationen enth\u00e4lt, sondern auch die wechselnde Kriegsgliederung des Heeres nachzeichnet. Die Ausarbeitung beruht fast ausschlie\u00dflich auf bislang unbekannten zeitgen\u00f6ssischen Quellen, die der Autor durch jahrelange Forschungen in den einschl\u00e4gigen Archiven auswerten konnte. Mit Hilfe fachkundiger Mitarbeiter gelang es, die immensen Datenmengen zu verarbeiten und in eine u\u0308bersichtliche Form zu bringen. Durch den gewaltigen Umfang des Heeres und die gro\u00dfe Anzahl der verarbeiteten Einzeldaten ist das Gesamtwerk auf 20\u00a0B\u00e4nde veranschlagt, wobei die einzelnen B\u00e4nde jeweils nach dem Stand der Bearbeitung erscheinen.<\/p>\n","protected":false},"excerpt":{"rendered":"<p>Only available in German<\/p>\n","protected":false},"featured_media":6876,"template":"","meta":{"site-sidebar-layout":"default","site-content-layout":"default","ast-main-header-display":"","ast-hfb-above-header-display":"","ast-hfb-below-header-display":"","ast-hfb-mobile-header-display":"","site-post-title":"","ast-breadcrumbs-content":"","ast-featured-img":"","footer-sml-layout":"","theme-transparent-header-meta":"","adv-header-id-meta":"","stick-header-meta":"","header-above-stick-meta":"","header-main-stick-meta":"","header-below-stick-meta":""},"product_brand":[],"product_cat":[239,453],"product_tag":[],"test":[],"autoren":[173],"class_list":{"0":"post-12526","1":"product","2":"type-product","3":"status-publish","4":"has-post-thumbnail","6":"product_cat-nachschlagewerke-verzeichnisse-en","7":"product_cat-englisch-en","8":"autoren-dr-juergen-kraus-en","9":"align-center","10":"box-shadow-1","11":"box-shadow-2-hover","12":"ast-product-gallery-layout-horizontal","13":"ast-product-tabs-layout-horizontal","15":"first","16":"instock","17":"taxable","18":"shipping-taxable","19":"purchasable","20":"product-type-simple"},"_links":{"self":[{"href":"https:\/\/shop.militaria.at\/en\/wp-json\/wp\/v2\/product\/12526","targetHints":{"allow":["GET"]}}],"collection":[{"href":"https:\/\/shop.militaria.at\/en\/wp-json\/wp\/v2\/product"}],"about":[{"href":"https:\/\/shop.militaria.at\/en\/wp-json\/wp\/v2\/types\/product"}],"wp:featuredmedia":[{"embeddable":true,"href":"https:\/\/shop.militaria.at\/en\/wp-json\/wp\/v2\/media\/6876"}],"wp:attachment":[{"href":"https:\/\/shop.militaria.at\/en\/wp-json\/wp\/v2\/media?parent=12526"}],"wp:term":[{"taxonomy":"product_brand","embeddable":true,"href":"https:\/\/shop.militaria.at\/en\/wp-json\/wp\/v2\/product_brand?post=12526"},{"taxonomy":"product_cat","embeddable":true,"href":"https:\/\/shop.militaria.at\/en\/wp-json\/wp\/v2\/product_cat?post=12526"},{"taxonomy":"product_tag","embeddable":true,"href":"https:\/\/shop.militaria.at\/en\/wp-json\/wp\/v2\/product_tag?post=12526"},{"taxonomy":"test","embeddable":true,"href":"https:\/\/shop.militaria.at\/en\/wp-json\/wp\/v2\/test?post=12526"},{"taxonomy":"autoren","embeddable":true,"href":"https:\/\/shop.militaria.at\/en\/wp-json\/wp\/v2\/autoren?post=12526"}],"curies":[{"name":"wp","href":"https:\/\/api.w.org\/{rel}","templated":true}]}}