{"id":12527,"date":"2000-02-09T09:17:11","date_gmt":"2000-02-09T08:17:11","guid":{"rendered":"https:\/\/shop.militaria.at\/product\/teil-vii-maschinengewehrtruppen-band-1-2\/"},"modified":"2025-10-28T13:59:08","modified_gmt":"2025-10-28T12:59:08","slug":"teil-vii-maschinengewehrtruppen-band-1-2","status":"publish","type":"product","link":"https:\/\/shop.militaria.at\/en\/product\/teil-vii-maschinengewehrtruppen-band-1-2\/","title":{"rendered":"Maschinengewehrtruppen Band 1+2"},"content":{"rendered":"<p>Mit dieser Reihe wird ein umfassender \u00dcberblick \u00fcber alle Verb\u00e4nde und Truppen des deutschen Heeres im Ersten Weltkrieg vorgelegt. Obwohl das allgemeine Interesse an dieser Zeitepoche einen starken Aufschwung erfahren hat, mangelte es bislang an einem Nachschlagewerk, das zuverl\u00e4ssig \u00fcber die Formationen des Heeres und seine Gliederungen Auskunft geben kann. Dieser Mangel soll durch das vorliegende Gesamtwerk behoben werden, das nicht nur alle jemals aufgestellten Kriegsformationen enth\u00e4lt, sondern auch die wechselnde Kriegsgliederung des Heeres nachzeichnet. Die Ausarbeitung beruht fast ausschlie\u00dflich auf bislang unbekannten zeitgen\u00f6ssischen Quellen, die der Autor durch jahrelange Forschungen in den einschl\u00e4gigen Archiven auswerten konnte. Mit Hilfe fachkundiger Mitarbeiter gelang es, die immensen Datenmengen zu verarbeiten und in eine \u00fcbersichtliche Form zu bringen. Durch den gewaltigen Umfang des Heeres und die gro\u00dfe Anzahl der verarbeiteten Einzeldaten ist das Gesamtwerk auf 20 B\u00e4nde veranschlagt, wobei die einzelnen B\u00e4nde jeweils nach dem Stand der Bearbeitung erscheinen.<\/p>\n<p>Dieser Band VII behandelt die Maschinengewehrtruppen, soweit sie selbstst\u00e4ndige Einheiten waren und nicht als MG-Kompanien zu einem Infanterie-Regiment geh\u00f6rten. Vor dem Krieg galt das Maschinengewehr eher als Hilfswaffe der Infanterie. Als sich in den ersten Kriegsmonaten das Maschinengewehr als wichtigste Waffe im infanteristischen Feuerkampf erwies, setzte eine rasante Entwicklung der Maschinengewehrtruppen ein.<\/p>\n<p>Folgende Abschnitte sind in Teil VII, Band 1 vereint:<\/p>\n<p>Bei der Mobilmachung wurden die bestehenden 11 MG-Abteilungen auf 18 verst\u00e4rkt; sie dienten zur Unterst\u00fctzung der Kavallerie-Divisionen.<br \/>\nZur Verst\u00e4rkung der Infanterie entstanden seit Herbst 1914 \u00fcber 880 Feld-MG-Z\u00fcge und MG-Erg\u00e4nzungs-Z\u00fcge. Au\u00dferdem schuf sich die Truppe eine gro\u00dfe Anzahl provisorischer MG-Formationen. Sie ersetzten zun\u00e4chst noch fehlende MG-Kompanien und wurden 1916 in feste Bestandteile der Regimenter umgewandelt.<br \/>\nMit den im Sommer 1916 aufgestellten 111 leichten MG-Trupps kamen erstmals leichte Maschinengewehre zum Einsatz. Ein Jahr sp\u00e4ter wurden die Trupps aufgel\u00f6st und auf die Infanterie-Kompanien verteilt.<br \/>\nF\u00fcr den Einsatz im Gebirgskrieg entstanden seit Mai 1915 \u00fcber 50 Gebirgs-MG-Abteilungen. Nach \u00f6sterreichischem Vorbild f\u00fchrten sie Maschinengewehre und Munition auf Tragtieren mit sich.<br \/>\nAu\u00dferdem entstanden im Laufe des Krieges mehrere Spezialformationen der MG-Truppen. Dazu z\u00e4hlten die 1915 geschaffenen \u201eMusketen-Bataillone\u201c, die mit dem leichten Maschinengewehr der d\u00e4nischen Firma Madsen bewaffnet waren, und die seit 1916 aufgestellten Panzer-Kraftwagen-MG-Z\u00fcge einschlie\u00dflich einer Abteilung.<br \/>\nAlle Maschinengewehr-Formationen werden in diesem Band VII ausf\u00fchrlich behandelt. Dazu sind in \u00fcbersichtlicher Form alle wesentlichen Daten zu ihrer Organisation ausgebreitet, besonders zur Aufstellung und Aufl\u00f6sung. F\u00fcr die mobilen Einheiten finden sich au\u00dferdem genaue Angaben zu den wechselnden Unterstellungen und Umgliederungen, sodass sich der Weg jeder Einheit detailliert verfolgen l\u00e4sst.<\/p>\n<p>Folgende Abschnitte sind in Teil VII, Band 2 vereint:<\/p>\n<p>In den Festungen bestanden 15 MG-Abteilungen, die sich bei Kriegsbeginn aufl\u00f6sten und als Stamm f\u00fcr insgesamt rund 140 neue Festungs-MG-Abteilungen und 170 Festungs-MG-Trupps bzw. Z\u00fcge dienten.<br \/>\nF\u00fcr den Einsatz an Brennpunkten der Front entstanden im April 1916 zun\u00e4chst 198 \u201eMG-Scharfsch\u00fctzen-Trupps\u201c. Im Herbst 1916 wurden sie zu insgesamt \u00fcber 80 MG-Scharfsch\u00fctzen-Abteilungen zusammengefasst. Diese als Elite geltenden Abteilungen verf\u00fcgten mit 18, sp\u00e4ter 36 MG \u00fcber eine ebenso gro\u00dfe Feuerkraft wie die drei MG-Kompanien eines Infanterie-Regiments.<br \/>\nUm eine spezialisierte Ausbildung zu gew\u00e4hrleisten, f\u00fchrte die MG-Truppe die Ausbildung ihrer Mannschaften in eigenen Einrichtungen durch. Bei Kriegsbeginn entstanden zu diesem Zweck in jedem Korpsbereich zwei Ersatz-MG-Kompanien sowie besondere Ersatzformationen f\u00fcr die MG-Abteilungen und MG-Eskadrons der Kavallerie. Im Laufe des Krieges kam eine gro\u00dfe Anzahl von Ausbildungs-Kommandos und MG-Schulen dazu.<br \/>\nAlle Maschinengewehr-Formationen werden in diesem Band VII ausf\u00fchrlich behandelt. Dazu sind in \u00fcbersichtlicher Form alle wesentlichen Daten zu ihrer Organisation ausgebreitet, besonders zur Aufstellung und Aufl\u00f6sung. F\u00fcr die mobilen Einheiten finden sich au\u00dferdem genaue Angaben zu den wechselnden Unterstellungen und Umgliederungen, sodass sich der Weg jeder Einheit detailliert verfolgen l\u00e4sst.<\/p>\n<p>&nbsp;<\/p>\n<h2>\u00dcber das Gesamtwerk: Handbuch der Verb\u00e4nde und Truppen des deutschen Heeres 1914\u20131918<\/h2>\n<p>Mit dieser Reihe wird erstmals ein umfassender \u00dcberblick u\u0308ber alle Verb\u00e4nde und Truppen des deutschen Heeres im Ersten Weltkrieg vorgelegt. Obwohl das allgemeine Interesse an dieser Zeitepoche einen starken Aufschwung erfahren hat, mangelte es bislang an einem Nachschlagewerk, das zuverl\u00e4ssig u\u0308ber die Formationen des Heeres und seine Gliederungen Auskunft geben kann. Dieser Mangel soll durch das vorliegende Gesamtwerk behoben werden, das nicht nur alle jemals aufgestellten Kriegsformationen enth\u00e4lt, sondern auch die wechselnde Kriegsgliederung des Heeres nachzeichnet. Die Ausarbeitung beruht fast ausschlie\u00dflich auf bislang unbekannten zeitgen\u00f6ssischen Quellen, die der Autor durch jahrelange Forschungen in den einschl\u00e4gigen Archiven auswerten konnte. Mit Hilfe fachkundiger Mitarbeiter gelang es, die immensen Datenmengen zu verarbeiten und in eine u\u0308bersichtliche Form zu bringen. Durch den gewaltigen Umfang des Heeres und die gro\u00dfe Anzahl der verarbeiteten Einzeldaten ist das Gesamtwerk auf 20\u00a0B\u00e4nde veranschlagt, wobei die einzelnen B\u00e4nde jeweils nach dem Stand der Bearbeitung erscheinen.<\/p>\n","protected":false},"excerpt":{"rendered":"<p>Only available in German<\/p>\n","protected":false},"featured_media":1445,"template":"","meta":{"site-sidebar-layout":"default","site-content-layout":"default","ast-main-header-display":"","ast-hfb-above-header-display":"","ast-hfb-below-header-display":"","ast-hfb-mobile-header-display":"","site-post-title":"","ast-breadcrumbs-content":"","ast-featured-img":"","footer-sml-layout":"","theme-transparent-header-meta":"default","adv-header-id-meta":"","stick-header-meta":"default","header-above-stick-meta":"","header-main-stick-meta":"","header-below-stick-meta":""},"product_brand":[],"product_cat":[239,453],"product_tag":[],"test":[322],"autoren":[173],"class_list":{"0":"post-12527","1":"product","2":"type-product","3":"status-publish","4":"has-post-thumbnail","6":"product_cat-nachschlagewerke-verzeichnisse-en","7":"product_cat-englisch-en","8":"test-322","9":"autoren-dr-juergen-kraus-en","10":"align-center","11":"box-shadow-1","12":"box-shadow-2-hover","13":"ast-product-gallery-layout-horizontal","14":"ast-product-tabs-layout-horizontal","16":"first","17":"instock","18":"taxable","19":"shipping-taxable","20":"purchasable","21":"product-type-simple"},"_links":{"self":[{"href":"https:\/\/shop.militaria.at\/en\/wp-json\/wp\/v2\/product\/12527","targetHints":{"allow":["GET"]}}],"collection":[{"href":"https:\/\/shop.militaria.at\/en\/wp-json\/wp\/v2\/product"}],"about":[{"href":"https:\/\/shop.militaria.at\/en\/wp-json\/wp\/v2\/types\/product"}],"wp:featuredmedia":[{"embeddable":true,"href":"https:\/\/shop.militaria.at\/en\/wp-json\/wp\/v2\/media\/1445"}],"wp:attachment":[{"href":"https:\/\/shop.militaria.at\/en\/wp-json\/wp\/v2\/media?parent=12527"}],"wp:term":[{"taxonomy":"product_brand","embeddable":true,"href":"https:\/\/shop.militaria.at\/en\/wp-json\/wp\/v2\/product_brand?post=12527"},{"taxonomy":"product_cat","embeddable":true,"href":"https:\/\/shop.militaria.at\/en\/wp-json\/wp\/v2\/product_cat?post=12527"},{"taxonomy":"product_tag","embeddable":true,"href":"https:\/\/shop.militaria.at\/en\/wp-json\/wp\/v2\/product_tag?post=12527"},{"taxonomy":"test","embeddable":true,"href":"https:\/\/shop.militaria.at\/en\/wp-json\/wp\/v2\/test?post=12527"},{"taxonomy":"autoren","embeddable":true,"href":"https:\/\/shop.militaria.at\/en\/wp-json\/wp\/v2\/autoren?post=12527"}],"curies":[{"name":"wp","href":"https:\/\/api.w.org\/{rel}","templated":true}]}}