{"id":12528,"date":"2000-02-10T14:39:10","date_gmt":"2000-02-10T13:39:10","guid":{"rendered":"https:\/\/shop.militaria.at\/product\/infantrist-perhobstler-mit-bayerischen-divisionen-im-weltkrieg\/"},"modified":"2000-02-10T14:39:10","modified_gmt":"2000-02-10T13:39:10","slug":"infantrist-perhobstler-mit-bayerischen-divisionen-im-weltkrieg","status":"publish","type":"product","link":"https:\/\/shop.militaria.at\/en\/product\/infantrist-perhobstler-mit-bayerischen-divisionen-im-weltkrieg\/","title":{"rendered":"Infantrist Perhobstler mit Bayerischen Divisionen im Weltkrieg"},"content":{"rendered":"<p>Zehn Jahre nach dem Ende des Ersten Weltkriegs erlebten Romane, die sich mit dem Kriegserlebnis befassten, einen wahren Boom. Eines der B\u00fccher, die damals erschienen, war Wilhelm Michael Schneiders Infantrist Perhobstler. Sein Untertitel k\u00fcndigte die autobiografische Schilderung eines Soldatenschicksals an: Mit bayerischen Divisionen im Weltkrieg. Und wirklich, der Roman ist keine fiktive Erz\u00e4hlung. Recherchen in der milit\u00e4rgeschichtlichen Literatur und im Bayerischen Kriegsarchiv zeigten, dass der Ich-Erz\u00e4hler, der sich Perhobstler nennt, die tats\u00e4chliche Kriegslaufbahn des Autors beschreibt.<br \/>\nSchneider, von Beruf Kaufmann, stammte aus Altrip in der Pfalz, die damals zum K\u00f6nigreich Bayern geh\u00f6rte. Im Oktober 1914 wurde er eingezogen und kam nach kurzer Ausbildung zum 23. bayerischen Infanterieregiment in Flandern. Bis zum Fr\u00fchjahr 1917 k\u00e4mpfte er im Westen und wurde mehrmals verwundet. Nach seiner Bef\u00f6rderung zum Leutnant der Reserve wurde er zum 27. bayerischen Infanterieregiment in Rum\u00e4nien versetzt. 1918 gelangte die Einheit in den Westen, wo Schneider im Juni ein letztes Mal verwundet wurde.<br \/>\nDie emotionale Plausibilit\u00e4t des Berichts, seine plastische und lebhafte Sprache und die dokumentarische Qualit\u00e4t des Werks sind Anlass, diesen Text im Gedenkjahr 2014 erneut herauszugeben. Dem Band sind zahlreiche Fotografien und Dokumente aus dem Bayerischen Armeemuseum, dem Bayerischen Kriegsarchiv und nicht zuletzt aus dem Nachlass Schneiders beigegeben.<\/p>\n<p>Dieter Storz, Herausgeber<br \/>\nDr. phil., Jahrgang 1958. Nach Wehrdienst Studium der Geschichte und Germanistik in M\u00fcnchen. 1990 Promotion \u00fcber \u201eKriegsbild und R\u00fcstung vor 1914\u201c. Diese Studie wurde 1992 mit dem Werner-Hahlweg-Preis f\u00fcr Milit\u00e4rgeschichte ausgezeichnet. Seit 1991 Kurator am Bayerischen Armeemuseum in Ingolstadt. Verschiedene Ver\u00f6ffentlichungen zur Milit\u00e4rgeschichte des 19. und fr\u00fchen 20. Jahrhunderts. Forschungsschwerpunkte: Bewaffnung des deutschen Reichsheeres von 1871 bis 1918 und Erster Weltkrieg.<\/p>\n","protected":false},"excerpt":{"rendered":"<p>Only available in German<\/p>\n","protected":false},"featured_media":1489,"template":"","meta":{"site-sidebar-layout":"default","site-content-layout":"default","ast-main-header-display":"","ast-hfb-above-header-display":"","ast-hfb-below-header-display":"","ast-hfb-mobile-header-display":"","site-post-title":"","ast-breadcrumbs-content":"","ast-featured-img":"","footer-sml-layout":"","theme-transparent-header-meta":"default","adv-header-id-meta":"","stick-header-meta":"default","header-above-stick-meta":"","header-main-stick-meta":"","header-below-stick-meta":""},"product_brand":[],"product_cat":[238,453],"product_tag":[],"test":[328],"autoren":[200],"class_list":{"0":"post-12528","1":"product","2":"type-product","3":"status-publish","4":"has-post-thumbnail","6":"product_cat-militaergeschichte-tagebuecher-literatur-en","7":"product_cat-englisch-en","8":"test-328","9":"autoren-michael-wilhelm-schneider-en","10":"align-center","11":"box-shadow-1","12":"box-shadow-2-hover","13":"ast-product-gallery-layout-horizontal","14":"ast-product-tabs-layout-horizontal","16":"first","17":"instock","18":"taxable","19":"shipping-taxable","20":"purchasable","21":"product-type-simple"},"_links":{"self":[{"href":"https:\/\/shop.militaria.at\/en\/wp-json\/wp\/v2\/product\/12528","targetHints":{"allow":["GET"]}}],"collection":[{"href":"https:\/\/shop.militaria.at\/en\/wp-json\/wp\/v2\/product"}],"about":[{"href":"https:\/\/shop.militaria.at\/en\/wp-json\/wp\/v2\/types\/product"}],"wp:featuredmedia":[{"embeddable":true,"href":"https:\/\/shop.militaria.at\/en\/wp-json\/wp\/v2\/media\/1489"}],"wp:attachment":[{"href":"https:\/\/shop.militaria.at\/en\/wp-json\/wp\/v2\/media?parent=12528"}],"wp:term":[{"taxonomy":"product_brand","embeddable":true,"href":"https:\/\/shop.militaria.at\/en\/wp-json\/wp\/v2\/product_brand?post=12528"},{"taxonomy":"product_cat","embeddable":true,"href":"https:\/\/shop.militaria.at\/en\/wp-json\/wp\/v2\/product_cat?post=12528"},{"taxonomy":"product_tag","embeddable":true,"href":"https:\/\/shop.militaria.at\/en\/wp-json\/wp\/v2\/product_tag?post=12528"},{"taxonomy":"test","embeddable":true,"href":"https:\/\/shop.militaria.at\/en\/wp-json\/wp\/v2\/test?post=12528"},{"taxonomy":"autoren","embeddable":true,"href":"https:\/\/shop.militaria.at\/en\/wp-json\/wp\/v2\/autoren?post=12528"}],"curies":[{"name":"wp","href":"https:\/\/api.w.org\/{rel}","templated":true}]}}