{"id":12529,"date":"2000-02-13T09:16:53","date_gmt":"2000-02-13T08:16:53","guid":{"rendered":"https:\/\/shop.militaria.at\/product\/die-mittelmachte-und-der-erste-weltkrieg\/"},"modified":"2000-02-13T09:16:53","modified_gmt":"2000-02-13T08:16:53","slug":"die-mittelmachte-und-der-erste-weltkrieg","status":"publish","type":"product","link":"https:\/\/shop.militaria.at\/en\/product\/die-mittelmachte-und-der-erste-weltkrieg\/","title":{"rendered":"Die Mittelm\u00e4chte und der Erste Weltkrieg"},"content":{"rendered":"<p>Die auf dem im Juni 2014 in Wien stattgefundenen internationalen Symposium \u201eDie Mittelm\u00e4chte und der Erste Weltkrieg\u201c basierenden Beitr\u00e4ge renommierter (Milit\u00e4r-)Historiker aus dem In- und Ausland in diesem Band bringen eine Einbettung bereits bekannter Fragestellungen und Problemkreise in den aktuellen politischen und wissenschaftlichen Diskurs zum Ersten Weltkrieg. Im Hinblick auf milit\u00e4rische Fragen werden entscheidende Planungen und auch einzelne Schlachten kritisch hinterfragt, wobei einhellig festgestellt wird, dass Fehler der milit\u00e4rischen F\u00fchrung in Verbindung mit quantitativen, aber auch wirtschaftlichen M\u00e4ngeln ma\u00dfgeblich den Ausgang des Krieges beeinflussten. In weiteren Beitr\u00e4gen wird aber auch den Auswirkungen auf die Zivilbev\u00f6lkerung in den verschiedenen Staaten und Gebieten Raum gewidmet. Propaganda, das Erleben des Krieges sowie die mittelbaren Auswirkungen der K\u00e4mpfe werden in vielf\u00e4ltiger Weise dargestellt. Insgesamt ergibt dies einen umfassenden Einblick in einen Themenbereich, der nach langen Jahren der Forschung immer noch Aufmerksamkeit verdient.<\/p>\n","protected":false},"excerpt":{"rendered":"<p>Only available in German<\/p>\n","protected":false},"featured_media":1589,"template":"","meta":{"site-sidebar-layout":"default","site-content-layout":"default","ast-main-header-display":"","ast-hfb-above-header-display":"","ast-hfb-below-header-display":"","ast-hfb-mobile-header-display":"","site-post-title":"","ast-breadcrumbs-content":"","ast-featured-img":"","footer-sml-layout":"","theme-transparent-header-meta":"default","adv-header-id-meta":"","stick-header-meta":"default","header-above-stick-meta":"","header-main-stick-meta":"","header-below-stick-meta":""},"product_brand":[],"product_cat":[238,453],"product_tag":[],"test":[],"autoren":[182,175],"class_list":{"0":"post-12529","1":"product","2":"type-product","3":"status-publish","4":"has-post-thumbnail","6":"product_cat-militaergeschichte-tagebuecher-literatur-en","7":"product_cat-englisch-en","8":"autoren-hans-hubertus-mack-en","9":"autoren-dr-m-christian-ortner-en","10":"align-center","11":"box-shadow-1","12":"box-shadow-2-hover","13":"ast-product-gallery-layout-horizontal","14":"ast-product-tabs-layout-horizontal","16":"first","17":"instock","18":"taxable","19":"shipping-taxable","20":"purchasable","21":"product-type-simple"},"_links":{"self":[{"href":"https:\/\/shop.militaria.at\/en\/wp-json\/wp\/v2\/product\/12529","targetHints":{"allow":["GET"]}}],"collection":[{"href":"https:\/\/shop.militaria.at\/en\/wp-json\/wp\/v2\/product"}],"about":[{"href":"https:\/\/shop.militaria.at\/en\/wp-json\/wp\/v2\/types\/product"}],"wp:featuredmedia":[{"embeddable":true,"href":"https:\/\/shop.militaria.at\/en\/wp-json\/wp\/v2\/media\/1589"}],"wp:attachment":[{"href":"https:\/\/shop.militaria.at\/en\/wp-json\/wp\/v2\/media?parent=12529"}],"wp:term":[{"taxonomy":"product_brand","embeddable":true,"href":"https:\/\/shop.militaria.at\/en\/wp-json\/wp\/v2\/product_brand?post=12529"},{"taxonomy":"product_cat","embeddable":true,"href":"https:\/\/shop.militaria.at\/en\/wp-json\/wp\/v2\/product_cat?post=12529"},{"taxonomy":"product_tag","embeddable":true,"href":"https:\/\/shop.militaria.at\/en\/wp-json\/wp\/v2\/product_tag?post=12529"},{"taxonomy":"test","embeddable":true,"href":"https:\/\/shop.militaria.at\/en\/wp-json\/wp\/v2\/test?post=12529"},{"taxonomy":"autoren","embeddable":true,"href":"https:\/\/shop.militaria.at\/en\/wp-json\/wp\/v2\/autoren?post=12529"}],"curies":[{"name":"wp","href":"https:\/\/api.w.org\/{rel}","templated":true}]}}