{"id":12530,"date":"2000-02-14T09:17:11","date_gmt":"2000-02-14T08:17:11","guid":{"rendered":"https:\/\/shop.militaria.at\/product\/die-glatte-vorderlader-artillerie-der-k-k-marine-1750-1866\/"},"modified":"2000-02-14T09:17:11","modified_gmt":"2000-02-14T08:17:11","slug":"die-glatte-vorderlader-artillerie-der-k-k-marine-1750-1866","status":"publish","type":"product","link":"https:\/\/shop.militaria.at\/en\/product\/die-glatte-vorderlader-artillerie-der-k-k-marine-1750-1866\/","title":{"rendered":"Die glatte Vorderlader-Artillerie der k.k.\u00a0Marine 1750\u20131866"},"content":{"rendered":"<p>Dieser 480 Seiten umfassende Text-Bildband beschreibt die Bewaffnung der \u00f6sterreichischen Flotte mit Schiffsgesch\u00fctzen und ihre Entwicklung von der zweiten H\u00e4lfte des 18. Jahrhunderts bis zur Einf\u00fchrung von gezogenen Kanonen der Schiffsartillerie. Der Autor, Dr. Karl Klaus K\u00f6rner, legt nach mehr als 40-j\u00e4hriger Forschungsarbeit in \u00f6sterreichischen und ausl\u00e4ndischen Archiven ein einzigartiges Quellenwerk vor, das nicht nur gro\u00dfe L\u00fccken schlie\u00dft, sondern zum ersten Mal einen \u00actiefen Einblick in die waffentechnische Entwicklung der \u00f6sterreichischen Marine gibt.<br \/>\nEin Kriegsschiff ist nicht Selbstzweck. Seine Waffen sind das \u00acMittel zur Durchsetzung gesteckter Ziele. W\u00e4hrend die Schiffsartillerie ab den ersten gezogenen Kanonen des 19. Jahrhunderts allgemein gut dokumentiert ist, fehlten \u2013 selbst bei den gro\u00dfen Seenationen \u2013 bis in die j\u00fcngste Zeit zusammenfassende Darstellungen \u00fcber die glatten Vorderlader. F\u00fcr die k.\u2009k. Marine gab und gibt es sie nicht. Das mag damit zusammenh\u00e4ngen, dass die \u00f6sterreichische Marinetradition der Fr\u00fchzeit zwei gro\u00dfen Br\u00fcchen ausgesetzt war. Die \u00dcbernahme der venezianischen Flottenreste im Jahre 1798 zusammen mit unpassender Marineartillerie war mehr Belastung als Gewinn. Nach dem Verlust des Meerzuganges im Jahre 1809 bescherte die politische Neuordnung nach den Napoleonischen Kriegen der k.\u2009k. Marine ein reiches Erbe an Schiffen und brauchbarem Artilleriematerial. Davon zehrte \u00d6sterreich die n\u00e4chsten Jahrzehnte und sah sich erst sehr sp\u00e4t gezwungen, seine Seestreitkr\u00e4fte aus eigener Kraft mit den n\u00f6tigen Mitteln auszustatten. So war die Marineartillerie zur Zeit der glatten Vorderlader ein Sammelsurium aus verschiedenen Systemen, Formen und Herkunftsl\u00e4ndern. Dieses Buch geht allen diesen Spuren nach.<\/p>\n","protected":false},"excerpt":{"rendered":"<p>Only available in German<\/p>\n","protected":false},"featured_media":1495,"template":"","meta":{"site-sidebar-layout":"default","site-content-layout":"default","ast-main-header-display":"","ast-hfb-above-header-display":"","ast-hfb-below-header-display":"","ast-hfb-mobile-header-display":"","site-post-title":"","ast-breadcrumbs-content":"","ast-featured-img":"","footer-sml-layout":"","theme-transparent-header-meta":"default","adv-header-id-meta":"","stick-header-meta":"default","header-above-stick-meta":"","header-main-stick-meta":"","header-below-stick-meta":""},"product_brand":[],"product_cat":[237,453],"product_tag":[],"test":[332],"autoren":[174],"class_list":{"0":"post-12530","1":"product","2":"type-product","3":"status-publish","4":"has-post-thumbnail","6":"product_cat-bewaffnung-waffentechnik-militaertechnik_en","7":"product_cat-englisch-en","8":"test-332","9":"autoren-dr-karl-klaus-koerner-en","10":"align-center","11":"box-shadow-1","12":"box-shadow-2-hover","13":"ast-product-gallery-layout-horizontal","14":"ast-product-tabs-layout-horizontal","16":"first","17":"instock","18":"taxable","19":"shipping-taxable","20":"purchasable","21":"product-type-simple"},"_links":{"self":[{"href":"https:\/\/shop.militaria.at\/en\/wp-json\/wp\/v2\/product\/12530","targetHints":{"allow":["GET"]}}],"collection":[{"href":"https:\/\/shop.militaria.at\/en\/wp-json\/wp\/v2\/product"}],"about":[{"href":"https:\/\/shop.militaria.at\/en\/wp-json\/wp\/v2\/types\/product"}],"wp:featuredmedia":[{"embeddable":true,"href":"https:\/\/shop.militaria.at\/en\/wp-json\/wp\/v2\/media\/1495"}],"wp:attachment":[{"href":"https:\/\/shop.militaria.at\/en\/wp-json\/wp\/v2\/media?parent=12530"}],"wp:term":[{"taxonomy":"product_brand","embeddable":true,"href":"https:\/\/shop.militaria.at\/en\/wp-json\/wp\/v2\/product_brand?post=12530"},{"taxonomy":"product_cat","embeddable":true,"href":"https:\/\/shop.militaria.at\/en\/wp-json\/wp\/v2\/product_cat?post=12530"},{"taxonomy":"product_tag","embeddable":true,"href":"https:\/\/shop.militaria.at\/en\/wp-json\/wp\/v2\/product_tag?post=12530"},{"taxonomy":"test","embeddable":true,"href":"https:\/\/shop.militaria.at\/en\/wp-json\/wp\/v2\/test?post=12530"},{"taxonomy":"autoren","embeddable":true,"href":"https:\/\/shop.militaria.at\/en\/wp-json\/wp\/v2\/autoren?post=12530"}],"curies":[{"name":"wp","href":"https:\/\/api.w.org\/{rel}","templated":true}]}}