{"id":12531,"date":"2000-02-17T09:18:02","date_gmt":"2000-02-17T08:18:02","guid":{"rendered":"https:\/\/shop.militaria.at\/product\/bayerische-fahnen\/"},"modified":"2000-02-17T09:18:02","modified_gmt":"2000-02-17T08:18:02","slug":"bayerische-fahnen","status":"publish","type":"product","link":"https:\/\/shop.militaria.at\/en\/product\/bayerische-fahnen\/","title":{"rendered":"Bayerische Fahnen"},"content":{"rendered":"<p>Dieser reich illustrierte Bildband behandelt die milit\u00e4rischen Fahnen Bayerns von den Anf\u00e4ngen des herzoglichen Heerwesens im 16. Jahrhundert bis zum Ende der k\u00f6niglichen Armee im Jahre 1919.<br \/>\nDie Anf\u00e4nge der Fahnengeschichte liegen in den Landsknechtsbannern fu\u0308r die kurzlebigen Heeresaufgebote des 16. Jahrhunderts. Erst mit den gro\u00dfen Heeresru\u0308stungen des Drei\u00dfigj\u00e4hrigen Krieges (1618\u201348) beginnt die eigentliche Geschichte bayerischer Feldzeichen. Dass Bayern hierbei eine besondere Rolle als Vork\u00e4mpfer der katholischen Kriegspartei spielte, brachte eine gro\u00dfe Vielfalt an religi\u00f6sen Motiven auf den Fahnen symbolisch zum Ausdruck. Seit dem 17. Jahrhundert war das Fahnenbild stets durch die wei\u00dfblauen Hausfarben und das Wappenschild der Wittelsbacher gepr\u00e4gt. Dazu trat mit jedem Regierungswechsel eine \u00c4nderung in der Symbolik des regierenden Kurfu\u0308rsten ein. Da jeder Herrscherwechsel den Fahnen seinen Stempel aufdru\u0308ckte, boten sie stets ein anschauliches Spiegelbild fu\u0308r den politischen Wandel dieser Epoche.<br \/>\nAnhand u\u0308berlieferter Realstu\u0308cke und bildlicher Darstellungen wird die Entwicklung der Fahnen und Standarten vor dem Hintergrund der Organisation des Heeres nachgezeichnet, dessen Gliederung ja die Ausstattung mit Fahnen bestimmte. Innerhalb der Zeitabschnitte werden die Feldzeichen getrennt nach den Waffengattungen abgehandelt, verbunden mit Hinweisen auf ihre Schicksale in Feldzu\u0308gen oder ihren Verbleib. Einen breiten Raum nehmen auch die im 19. Jahrhundert reichlich verliehenen Fahnenb\u00e4nder und Kriegsauszeichnungen ein. Eigene Abschnitte behandeln schlie\u00dflich die Bedeutung, welche Fahnen im Lauf der Zeit als Symbole in der Armee hatten, ihre religi\u00f6se \u00dcberh\u00f6hung durch Fahnenweihen, ihre Rolle im milit\u00e4rischen Alltag und ihre Funktion als taktische Zeichen im Kampf. In diesem breiten Spektrum greift der Band u\u0308ber eine reine Geschichte der Feldzeichen der bayerischen Armee weit hinaus: Er vermittelt auch ein eindrucksvolles Bild fu\u0308r drei Jahrhunderte bayerischer Symbol- und Landesgeschichte.<\/p>\n","protected":false},"excerpt":{"rendered":"<p>Only available in German<\/p>\n","protected":false},"featured_media":1533,"template":"","meta":{"site-sidebar-layout":"default","site-content-layout":"default","ast-main-header-display":"","ast-hfb-above-header-display":"","ast-hfb-below-header-display":"","ast-hfb-mobile-header-display":"","site-post-title":"","ast-breadcrumbs-content":"","ast-featured-img":"","footer-sml-layout":"","theme-transparent-header-meta":"default","adv-header-id-meta":"","stick-header-meta":"default","header-above-stick-meta":"","header-main-stick-meta":"","header-below-stick-meta":""},"product_brand":[],"product_cat":[241,453],"product_tag":[],"test":[],"autoren":[173],"class_list":{"0":"post-12531","1":"product","2":"type-product","3":"status-publish","4":"has-post-thumbnail","6":"product_cat-uniformierung-ausruestung_en","7":"product_cat-englisch-en","8":"autoren-dr-juergen-kraus-en","9":"align-center","10":"box-shadow-1","11":"box-shadow-2-hover","12":"ast-product-gallery-layout-horizontal","13":"ast-product-tabs-layout-horizontal","15":"first","16":"instock","17":"taxable","18":"shipping-taxable","19":"purchasable","20":"product-type-simple"},"_links":{"self":[{"href":"https:\/\/shop.militaria.at\/en\/wp-json\/wp\/v2\/product\/12531","targetHints":{"allow":["GET"]}}],"collection":[{"href":"https:\/\/shop.militaria.at\/en\/wp-json\/wp\/v2\/product"}],"about":[{"href":"https:\/\/shop.militaria.at\/en\/wp-json\/wp\/v2\/types\/product"}],"wp:featuredmedia":[{"embeddable":true,"href":"https:\/\/shop.militaria.at\/en\/wp-json\/wp\/v2\/media\/1533"}],"wp:attachment":[{"href":"https:\/\/shop.militaria.at\/en\/wp-json\/wp\/v2\/media?parent=12531"}],"wp:term":[{"taxonomy":"product_brand","embeddable":true,"href":"https:\/\/shop.militaria.at\/en\/wp-json\/wp\/v2\/product_brand?post=12531"},{"taxonomy":"product_cat","embeddable":true,"href":"https:\/\/shop.militaria.at\/en\/wp-json\/wp\/v2\/product_cat?post=12531"},{"taxonomy":"product_tag","embeddable":true,"href":"https:\/\/shop.militaria.at\/en\/wp-json\/wp\/v2\/product_tag?post=12531"},{"taxonomy":"test","embeddable":true,"href":"https:\/\/shop.militaria.at\/en\/wp-json\/wp\/v2\/test?post=12531"},{"taxonomy":"autoren","embeddable":true,"href":"https:\/\/shop.militaria.at\/en\/wp-json\/wp\/v2\/autoren?post=12531"}],"curies":[{"name":"wp","href":"https:\/\/api.w.org\/{rel}","templated":true}]}}