{"id":12532,"date":"2000-02-21T09:16:53","date_gmt":"2000-02-21T08:16:53","guid":{"rendered":"https:\/\/shop.militaria.at\/product\/fusartillerie-band-1\/"},"modified":"2025-10-28T13:56:02","modified_gmt":"2025-10-28T12:56:02","slug":"fusartillerie-band-1","status":"publish","type":"product","link":"https:\/\/shop.militaria.at\/en\/product\/fusartillerie-band-1\/","title":{"rendered":"Fu\u00dfartillerie, Band 1"},"content":{"rendered":"<p>Die Fu\u00dfartillerie geh\u00f6rte neben der Infanterie und der Feldartillerie zu den Hauptwaffengattungen des deutschen Heeres. Mit schweren Geschu\u0308tzen bewaffnet, war sie fu\u0308r den Kampf um Festungen vorgesehen. Bereits vor dem Krieg wurde die Mehrzahl der Batterien mit Pferdezug bespannt und als \u201eschwere Artillerie des Feldheeres\u201c fu\u0308r den Feldkrieg vorbereitet; einige Batterien behielten weiter ihre bisherige Funktion als Besatzung von Festungen und im Ku\u0308stenschutz.<br \/>\nNach dem \u00dcbergang zum Stellungskrieg im Herbst 1914 gewann die schwere Artillerie infolge der immer st\u00e4rkeren Feldbefestigungen mehr und mehr an Bedeutung. In den Materialschlachten mit tagelangem Trommelfeuer verlagerte sich der Schwerpunkt 1916 auf die Massenwirkung der schweren Artillerie. Diese Entwicklungen fu\u0308hrten nicht nur zu einem ungeahnten Aufstieg der Fu\u00dfartillerie, sondern auch zu st\u00e4ndigen Umorganisationen.<br \/>\nIn diesem Teilband werden die \u201eaktiven\u201c Formationen der Fu\u00dfartillerie behandelt. Neben den h\u00f6heren Artilleriefu\u0308hrern geh\u00f6ren dazu in erster Linie die Fu\u00dfartillerie-Regimenter. Mit Kriegsbeginn l\u00f6ste sich der Regimentsverband auf, und die Bataillone kamen getrennt voneinander zum Einsatz. Durch die vielseitigen Forderungen der Front wurden bald auch die Bataillone zerrissen und die Batterien einzeln verwendet. Im Zuge dieser Zersplitterung der Fu\u00dfartillerie entstanden seit 1915 rund 670 selbstst\u00e4ndige Batterien. Ab 1916 fasste man diese Batterien in 170 neu gegru\u0308ndeten Bataillonen zusammen, die nun zur bestimmenden taktischen Einheit der Fu\u00dfartillerie wurden.<br \/>\nDie genannten Fu\u00dfartillerie-Formationen werden in diesem Band ausfu\u0308hrlich behandelt. Dazu sind in u\u0308bersichtlicher Form alle wesentlichen Daten zu ihrer Organisation ausgebreitet, besonders zur Aufstellung, Umgliederung und Auf\u00f6sung. Bedingt durch die h\u00e4ufige Verschiebung der Truppen nehmen die Angaben zu den wechselnden Unterstellungen einen gro\u00dfen Raum ein, sodass sich der Weg jeder Einheit detailliert verfolgen l\u00e4sst. Au\u00dferdem ist fu\u0308r jede Batterie die Ausstattung mit Geschu\u0308tzen einschlie\u00dflich Umbewaffnungen angegeben.<\/p>\n<p>&nbsp;<\/p>\n<h2>\u00dcber das Gesamtwerk: Handbuch der Verb\u00e4nde und Truppen des deutschen Heeres 1914\u20131918<\/h2>\n<p>Mit dieser Reihe wird erstmals ein umfassender \u00dcberblick u\u0308ber alle Verb\u00e4nde und Truppen des deutschen Heeres im Ersten Weltkrieg vorgelegt. Obwohl das allgemeine Interesse an dieser Zeitepoche einen starken Aufschwung erfahren hat, mangelte es bislang an einem Nachschlagewerk, das zuverl\u00e4ssig u\u0308ber die Formationen des Heeres und seine Gliederungen Auskunft geben kann. Dieser Mangel soll durch das vorliegende Gesamtwerk behoben werden, das nicht nur alle jemals aufgestellten Kriegsformationen enth\u00e4lt, sondern auch die wechselnde Kriegsgliederung des Heeres nachzeichnet. Die Ausarbeitung beruht fast ausschlie\u00dflich auf bislang unbekannten zeitgen\u00f6ssischen Quellen, die der Autor durch jahrelange Forschungen in den einschl\u00e4gigen Archiven auswerten konnte. Mit Hilfe fachkundiger Mitarbeiter gelang es, die immensen Datenmengen zu verarbeiten und in eine u\u0308bersichtliche Form zu bringen. Durch den gewaltigen Umfang des Heeres und die gro\u00dfe Anzahl der verarbeiteten Einzeldaten ist das Gesamtwerk auf 20\u00a0B\u00e4nde veranschlagt, wobei die einzelnen B\u00e4nde jeweils nach dem Stand der Bearbeitung erscheinen.<\/p>\n","protected":false},"excerpt":{"rendered":"<p>Only available in German<\/p>\n","protected":false},"featured_media":1485,"template":"","meta":{"site-sidebar-layout":"default","site-content-layout":"default","ast-main-header-display":"","ast-hfb-above-header-display":"","ast-hfb-below-header-display":"","ast-hfb-mobile-header-display":"","site-post-title":"","ast-breadcrumbs-content":"","ast-featured-img":"","footer-sml-layout":"","theme-transparent-header-meta":"default","adv-header-id-meta":"","stick-header-meta":"default","header-above-stick-meta":"","header-main-stick-meta":"","header-below-stick-meta":""},"product_brand":[],"product_cat":[239,453],"product_tag":[],"test":[],"autoren":[183,173],"class_list":{"0":"post-12532","1":"product","2":"type-product","3":"status-publish","4":"has-post-thumbnail","6":"product_cat-nachschlagewerke-verzeichnisse-en","7":"product_cat-englisch-en","8":"autoren-hartwig-busche-en","9":"autoren-dr-juergen-kraus-en","10":"align-center","11":"box-shadow-1","12":"box-shadow-2-hover","13":"ast-product-gallery-layout-horizontal","14":"ast-product-tabs-layout-horizontal","16":"first","17":"instock","18":"taxable","19":"shipping-taxable","20":"purchasable","21":"product-type-simple"},"_links":{"self":[{"href":"https:\/\/shop.militaria.at\/en\/wp-json\/wp\/v2\/product\/12532","targetHints":{"allow":["GET"]}}],"collection":[{"href":"https:\/\/shop.militaria.at\/en\/wp-json\/wp\/v2\/product"}],"about":[{"href":"https:\/\/shop.militaria.at\/en\/wp-json\/wp\/v2\/types\/product"}],"wp:featuredmedia":[{"embeddable":true,"href":"https:\/\/shop.militaria.at\/en\/wp-json\/wp\/v2\/media\/1485"}],"wp:attachment":[{"href":"https:\/\/shop.militaria.at\/en\/wp-json\/wp\/v2\/media?parent=12532"}],"wp:term":[{"taxonomy":"product_brand","embeddable":true,"href":"https:\/\/shop.militaria.at\/en\/wp-json\/wp\/v2\/product_brand?post=12532"},{"taxonomy":"product_cat","embeddable":true,"href":"https:\/\/shop.militaria.at\/en\/wp-json\/wp\/v2\/product_cat?post=12532"},{"taxonomy":"product_tag","embeddable":true,"href":"https:\/\/shop.militaria.at\/en\/wp-json\/wp\/v2\/product_tag?post=12532"},{"taxonomy":"test","embeddable":true,"href":"https:\/\/shop.militaria.at\/en\/wp-json\/wp\/v2\/test?post=12532"},{"taxonomy":"autoren","embeddable":true,"href":"https:\/\/shop.militaria.at\/en\/wp-json\/wp\/v2\/autoren?post=12532"}],"curies":[{"name":"wp","href":"https:\/\/api.w.org\/{rel}","templated":true}]}}