{"id":12533,"date":"2000-02-22T09:17:11","date_gmt":"2000-02-22T08:17:11","guid":{"rendered":"https:\/\/shop.militaria.at\/product\/organisationshandbuch-der-k-u-k-armee-im-ersten-weltkrieg-1914-1918\/"},"modified":"2025-09-25T08:54:31","modified_gmt":"2025-09-25T07:54:31","slug":"organisationshandbuch-der-k-u-k-armee-im-ersten-weltkrieg-1914-1918","status":"publish","type":"product","link":"https:\/\/shop.militaria.at\/en\/product\/organisationshandbuch-der-k-u-k-armee-im-ersten-weltkrieg-1914-1918\/","title":{"rendered":"Organisationshandbuch der k.u.k. Armee im Ersten Weltkrieg 1914\u20131918"},"content":{"rendered":"<p>Die systematische Strukturierung und Organisation der \u00f6sterreichisch-ungarischen Armee w\u00e4hrend des Ersten Weltkriegs stellt nicht nur fu\u0308r den milit\u00e4rhistorisch Interessierten, sondern auch f\u00fcr den ausgebildeten Historiker ein besonders schwieriges Themenfeld dar.<br \/>\nSowohl hinsichtlich der wehrrechtlichen Basis, die sich aus der Dreiteilung der Armee in ein \u201egemeinsames\u201c k.u.k. Heer, die k.k. Landwehr und k.u. Honv\u00e9d ergab, als auch durch die \u201einnere\u201c Aufbauorganisation unterschied sich die \u201eBewaffnete Macht\u201c der Donaumonarchie ma\u00dfgeblich von jener anderer europ\u00e4ischer Armeen dieser Zeitepoche.<br \/>\nDie Komplexit\u00e4t der Heeresstruktur spiegelt sich anhand zahlreicher vor dem Kriegsbeginn erschienener Handbu\u0308cher und Lehrbehelfe wider, von denen jenes des sp\u00e4teren Generalmajors Hugo Schmid Edler von Boneti als das \u00fcbersichtlichste und nutzerfreundlichste gilt. Um die bereits unmittelbar nach dem Ausmarsch 1914 kriegsbedingt vorgenommenen \u00c4nderungen in der Heeresstruktur sowie die unz\u00e4hligen w\u00e4hrend des Krieges geschaffenen Neuformationen darzustellen, wurde im September 1917 ein streng geheimer Orientierungsbehelf zur Information f\u00fcr h\u00f6here Kommanden herausgegeben.<br \/>\nBeide Behelfe sind in Bibliotheken und im antiquarischen Fachhandel kaum zu finden und bilden, erg\u00e4nzt durch die \u00dcbersichten \u201eNeugliederung und Einteilung des \u00f6sterreichisch-ungarischen Heeres am 15. Juni 1918\u201c sowie \u201eLetzte Kriegsgliederung der \u00f6sterreichisch-ungarischen und dem k.u.k. Armeeoberkommando unterstellten Einheiten am 15. Oktober 1918\u201c (beides Beilagen des \u00f6sterreichischen Generalstabswerkes \u201e\u00d6sterreich-Ungarns Letzter Krieg\u201c), das vorliegende \u201eOrganisationshandbuch der \u00f6sterreichisch-ungarischen Armee 1914\u20131918\u201c.<br \/>\nDer vorliegende Band wird damit zu einer unentbehrlichen Grundlage f\u00fcr all jene, die sich mit der Geschichte der Streitkr\u00e4fte der Habsburger-Monarchie in ihrem letzten Krieg besch\u00e4ftigen.<\/p>\n","protected":false},"excerpt":{"rendered":"<p>Only available in German<\/p>\n","protected":false},"featured_media":1120,"template":"","meta":{"site-sidebar-layout":"default","site-content-layout":"default","ast-main-header-display":"","ast-hfb-above-header-display":"","ast-hfb-below-header-display":"","ast-hfb-mobile-header-display":"","site-post-title":"","ast-breadcrumbs-content":"","ast-featured-img":"","footer-sml-layout":"","theme-transparent-header-meta":"default","adv-header-id-meta":"","stick-header-meta":"default","header-above-stick-meta":"","header-main-stick-meta":"","header-below-stick-meta":""},"product_brand":[],"product_cat":[239,453],"product_tag":[],"test":[323],"autoren":[175],"class_list":{"0":"post-12533","1":"product","2":"type-product","3":"status-publish","4":"has-post-thumbnail","6":"product_cat-nachschlagewerke-verzeichnisse-en","7":"product_cat-englisch-en","8":"test-323","9":"autoren-dr-m-christian-ortner-en","10":"align-center","11":"box-shadow-1","12":"box-shadow-2-hover","13":"ast-product-gallery-layout-horizontal","14":"ast-product-tabs-layout-horizontal","16":"first","17":"instock","18":"taxable","19":"shipping-taxable","20":"purchasable","21":"product-type-simple"},"_links":{"self":[{"href":"https:\/\/shop.militaria.at\/en\/wp-json\/wp\/v2\/product\/12533","targetHints":{"allow":["GET"]}}],"collection":[{"href":"https:\/\/shop.militaria.at\/en\/wp-json\/wp\/v2\/product"}],"about":[{"href":"https:\/\/shop.militaria.at\/en\/wp-json\/wp\/v2\/types\/product"}],"wp:featuredmedia":[{"embeddable":true,"href":"https:\/\/shop.militaria.at\/en\/wp-json\/wp\/v2\/media\/1120"}],"wp:attachment":[{"href":"https:\/\/shop.militaria.at\/en\/wp-json\/wp\/v2\/media?parent=12533"}],"wp:term":[{"taxonomy":"product_brand","embeddable":true,"href":"https:\/\/shop.militaria.at\/en\/wp-json\/wp\/v2\/product_brand?post=12533"},{"taxonomy":"product_cat","embeddable":true,"href":"https:\/\/shop.militaria.at\/en\/wp-json\/wp\/v2\/product_cat?post=12533"},{"taxonomy":"product_tag","embeddable":true,"href":"https:\/\/shop.militaria.at\/en\/wp-json\/wp\/v2\/product_tag?post=12533"},{"taxonomy":"test","embeddable":true,"href":"https:\/\/shop.militaria.at\/en\/wp-json\/wp\/v2\/test?post=12533"},{"taxonomy":"autoren","embeddable":true,"href":"https:\/\/shop.militaria.at\/en\/wp-json\/wp\/v2\/autoren?post=12533"}],"curies":[{"name":"wp","href":"https:\/\/api.w.org\/{rel}","templated":true}]}}