{"id":12534,"date":"2000-02-23T09:17:11","date_gmt":"2000-02-23T08:17:11","guid":{"rendered":"https:\/\/shop.militaria.at\/product\/band-i-volkswehrleutnante\/"},"modified":"2000-02-23T09:17:11","modified_gmt":"2000-02-23T08:17:11","slug":"band-i-volkswehrleutnante","status":"publish","type":"product","link":"https:\/\/shop.militaria.at\/en\/product\/band-i-volkswehrleutnante\/","title":{"rendered":"Band I: Volkswehrleutnante"},"content":{"rendered":"<p>Die junge Republik Deutsch\u00f6sterreich war zum Zeitpunkt ihrer Gru\u0308ndung 1918 mehrfachen Bedrohungen ausgesetzt. Aus der untergegangenen Donaumonarchie hervorgegangene Nachfolgestaaten stellten an den Au\u00dfengrenzen Gebietsforderungen und im Inneren drohte die Gefahr der Errichtung einer R\u00e4terepublik. Hunderttausende von heimkehrenden Soldaten versuchten \u00fcber \u00f6sterreichisches Staatsgebiet in ihre Heimatl\u00e4nder zu gelangen. Die provisorische Staatsregierung unter Staatskanzler Karl Renner sah sich gezwungen, umgehend eine milit\u00e4risch organisierte Ordnungsmacht zur Abwehr dieser Bedrohungen zu installieren.<br \/>\nUnter der Bezeichnung \u201eVolkswehr\u201c wurde eine provisorische deutsch\u00f6sterreichische Wehrmacht aufgestellt. Eine wesentliche Forderung der Sozialdemokratie war dabei die Schaffung eines neuen republikanisch gesinnten Offizierskorps, das weitgehend aus dem Unteroffiziersstand hervorgehen sollte. Damit wurde die Institution des \u201eVolkswehrleutnants\u201c geschaffen. Zwischen November 1918 und J\u00e4nner 1920 wurden 122 Volkswehrleutante ernannt. Ihre Lebensl\u00e4ufe und Schicksale in der Monarchie, der Ersten Republik und im \u201eDritten Reich\u201c bis hinein in die Zweite Republik werden in diesem Band auf Basis vorhandenen Aktenmaterials beleuchtet und ausgewertet.<br \/>\nEbenso untersucht wird die Frage der Offizierserg\u00e4nzung in der Volkswehr und im Ersten Bundesheer. Ein umfassender Anhangteil bringt erstmals eine komplette Liste aller zwischen November 1918 und dem 1. April 1938 ernannten 1.228 Leutnante, sowohl in alphabetischer Reihenfolge als auch nach Ausmusterungsjahrg\u00e4ngen sortiert. Dieser Band enth\u00e4lt ebenso die Gliederung, Dislozierung und Stellenbesetzung der Volkswehr in den Jahren von 1918 bis 1920.<\/p>\n<p>\u00dcber das Gesamtwerk:<br \/>\nBiografische Reihe zur neueren Geschichte \u00d6sterreichs<br \/>\nDie B\u00e4nde dieser Reihe sind biografische Nachschlagewerke zu ausgew\u00e4hlten milit\u00e4rischen und zivilen Themenbereichen aus der neueren \u00f6sterreichischen Geschichte mit Schwerpunkt auf der Ersten Republik.<br \/>\nAufgrund der langen Lebensspannen der enthaltenen Personen umfassen die Biografien einen Zeitraum, der sich vom letzten Drittel des 19. Jahrhunderts u\u0308ber rund 100 Jahre bis in das letzte Drittel des 20. Jahrhunderts erstreckt. Die Biografien werden weitgehend auf Basis amtlicher und offizieller sowie archivalischer Quellen aus \u00f6sterreichischen, deutschen und US-amerikanischen Archiven erstellt. Ebenfalls mit einbezogen werden Diplomarbeiten und Dissertationen an heimischen Universit\u00e4ten und die Sekund\u00e4rliteratur auf neuestem Stand.<\/p>\n","protected":false},"excerpt":{"rendered":"<p>Only available in German<\/p>\n","protected":false},"featured_media":1493,"template":"","meta":{"site-sidebar-layout":"default","site-content-layout":"default","ast-main-header-display":"","ast-hfb-above-header-display":"","ast-hfb-below-header-display":"","ast-hfb-mobile-header-display":"","site-post-title":"","ast-breadcrumbs-content":"","ast-featured-img":"","footer-sml-layout":"","theme-transparent-header-meta":"default","adv-header-id-meta":"","stick-header-meta":"default","header-above-stick-meta":"","header-main-stick-meta":"","header-below-stick-meta":""},"product_brand":[],"product_cat":[239,453],"product_tag":[],"test":[],"autoren":[159,196],"class_list":{"0":"post-12534","1":"product","2":"type-product","3":"status-publish","4":"has-post-thumbnail","6":"product_cat-nachschlagewerke-verzeichnisse-en","7":"product_cat-englisch-en","8":"autoren-christian-frech-en","9":"autoren-markus-pichler-en","10":"align-center","11":"box-shadow-1","12":"box-shadow-2-hover","13":"ast-product-gallery-layout-horizontal","14":"ast-product-tabs-layout-horizontal","16":"first","17":"instock","18":"taxable","19":"shipping-taxable","20":"purchasable","21":"product-type-simple"},"_links":{"self":[{"href":"https:\/\/shop.militaria.at\/en\/wp-json\/wp\/v2\/product\/12534","targetHints":{"allow":["GET"]}}],"collection":[{"href":"https:\/\/shop.militaria.at\/en\/wp-json\/wp\/v2\/product"}],"about":[{"href":"https:\/\/shop.militaria.at\/en\/wp-json\/wp\/v2\/types\/product"}],"wp:featuredmedia":[{"embeddable":true,"href":"https:\/\/shop.militaria.at\/en\/wp-json\/wp\/v2\/media\/1493"}],"wp:attachment":[{"href":"https:\/\/shop.militaria.at\/en\/wp-json\/wp\/v2\/media?parent=12534"}],"wp:term":[{"taxonomy":"product_brand","embeddable":true,"href":"https:\/\/shop.militaria.at\/en\/wp-json\/wp\/v2\/product_brand?post=12534"},{"taxonomy":"product_cat","embeddable":true,"href":"https:\/\/shop.militaria.at\/en\/wp-json\/wp\/v2\/product_cat?post=12534"},{"taxonomy":"product_tag","embeddable":true,"href":"https:\/\/shop.militaria.at\/en\/wp-json\/wp\/v2\/product_tag?post=12534"},{"taxonomy":"test","embeddable":true,"href":"https:\/\/shop.militaria.at\/en\/wp-json\/wp\/v2\/test?post=12534"},{"taxonomy":"autoren","embeddable":true,"href":"https:\/\/shop.militaria.at\/en\/wp-json\/wp\/v2\/autoren?post=12534"}],"curies":[{"name":"wp","href":"https:\/\/api.w.org\/{rel}","templated":true}]}}