{"id":12535,"date":"2000-02-25T09:17:02","date_gmt":"2000-02-25T08:17:02","guid":{"rendered":"https:\/\/shop.militaria.at\/product\/die-steife-offizierskappe\/"},"modified":"2000-02-25T09:17:02","modified_gmt":"2000-02-25T08:17:02","slug":"die-steife-offizierskappe","status":"publish","type":"product","link":"https:\/\/shop.militaria.at\/en\/product\/die-steife-offizierskappe\/","title":{"rendered":"Die \u201esteife Offizierskappe\u201c"},"content":{"rendered":"<p>Es gibt wohl kaum ein Element der Uniformierung der \u00f6sterreichischen Armee vor 1918, das so sehr zum Symbol einer Epoche geworden ist wie die \u201esteife Offizierskappe\u201c. Der jeweiligen Mode folgend, nahm sie unterschiedliche Formen an, mal zerknautscht oder niedrig, mal hoch und steif wie ein Zylinder. Im Stra\u00dfenbild der Donaumonarchie war sie allgegenw\u00e4rtig, von der Reichshaupt- und Residenzstadt Wien bis in die fernsten Garnisonsorte Galiziens oder der Herzegowina. \u00c4hnliche Kappen trugen Staats- und Eisenbahnbeamte ebenso wie Angeh\u00f6rige von Veteranenvereinen, sie galten als Ausdruck staatlicher Autorit\u00e4t schlechthin. In den Zeiten des gesellschaftlichen Umbruches nach 1918 wurde dieser Kappentyp gerade deshalb zum Gegenstand politischer Kontroversen \u2013 und erlebte in den 1930er-Jahren eine (kurze) Wiedergeburt, im Sinne eines historisierenden \u00d6sterreichbewusstseins als Gegenmodell zum bedrohlich aufkeimenden Nationalsozialismus. Die vorliegende, reich illustrierte Studie stellt die uniform- und kulturhistorische Entwicklung der \u201esteifen Offizierskappe\u201c im 19. und 20. Jahrhundert umfassend dar und beru\u0308cksichtigt auch die europ\u00e4ische Perspektive dieses Uniformstu\u0308cks.<\/p>\n","protected":false},"excerpt":{"rendered":"<p>Only available in German<\/p>\n","protected":false},"featured_media":1553,"template":"","meta":{"site-sidebar-layout":"default","site-content-layout":"default","ast-main-header-display":"","ast-hfb-above-header-display":"","ast-hfb-below-header-display":"","ast-hfb-mobile-header-display":"","site-post-title":"","ast-breadcrumbs-content":"","ast-featured-img":"","footer-sml-layout":"","theme-transparent-header-meta":"default","adv-header-id-meta":"","stick-header-meta":"default","header-above-stick-meta":"","header-main-stick-meta":"","header-below-stick-meta":""},"product_brand":[],"product_cat":[241,453],"product_tag":[],"test":[],"autoren":[185],"class_list":{"0":"post-12535","1":"product","2":"type-product","3":"status-publish","4":"has-post-thumbnail","6":"product_cat-uniformierung-ausruestung_en","7":"product_cat-englisch-en","8":"autoren-hofrat-prof-dipl-ing-hermann-hinterstoisser-en","9":"align-center","10":"box-shadow-1","11":"box-shadow-2-hover","12":"ast-product-gallery-layout-horizontal","13":"ast-product-tabs-layout-horizontal","15":"first","16":"instock","17":"taxable","18":"shipping-taxable","19":"purchasable","20":"product-type-simple"},"_links":{"self":[{"href":"https:\/\/shop.militaria.at\/en\/wp-json\/wp\/v2\/product\/12535","targetHints":{"allow":["GET"]}}],"collection":[{"href":"https:\/\/shop.militaria.at\/en\/wp-json\/wp\/v2\/product"}],"about":[{"href":"https:\/\/shop.militaria.at\/en\/wp-json\/wp\/v2\/types\/product"}],"wp:featuredmedia":[{"embeddable":true,"href":"https:\/\/shop.militaria.at\/en\/wp-json\/wp\/v2\/media\/1553"}],"wp:attachment":[{"href":"https:\/\/shop.militaria.at\/en\/wp-json\/wp\/v2\/media?parent=12535"}],"wp:term":[{"taxonomy":"product_brand","embeddable":true,"href":"https:\/\/shop.militaria.at\/en\/wp-json\/wp\/v2\/product_brand?post=12535"},{"taxonomy":"product_cat","embeddable":true,"href":"https:\/\/shop.militaria.at\/en\/wp-json\/wp\/v2\/product_cat?post=12535"},{"taxonomy":"product_tag","embeddable":true,"href":"https:\/\/shop.militaria.at\/en\/wp-json\/wp\/v2\/product_tag?post=12535"},{"taxonomy":"test","embeddable":true,"href":"https:\/\/shop.militaria.at\/en\/wp-json\/wp\/v2\/test?post=12535"},{"taxonomy":"autoren","embeddable":true,"href":"https:\/\/shop.militaria.at\/en\/wp-json\/wp\/v2\/autoren?post=12535"}],"curies":[{"name":"wp","href":"https:\/\/api.w.org\/{rel}","templated":true}]}}