{"id":12536,"date":"2000-02-25T09:17:11","date_gmt":"2000-02-25T08:17:11","guid":{"rendered":"https:\/\/shop.militaria.at\/product\/vorschriften-fur-deutsche-maschinengewehre\/"},"modified":"2000-02-27T09:17:11","modified_gmt":"2000-02-27T08:17:11","slug":"vorschriften-fur-deutsche-maschinengewehre","status":"publish","type":"product","link":"https:\/\/shop.militaria.at\/en\/product\/vorschriften-fur-deutsche-maschinengewehre\/","title":{"rendered":"Vorschriften f\u00fcr Deutsche Maschinengewehre"},"content":{"rendered":"<p>Die waffentechnischen Entwicklungen gegen Ende des 19. und zu Beginn des 20. Jahrhunderts m\u00fcndeten rasch nach Ausbruch des Ersten Weltkrieges 1914 in eine industrialisierte Massenkriegsf\u00fchrung, die durch den Einsatz von Maschinengewehren wesentlich mitgepr\u00e4gt wurde. Galt vor dem Kriegsausbruch das Maschinengewehr noch eher als Hilfswaffe der Infanterie, so erwies es sich bereits in den ersten Kriegsmonaten als wichtigste Waffe im infanteristischen Feuerkampf. Die Entstehung der Maschinengewehrtruppen im deutschen Heer geht jedoch auf das Jahr 1901 zur\u00fcck, als nach mehrj\u00e4hrigen Versuchen die ersten MG-Abteilungen aufgestellt wurden.<br \/>\nW\u00e4hrend der Arbeiten zum Text-Bildband \u201eDeutsche Maschinengewehre \u2013 Entwicklung, Taktik und Einsatz von 1892 bis 1918\u201c stellten die Autoren Dr. Frank Buchholz und Thomas Br\u00fcggen bald fest, dass Originalvorschriften von Maschinengewehren sehr selten sind, und wenn, dann k\u00f6nnen sie oft nur noch in Archiven eingesehen werden. Daher reifte der Entschluss, einen Faksimile-Band zu publizieren, der die wichtigsten Dienstvorschriften, Anleitungen und Weisungen zum Einsatz von Maschinengewehren im deutschen Heer von 1899 bis 1918 beinhaltet. Dank der Unterst\u00fctzung des Bayerischen Hauptstaatsarchivs\/Abteilung Kriegsarchiv kann nun dieser Band vorgelegt werden. So k\u00f6nnen neben den Vorschriften zu den Maschinengewehren 08 und 08\/15 auch Leitf\u00e4den bzw. Anleitungen zu so selten anzutreffenden Waffen, wie dem M.G. 99, dem M.G. 01, den verschiedenen Varianten des Parabellum und des Bergmann-MGs, des Dreyse-MGs sowie der Becker-Maschinenkanone und der Maschinenpistole 18 dem Leser zug\u00e4nglich gemacht werden. Andere seltene Vorschriften, wie z.B. die Anleitungen zum indirekten Schie\u00dfen, sind in diesem Band ebenfalls zu finden wie die Verwendung von Behelfslafetten, Zielfernrohren und anderen Zubeh\u00f6rteilen, die im deutschen Heer zum Einsatz kamen.<br \/>\nDer vorliegende Band ist damit eine unentbehrliche Grundlage f\u00fcr alle interessierten Leser, die sich umfassend \u00fcber den Einsatz von Maschinengewehren im deutschen Heer vor und w\u00e4hrend des Ersten Weltkrieges informieren wollen.<\/p>\n","protected":false},"excerpt":{"rendered":"<p>Only available in German<\/p>\n","protected":false},"featured_media":1491,"template":"","meta":{"site-sidebar-layout":"default","site-content-layout":"default","ast-main-header-display":"","ast-hfb-above-header-display":"","ast-hfb-below-header-display":"","ast-hfb-mobile-header-display":"","site-post-title":"","ast-breadcrumbs-content":"","ast-featured-img":"","footer-sml-layout":"","theme-transparent-header-meta":"default","adv-header-id-meta":"","stick-header-meta":"default","header-above-stick-meta":"","header-main-stick-meta":"","header-below-stick-meta":""},"product_brand":[],"product_cat":[237,453],"product_tag":[],"test":[],"autoren":[169,217],"class_list":{"0":"post-12536","1":"product","2":"type-product","3":"status-publish","4":"has-post-thumbnail","6":"product_cat-bewaffnung-waffentechnik-militaertechnik_en","7":"product_cat-englisch-en","8":"autoren-dr-frank-buchholz-en","9":"autoren-thomas-brueggen-en","10":"align-center","11":"box-shadow-1","12":"box-shadow-2-hover","13":"ast-product-gallery-layout-horizontal","14":"ast-product-tabs-layout-horizontal","16":"first","17":"instock","18":"taxable","19":"shipping-taxable","20":"purchasable","21":"product-type-simple"},"_links":{"self":[{"href":"https:\/\/shop.militaria.at\/en\/wp-json\/wp\/v2\/product\/12536","targetHints":{"allow":["GET"]}}],"collection":[{"href":"https:\/\/shop.militaria.at\/en\/wp-json\/wp\/v2\/product"}],"about":[{"href":"https:\/\/shop.militaria.at\/en\/wp-json\/wp\/v2\/types\/product"}],"wp:featuredmedia":[{"embeddable":true,"href":"https:\/\/shop.militaria.at\/en\/wp-json\/wp\/v2\/media\/1491"}],"wp:attachment":[{"href":"https:\/\/shop.militaria.at\/en\/wp-json\/wp\/v2\/media?parent=12536"}],"wp:term":[{"taxonomy":"product_brand","embeddable":true,"href":"https:\/\/shop.militaria.at\/en\/wp-json\/wp\/v2\/product_brand?post=12536"},{"taxonomy":"product_cat","embeddable":true,"href":"https:\/\/shop.militaria.at\/en\/wp-json\/wp\/v2\/product_cat?post=12536"},{"taxonomy":"product_tag","embeddable":true,"href":"https:\/\/shop.militaria.at\/en\/wp-json\/wp\/v2\/product_tag?post=12536"},{"taxonomy":"test","embeddable":true,"href":"https:\/\/shop.militaria.at\/en\/wp-json\/wp\/v2\/test?post=12536"},{"taxonomy":"autoren","embeddable":true,"href":"https:\/\/shop.militaria.at\/en\/wp-json\/wp\/v2\/autoren?post=12536"}],"curies":[{"name":"wp","href":"https:\/\/api.w.org\/{rel}","templated":true}]}}