{"id":12537,"date":"2000-02-25T09:17:11","date_gmt":"2000-02-25T08:17:11","guid":{"rendered":"https:\/\/shop.militaria.at\/product\/deutsche-maschinengewehre-vorschriften-fur-deutsche-maschinengewehre\/"},"modified":"2025-10-23T18:20:22","modified_gmt":"2025-10-23T17:20:22","slug":"deutsche-maschinengewehre-vorschriften-fur-deutsche-maschinengewehre","status":"publish","type":"product","link":"https:\/\/shop.militaria.at\/en\/product\/deutsche-maschinengewehre-vorschriften-fur-deutsche-maschinengewehre\/","title":{"rendered":"Deutsche Maschinengewehre + Vorschriften f\u00fcr deutsche MG&#8217;S"},"content":{"rendered":"<p>Band 1: Deutsche Maschinengewehre \u2013 Entwicklung, Taktik und Einsatz von 1892 bis 1918<br \/>\n\u201eDie Artillerie gestaltet das Schlachtfeld \u2013 Maschinengewehre verteidigen es!\u201c Dieser Satz kennzeichnet die Materialschlachten des Ersten Weltkrieges wie kaum ein zweiter. Die waffentechnischen Umw\u00e4lzungen gegen Ende des 19. und zu Beginn des 20. Jahrhunderts m\u00fcndeten nach Kriegsausbruch 1914 in eine industrialisierte Kriegf\u00fchrung, die besonders durch den Einsatz von Maschinengewehren \u2013 neben der Artillerie \u2013 gepr\u00e4gt wurde. Dieser Bildband mit 520 Buchseiten sowie rund 1.000 Fotos und Abbildungen zeichnet diese Entwicklung der deutschen Maschinengewehre nach und vermittelt anschaulich, warum sie zur gef\u00fcrchtetsten Infanteriewaffe des Ersten Weltkrieges wurden.<br \/>\nGelang es einem angegriffenen Truppenteil, das Trommelfeuer des Angreifers zu \u00fcberstehen und seine eigenen Maschinengewehre mit Beginn des Infanterieangriffs rechtzeitig in Stellung zu bringen, so war mit Sicherheit davon auszugehen, dass der feindliche Angriff blutig scheitern w\u00fcrde. Mit allen Mitteln wurde daher versucht, die gegnerischen Maschinengewehre au\u00dfer Gefecht zu setzen. Der richtige Einsatz von MGs konnte Gefechte entscheiden, konnte einem zahlenm\u00e4\u00dfig unterlegenen Verteidiger die n\u00f6tige Feuer\u00fcberlegenheit geben, um sich gegen Angriffe erfolgreich zu verteidigen.<br \/>\nGerade f\u00fcr die deutsche Armee an der Westfront ersetzte die Feuerkraft der Maschinengewehre die st\u00e4ndig abnehmende Personalst\u00e4rke der Infanterie-Regimenter. Der Maschinengewehrsch\u00fctze wurde im Gegensatz zum Gewehrtr\u00e4ger zum eigentlichen Tr\u00e4ger des Infanteriegefechtes. Umso st\u00e4rker machte sich die 1915 einsetzende Maschinengewehrkrise mit der Unf\u00e4higkeit der deutschen Waffenhersteller bemerkbar, Maschinengewehre in ausreichenden St\u00fcckzahlen zu produzieren, um den Bedarf der Truppe zu decken. Erst die durch Prof. Romberg erarbeiteten neuen Produktionsverfahren und die Einf\u00fchrung von Normierungen f\u00fchrten mit der Produktion des MGs 08\/15 zu einer Verzehnfachung der monatlichen Produktionsziffern.<br \/>\nNeben den Standardmaschinengewehren MG 08 und MG 08\/15 werden die Varianten Luft-MG 08 und 08\/15 behandelt, das Ende der Maxim-Entwicklungsreihe mit dem MG 08\/18 sowie die \u00fcberaus seltenen Modelle Parabellum M 1913, M 1913\/17, das Dreyse-MG, die Bergmann-MG-Modelle alter Art und neuer Art sowie das Tank- und Fliegerabwehr-MG. Der Betrachtungszeitraum reicht dabei von 1892 bis in die Nachkriegszeit des Ersten Weltkrieges und in die Zeit der Reichswehr hinein. In entsprechenden Exkursen gehen die Autoren auf die beiden Selbstladegewehre Mondrag\u00f3n und Mauser-Flieger-Selbstladekarabiner ein, die zwar keine automatischen Waffen sind, die aber bei den deutschen Luftstreitkr\u00e4ften als Vorl\u00e4ufer automatischer Waffen eingesetzt wurden. Zum Ende behandelt das Buch auch die Maschinenpistole 18, die kurz vor Kriegsende eingef\u00fchrt, automatische Waffen erstmals als flexibel gef\u00fchrte Handwaffen einsetzbar machte.<br \/>\nNeue Erkenntnisse, gewonnen aus Archivalien des Bayerischen Kriegsarchivs sowie des Bundesarchivs\/Milit\u00e4rarchivs, erlauben eine neue Sichtweise auf Produktions- und Beschaffungsverfahren, den Einsatz von MGs durch die deutsche Armee im Ersten Weltkrieg und die Verwendung von Beute-MGs.<\/p>\n<p>Band 2: Vorschriften f\u00fcr deutsche Maschinengewehre \u2013 Leitf\u00e4den, Anleitungen und Weisungen von 1899 bis 1918<br \/>\nDie waffentechnischen Entwicklungen gegen Ende des 19. und zu Beginn des 20. Jahrhunderts m\u00fcndeten rasch nach Ausbruch des Ersten Weltkrieges 1914 in eine industrialisierte Massenkriegsf\u00fchrung, die durch den Einsatz von Maschinengewehren wesentlich mitgepr\u00e4gt wurde. Galt vor dem Kriegsausbruch das Maschinengewehr noch eher als Hilfswaffe der Infanterie, so erwies es sich bereits in den ersten Kriegsmonaten als wichtigste Waffe im infanteristischen Feuerkampf. Die Entstehung der Maschinengewehrtruppen im deutschen Heer geht jedoch auf das Jahr 1901 zur\u00fcck, als nach mehrj\u00e4hrigen Versuchen die ersten MG-Abteilungen aufgestellt wurden.<br \/>\nW\u00e4hrend der Arbeiten zum Text-Bildband \u201eDeutsche Maschinengewehre \u2013 Entwicklung, Taktik und Einsatz von 1892 bis 1918\u201c stellten die Autoren Dr. Frank Buchholz und Thomas Br\u00fcggen bald fest, dass Originalvorschriften von Maschinengewehren sehr selten sind, und wenn, dann k\u00f6nnen sie oft nur noch in Archiven eingesehen werden. Daher reifte der Entschluss, einen Faksimile-Band zu publizieren, der die wichtigsten Dienstvorschriften, Anleitungen und Weisungen zum Einsatz von Maschinengewehren im deutschen Heer von 1899 bis 1918 beinhaltet. Dank der Unterst\u00fctzung des Bayerischen Hauptstaatsarchivs\/Abteilung Kriegsarchiv kann nun dieser Band vorgelegt werden. So k\u00f6nnen neben den Vorschriften zu den Maschinengewehren 08 und 08\/15 auch Leitf\u00e4den bzw. Anleitungen zu so selten anzutreffenden Waffen, wie dem M.G. 99, dem M.G. 01, den verschiedenen Varianten des Parabellum und des Bergmann-MGs, des Dreyse-MGs sowie der Becker-Maschinenkanone und der Maschinenpistole 18 dem Leser zug\u00e4nglich gemacht werden. Andere seltene Vorschriften, wie z.B. die Anleitungen zum indirekten Schie\u00dfen, sind in diesem Band ebenfalls zu finden wie die Verwendung von Behelfslafetten, Zielfernrohren und anderen Zubeh\u00f6rteilen, die im deutschen Heer zum Einsatz kamen.<br \/>\nDer vorliegende Band ist damit eine unentbehrliche Grundlage f\u00fcr alle interessierten Leser, die sich umfassend \u00fcber den Einsatz von Maschinengewehren im deutschen Heer vor und w\u00e4hrend des Ersten Weltkrieges informieren wollen.<\/p>\n<p>Wenn Sie Band 1 separat zum Preis von \u20ac 99,00 kaufen wollen, klicken Sie hier: Band 1.<br \/>\nWenn Sie Band 2 separat zum Preis von \u20ac 79,00 kaufen wollen, klicken Sie hier: Band 2.<\/p>\n","protected":false},"excerpt":{"rendered":"<p>Only available in German<\/p>\n","protected":false},"featured_media":14340,"template":"","meta":{"site-sidebar-layout":"default","site-content-layout":"default","ast-main-header-display":"","ast-hfb-above-header-display":"","ast-hfb-below-header-display":"","ast-hfb-mobile-header-display":"","site-post-title":"","ast-breadcrumbs-content":"","ast-featured-img":"","footer-sml-layout":"","theme-transparent-header-meta":"default","adv-header-id-meta":"","stick-header-meta":"default","header-above-stick-meta":"","header-main-stick-meta":"","header-below-stick-meta":""},"product_brand":[],"product_cat":[237,453],"product_tag":[],"test":[334],"autoren":[169,217],"class_list":{"0":"post-12537","1":"product","2":"type-product","3":"status-publish","4":"has-post-thumbnail","6":"product_cat-bewaffnung-waffentechnik-militaertechnik_en","7":"product_cat-englisch-en","8":"test-334","9":"autoren-dr-frank-buchholz-en","10":"autoren-thomas-brueggen-en","11":"align-center","12":"box-shadow-1","13":"box-shadow-2-hover","14":"ast-product-gallery-layout-horizontal","15":"ast-product-tabs-layout-horizontal","17":"first","18":"instock","19":"taxable","20":"shipping-taxable","21":"purchasable","22":"product-type-simple"},"_links":{"self":[{"href":"https:\/\/shop.militaria.at\/en\/wp-json\/wp\/v2\/product\/12537","targetHints":{"allow":["GET"]}}],"collection":[{"href":"https:\/\/shop.militaria.at\/en\/wp-json\/wp\/v2\/product"}],"about":[{"href":"https:\/\/shop.militaria.at\/en\/wp-json\/wp\/v2\/types\/product"}],"wp:featuredmedia":[{"embeddable":true,"href":"https:\/\/shop.militaria.at\/en\/wp-json\/wp\/v2\/media\/14340"}],"wp:attachment":[{"href":"https:\/\/shop.militaria.at\/en\/wp-json\/wp\/v2\/media?parent=12537"}],"wp:term":[{"taxonomy":"product_brand","embeddable":true,"href":"https:\/\/shop.militaria.at\/en\/wp-json\/wp\/v2\/product_brand?post=12537"},{"taxonomy":"product_cat","embeddable":true,"href":"https:\/\/shop.militaria.at\/en\/wp-json\/wp\/v2\/product_cat?post=12537"},{"taxonomy":"product_tag","embeddable":true,"href":"https:\/\/shop.militaria.at\/en\/wp-json\/wp\/v2\/product_tag?post=12537"},{"taxonomy":"test","embeddable":true,"href":"https:\/\/shop.militaria.at\/en\/wp-json\/wp\/v2\/test?post=12537"},{"taxonomy":"autoren","embeddable":true,"href":"https:\/\/shop.militaria.at\/en\/wp-json\/wp\/v2\/autoren?post=12537"}],"curies":[{"name":"wp","href":"https:\/\/api.w.org\/{rel}","templated":true}]}}