{"id":12538,"date":"2000-03-01T09:17:11","date_gmt":"2000-03-01T08:17:11","guid":{"rendered":"https:\/\/shop.militaria.at\/product\/freikorps-auszeichnungen\/"},"modified":"2000-03-01T09:17:11","modified_gmt":"2000-03-01T08:17:11","slug":"freikorps-auszeichnungen","status":"publish","type":"product","link":"https:\/\/shop.militaria.at\/en\/product\/freikorps-auszeichnungen\/","title":{"rendered":"Freikorps-Auszeichnungen"},"content":{"rendered":"<p>Als Folge des Ersten Weltkrieges und der damit verbundenen sozialen und wirtschaftlichen Belastungen kam es ab Oktober 1918 im Deutschen Reich vielerorts zu revolution\u00e4ren Unruhen. Der Kaiser und die anderen Bundesf\u00fcrsten dankten ab, in M\u00fcnchen und anderen Zentren bildeten sich R\u00e4terepubliken nach sowjetischem Vorbild. Dazu kamen Grenzstreitigkeiten vor allem im Osten, beispielsweise gegen\u00fcber dem wiedererstandenen Polen. Die Oberste Heeresleitung (O.H.L.) sah sich gezwungen, nachdem die Demobilisierung der Fronttruppen bereits angelaufen war, die Soldaten als Freiwilligentruppen wieder einsatzbereit zu machen. Zur gleichen Zeit hatten Offiziere aus Angeh\u00f6rigen ihrer alten Truppe und angeworbenen Freiwilligen selbstst\u00e4ndige Freikorps aufgestellt. Deren Bild in Geschichte und \u00d6ffentlichkeit ist ein zwiesp\u00e4ltiges: Einerseits sicherten sie die Grenzen und schlugen revolution\u00e4re Aufst\u00e4nde nieder; andererseits gingen sie dabei oft \u00e4u\u00dferst brutal vor und gelten politisch teilweise als Vorl\u00e4ufer der Nationalsozialisten. Unbeschadet ihrer politischen Beurteilung stellen die Freikorps \u2013 in ihren unterschiedlichen, auch ideologisch verschiedenen Ausrichtungen \u2013 ein wesentliches Ph\u00e4nomen der deutschen Geschichte in der turbulenten \u00dcbergangszeit vom Kaiserreich zur Weimarer Republik dar.<br \/>\nErstmalig werden in diesem Text-Bildband auf 544 Seiten nicht nur die Auszeichnungen der deutschen Freikorps, sondern auch jene anderer Freiwilligentruppen, Einwohnerwehren und Selbstschutzformationen beschrieben und abgebildet. Gestiftet und verliehen wurden diese Auszeichnungen w\u00e4hrend und nach den Nachkriegsk\u00e4mpfen f\u00fcr Eins\u00e4tze im Grenzschutz oder gegen politische Gegner innerhalb Deutschlands.<br \/>\nAufgrund fehlender staatlicher Anerkennung und zur Aufwertung der eigenen Truppe schufen die Freikorps- und Truppenf\u00fchrer eigene Auszeichnungen, die als Tapferkeits-, Treue- oder Dienstauszeichnungen verliehen wurden. Deren Bandbreite reichte von einfachen Anstecknadeln bis zum aufwendig gestalteten Halskreuz oder Bruststern. Da es anfangs f\u00fcr die staatlichen und privaten Auszeichnungen noch keine verbindlichen Herstellungsvorschriften gab, produzierte jeder Hersteller seine eigenen Muster. Dies f\u00fchrte zu einer enormen Vielfalt und einem nahezu un\u00fcberschaubaren Variantenreichtum. Ein Gro\u00dfteil dieser St\u00fccke findet sich systematisch geordnet, beschrieben und abgebildet in diesem Buch, ebenso wie Urkunden und Besitzzeugnisse. Zeitgen\u00f6ssische Fotos zeigen die Stifter und Tragebeispiele vieler dieser Auszeichnungen.<br \/>\nDas vorliegende Werk ist das Ergebnis einer mehr als 40-j\u00e4hrigen intensiven Auseinandersetzung des Autors mit der Materie. Jede Auszeichnung wird umfassend behandelt, beginnend von ihrer Stiftung bis zur Anerkennung bzw. zum Verbot unter Anf\u00fchrung der entsprechenden Quellen. Grundlage f\u00fcr dieses Buch waren rund 1.200 bisher erschienene Arbeiten und Publikationen zu diesem Thema.<br \/>\nAngesichts der F\u00fclle von Information \u00fcber diesen geschichtlich interessanten Zeitabschnitt ist dieses Buch nicht nur f\u00fcr den Ordenskundler, sondern auch f\u00fcr jeden milit\u00e4rgeschichtlich Interessierten von gro\u00dfem Wert.<\/p>\n","protected":false},"excerpt":{"rendered":"<p>Only availabe in German<\/p>\n","protected":false},"featured_media":1497,"template":"","meta":{"site-sidebar-layout":"default","site-content-layout":"default","ast-main-header-display":"","ast-hfb-above-header-display":"","ast-hfb-below-header-display":"","ast-hfb-mobile-header-display":"","site-post-title":"","ast-breadcrumbs-content":"","ast-featured-img":"","footer-sml-layout":"","theme-transparent-header-meta":"default","adv-header-id-meta":"","stick-header-meta":"default","header-above-stick-meta":"","header-main-stick-meta":"","header-below-stick-meta":""},"product_brand":[],"product_cat":[240,453],"product_tag":[],"test":[333],"autoren":[187],"class_list":{"0":"post-12538","1":"product","2":"type-product","3":"status-publish","4":"has-post-thumbnail","6":"product_cat-orden-ehrenzeichen-abzeichen_en","7":"product_cat-englisch-en","8":"test-333","9":"autoren-ingo-haarcke-en","10":"align-center","11":"box-shadow-1","12":"box-shadow-2-hover","13":"ast-product-gallery-layout-horizontal","14":"ast-product-tabs-layout-horizontal","16":"first","17":"instock","18":"taxable","19":"shipping-taxable","20":"purchasable","21":"product-type-simple"},"_links":{"self":[{"href":"https:\/\/shop.militaria.at\/en\/wp-json\/wp\/v2\/product\/12538","targetHints":{"allow":["GET"]}}],"collection":[{"href":"https:\/\/shop.militaria.at\/en\/wp-json\/wp\/v2\/product"}],"about":[{"href":"https:\/\/shop.militaria.at\/en\/wp-json\/wp\/v2\/types\/product"}],"wp:featuredmedia":[{"embeddable":true,"href":"https:\/\/shop.militaria.at\/en\/wp-json\/wp\/v2\/media\/1497"}],"wp:attachment":[{"href":"https:\/\/shop.militaria.at\/en\/wp-json\/wp\/v2\/media?parent=12538"}],"wp:term":[{"taxonomy":"product_brand","embeddable":true,"href":"https:\/\/shop.militaria.at\/en\/wp-json\/wp\/v2\/product_brand?post=12538"},{"taxonomy":"product_cat","embeddable":true,"href":"https:\/\/shop.militaria.at\/en\/wp-json\/wp\/v2\/product_cat?post=12538"},{"taxonomy":"product_tag","embeddable":true,"href":"https:\/\/shop.militaria.at\/en\/wp-json\/wp\/v2\/product_tag?post=12538"},{"taxonomy":"test","embeddable":true,"href":"https:\/\/shop.militaria.at\/en\/wp-json\/wp\/v2\/test?post=12538"},{"taxonomy":"autoren","embeddable":true,"href":"https:\/\/shop.militaria.at\/en\/wp-json\/wp\/v2\/autoren?post=12538"}],"curies":[{"name":"wp","href":"https:\/\/api.w.org\/{rel}","templated":true}]}}