{"id":12539,"date":"2000-03-02T09:17:02","date_gmt":"2000-03-02T08:17:02","guid":{"rendered":"https:\/\/shop.militaria.at\/product\/fusartillerie-band-2\/"},"modified":"2025-10-28T13:55:33","modified_gmt":"2025-10-28T12:55:33","slug":"fusartillerie-band-2","status":"publish","type":"product","link":"https:\/\/shop.militaria.at\/en\/product\/fusartillerie-band-2\/","title":{"rendered":"Fu\u00dfartillerie, Band 2"},"content":{"rendered":"<p>Bei Kriegsbeginn stellte die Fu\u00dfartillerie eine gro\u00dfe Anzahl von Kriegsformationen auf: Hierzu z\u00e4hlten die Reserve-Fu\u00dfartillerie-Regimenter und Landwehr-Fu\u00dfartillerie-Bataillone, die als Belagerungsartillerie zun\u00e4chst in den Festungen verblieben, sp\u00e4ter aber ins Feld r\u00fcckten. Zur Belagerungsartillerie geh\u00f6rten ferner zahlreiche Park-Bataillone und -Kompanien. Sie besorgten die Anlage von Parks f\u00fcr Gesch\u00fctze, Artillerieger\u00e4t und Munition bei Belagerungen und im Stellungskrieg. F\u00fcr die Instandsetzung von besch\u00e4digtem Gesch\u00fctzmaterial entstanden im Verlauf des Krieges zahlreiche Artilleriewerkst\u00e4tten.<br \/>\nZu den besonderen Kriegsformationen der Fu\u00dfartillerie geh\u00f6rten auch die Batterien f\u00fcr schwerstes Flach- und Steilfeuer. Zur St\u00e4rkung des Flachfeuers entstanden schwere 15 cm-Kanonen-Batterien, deren Gesch\u00fctzrohre von der Marine stammten. F\u00fcr schweres Steilfeuer wurden sog. kurze Marine-Kanonen-Batterien mit 42 cm-Gesch\u00fctzen (Gamma-Ger\u00e4t) und schwere K\u00fcsten-M\u00f6rser-Batterien mit 30,5 cm-Gesch\u00fctzen (Beta-Ger\u00e4t) aufgestellt. F\u00fcr den Transport aller schweren Gesch\u00fctze mussten eigene Dampfpflug- und Kraftzugparks eingerichtet werden.<br \/>\nWeitere Abschnitte behandeln die in der Heimat stehenden Truppen, wie Ersatz-Bataillone, Landsturm-Bataillone, Festungs- und Garnison-Batterien. F\u00fcr diese Formationen sind in \u00fcbersichtlicher Form alle wesentlichen Daten zu ihrer Organisation ausgebreitet, besonders zur Aufstellung, Aufl\u00f6sung oder Umgliederung. Au\u00dferdem l\u00e4sst sich anhand der h\u00e4ufig wechselnden Unterstellungen der Weg jeder Einheit detailliert verfolgen.<\/p>\n<p>&nbsp;<\/p>\n<h2>\u00dcber das Gesamtwerk: Handbuch der Verb\u00e4nde und Truppen des deutschen Heeres 1914\u20131918<\/h2>\n<p>Mit dieser Reihe wird erstmals ein umfassender \u00dcberblick u\u0308ber alle Verb\u00e4nde und Truppen des deutschen Heeres im Ersten Weltkrieg vorgelegt. Obwohl das allgemeine Interesse an dieser Zeitepoche einen starken Aufschwung erfahren hat, mangelte es bislang an einem Nachschlagewerk, das zuverl\u00e4ssig u\u0308ber die Formationen des Heeres und seine Gliederungen Auskunft geben kann. Dieser Mangel soll durch das vorliegende Gesamtwerk behoben werden, das nicht nur alle jemals aufgestellten Kriegsformationen enth\u00e4lt, sondern auch die wechselnde Kriegsgliederung des Heeres nachzeichnet. Die Ausarbeitung beruht fast ausschlie\u00dflich auf bislang unbekannten zeitgen\u00f6ssischen Quellen, die der Autor durch jahrelange Forschungen in den einschl\u00e4gigen Archiven auswerten konnte. Mit Hilfe fachkundiger Mitarbeiter gelang es, die immensen Datenmengen zu verarbeiten und in eine u\u0308bersichtliche Form zu bringen. Durch den gewaltigen Umfang des Heeres und die gro\u00dfe Anzahl der verarbeiteten Einzeldaten ist das Gesamtwerk auf 20\u00a0B\u00e4nde veranschlagt, wobei die einzelnen B\u00e4nde jeweils nach dem Stand der Bearbeitung erscheinen.<\/p>\n","protected":false},"excerpt":{"rendered":"<p>Only availabe in German<\/p>\n","protected":false},"featured_media":1483,"template":"","meta":{"site-sidebar-layout":"default","site-content-layout":"default","ast-main-header-display":"","ast-hfb-above-header-display":"","ast-hfb-below-header-display":"","ast-hfb-mobile-header-display":"","site-post-title":"","ast-breadcrumbs-content":"","ast-featured-img":"","footer-sml-layout":"","theme-transparent-header-meta":"default","adv-header-id-meta":"","stick-header-meta":"default","header-above-stick-meta":"","header-main-stick-meta":"","header-below-stick-meta":""},"product_brand":[],"product_cat":[239,453],"product_tag":[],"test":[],"autoren":[183,173],"class_list":{"0":"post-12539","1":"product","2":"type-product","3":"status-publish","4":"has-post-thumbnail","6":"product_cat-nachschlagewerke-verzeichnisse-en","7":"product_cat-englisch-en","8":"autoren-hartwig-busche-en","9":"autoren-dr-juergen-kraus-en","10":"align-center","11":"box-shadow-1","12":"box-shadow-2-hover","13":"ast-product-gallery-layout-horizontal","14":"ast-product-tabs-layout-horizontal","16":"first","17":"instock","18":"taxable","19":"shipping-taxable","20":"purchasable","21":"product-type-simple"},"_links":{"self":[{"href":"https:\/\/shop.militaria.at\/en\/wp-json\/wp\/v2\/product\/12539","targetHints":{"allow":["GET"]}}],"collection":[{"href":"https:\/\/shop.militaria.at\/en\/wp-json\/wp\/v2\/product"}],"about":[{"href":"https:\/\/shop.militaria.at\/en\/wp-json\/wp\/v2\/types\/product"}],"wp:featuredmedia":[{"embeddable":true,"href":"https:\/\/shop.militaria.at\/en\/wp-json\/wp\/v2\/media\/1483"}],"wp:attachment":[{"href":"https:\/\/shop.militaria.at\/en\/wp-json\/wp\/v2\/media?parent=12539"}],"wp:term":[{"taxonomy":"product_brand","embeddable":true,"href":"https:\/\/shop.militaria.at\/en\/wp-json\/wp\/v2\/product_brand?post=12539"},{"taxonomy":"product_cat","embeddable":true,"href":"https:\/\/shop.militaria.at\/en\/wp-json\/wp\/v2\/product_cat?post=12539"},{"taxonomy":"product_tag","embeddable":true,"href":"https:\/\/shop.militaria.at\/en\/wp-json\/wp\/v2\/product_tag?post=12539"},{"taxonomy":"test","embeddable":true,"href":"https:\/\/shop.militaria.at\/en\/wp-json\/wp\/v2\/test?post=12539"},{"taxonomy":"autoren","embeddable":true,"href":"https:\/\/shop.militaria.at\/en\/wp-json\/wp\/v2\/autoren?post=12539"}],"curies":[{"name":"wp","href":"https:\/\/api.w.org\/{rel}","templated":true}]}}