{"id":12540,"date":"2000-03-03T09:17:11","date_gmt":"2000-03-03T08:17:11","guid":{"rendered":"https:\/\/shop.militaria.at\/product\/fusartillerie-band-3\/"},"modified":"2025-10-28T13:55:02","modified_gmt":"2025-10-28T12:55:02","slug":"fusartillerie-band-3","status":"publish","type":"product","link":"https:\/\/shop.militaria.at\/en\/product\/fusartillerie-band-3\/","title":{"rendered":"Fu\u00dfartillerie, Band 3"},"content":{"rendered":"<p>Mit diesem Band wird der Teil X \u2013 Fu\u00dfartillerie \u2013 abgeschlossen. Er gliedert sich im Wesentlichen in zwei gro\u00dfe Abschnitte: das Artillerie-Messwesen und die Munitionskolonnen der Fu\u00dfartillerie.<br \/>\nMit dem Messwesen entwickelte sich im Krieg ein ganz neuer Zweig der Artillerie. Zur Ortung feindlicher Batterien und zur Steuerung des eigenen Feuers wurde einerseits eine optische Vermessung eingesetzt, die von \u00fcber 170 Artillerie-Messtrupps, sp\u00e4ter Licht-Messtrupps betrieben wurde. Andererseits f\u00fchrten rund 130 Schall-Messtrupps die Ortsbestimmung von Gesch\u00fctzen mit Schallmessungen durch. Im Verlauf des Stellungskrieges wurden beide Verfahren erheblich verfeinert und durch die Einrichtung eigener Schulen gef\u00f6rdert. Au\u00dferdem entstanden 1917 zur Bestimmung von Witterungseinfl\u00fcssen 116 Artillerie-Berichtigungstrupps, um \u2013 \u00e4hnlich den Wetterwarten \u2013 die ballistischen Tageseinfl\u00fcsse zu ermitteln.<br \/>\nF\u00fcr den Nachschub an Munition erhielt bei Kriegsbeginn jedes bespannte Fu\u00dfartillerie-Bataillon eine eigene Munitionskolonnen-Abteilung mit mehreren Kolonnen sowie eine leichte Munitionskolonne. Infolge der Zerrei\u00dfung der Bataillone und ihrer Kolonnen-Abteilungen erfolgte im Sommer 1915 eine v\u00f6llige Neugliederung dieser Organisation. Nun erhielt jede Fu\u00dfartillerie-Batterie ihre eigene Munitionskolonne als festen Bestandteil und jede Armee eine Anzahl von Armee-Munitionskolonnen zur freien Verf\u00fcgung. Insgesamt werden rund 1.900 Munitionskolonnen in ihren Umgliederungen und zahlreichen doppelten Benennungen detailliert dargestellt.<br \/>\nEigene Kapitel \u00fcber Schie\u00dfschulen und \u00dcbungspl\u00e4tze der Fu\u00dfartillerie runden die Darstellung ab.<br \/>\nIn gewohnter Form werden f\u00fcr s\u00e4mtliche Formationen alle wesentlichen Daten zu ihrer Organisation und Unterstellung ausgebreitet, sodass sich der Weg jeder Einheit detailliert verfolgen l\u00e4sst.<\/p>\n<p>&nbsp;<\/p>\n<h2>\u00dcber das Gesamtwerk: Handbuch der Verb\u00e4nde und Truppen des deutschen Heeres 1914\u20131918<\/h2>\n<p>Mit dieser Reihe wird erstmals ein umfassender \u00dcberblick u\u0308ber alle Verb\u00e4nde und Truppen des deutschen Heeres im Ersten Weltkrieg vorgelegt. Obwohl das allgemeine Interesse an dieser Zeitepoche einen starken Aufschwung erfahren hat, mangelte es bislang an einem Nachschlagewerk, das zuverl\u00e4ssig u\u0308ber die Formationen des Heeres und seine Gliederungen Auskunft geben kann. Dieser Mangel soll durch das vorliegende Gesamtwerk behoben werden, das nicht nur alle jemals aufgestellten Kriegsformationen enth\u00e4lt, sondern auch die wechselnde Kriegsgliederung des Heeres nachzeichnet. Die Ausarbeitung beruht fast ausschlie\u00dflich auf bislang unbekannten zeitgen\u00f6ssischen Quellen, die der Autor durch jahrelange Forschungen in den einschl\u00e4gigen Archiven auswerten konnte. Mit Hilfe fachkundiger Mitarbeiter gelang es, die immensen Datenmengen zu verarbeiten und in eine u\u0308bersichtliche Form zu bringen. Durch den gewaltigen Umfang des Heeres und die gro\u00dfe Anzahl der verarbeiteten Einzeldaten ist das Gesamtwerk auf 20\u00a0B\u00e4nde veranschlagt, wobei die einzelnen B\u00e4nde jeweils nach dem Stand der Bearbeitung erscheinen.<\/p>\n","protected":false},"excerpt":{"rendered":"<p>Only availabe in German<\/p>\n","protected":false},"featured_media":1481,"template":"","meta":{"site-sidebar-layout":"default","site-content-layout":"default","ast-main-header-display":"","ast-hfb-above-header-display":"","ast-hfb-below-header-display":"","ast-hfb-mobile-header-display":"","site-post-title":"","ast-breadcrumbs-content":"","ast-featured-img":"","footer-sml-layout":"","theme-transparent-header-meta":"default","adv-header-id-meta":"","stick-header-meta":"default","header-above-stick-meta":"","header-main-stick-meta":"","header-below-stick-meta":""},"product_brand":[],"product_cat":[239,453],"product_tag":[],"test":[],"autoren":[183,173],"class_list":{"0":"post-12540","1":"product","2":"type-product","3":"status-publish","4":"has-post-thumbnail","6":"product_cat-nachschlagewerke-verzeichnisse-en","7":"product_cat-englisch-en","8":"autoren-hartwig-busche-en","9":"autoren-dr-juergen-kraus-en","10":"align-center","11":"box-shadow-1","12":"box-shadow-2-hover","13":"ast-product-gallery-layout-horizontal","14":"ast-product-tabs-layout-horizontal","16":"first","17":"instock","18":"taxable","19":"shipping-taxable","20":"purchasable","21":"product-type-simple"},"_links":{"self":[{"href":"https:\/\/shop.militaria.at\/en\/wp-json\/wp\/v2\/product\/12540","targetHints":{"allow":["GET"]}}],"collection":[{"href":"https:\/\/shop.militaria.at\/en\/wp-json\/wp\/v2\/product"}],"about":[{"href":"https:\/\/shop.militaria.at\/en\/wp-json\/wp\/v2\/types\/product"}],"wp:featuredmedia":[{"embeddable":true,"href":"https:\/\/shop.militaria.at\/en\/wp-json\/wp\/v2\/media\/1481"}],"wp:attachment":[{"href":"https:\/\/shop.militaria.at\/en\/wp-json\/wp\/v2\/media?parent=12540"}],"wp:term":[{"taxonomy":"product_brand","embeddable":true,"href":"https:\/\/shop.militaria.at\/en\/wp-json\/wp\/v2\/product_brand?post=12540"},{"taxonomy":"product_cat","embeddable":true,"href":"https:\/\/shop.militaria.at\/en\/wp-json\/wp\/v2\/product_cat?post=12540"},{"taxonomy":"product_tag","embeddable":true,"href":"https:\/\/shop.militaria.at\/en\/wp-json\/wp\/v2\/product_tag?post=12540"},{"taxonomy":"test","embeddable":true,"href":"https:\/\/shop.militaria.at\/en\/wp-json\/wp\/v2\/test?post=12540"},{"taxonomy":"autoren","embeddable":true,"href":"https:\/\/shop.militaria.at\/en\/wp-json\/wp\/v2\/autoren?post=12540"}],"curies":[{"name":"wp","href":"https:\/\/api.w.org\/{rel}","templated":true}]}}