{"id":12541,"date":"2000-03-06T09:16:44","date_gmt":"2000-03-06T08:16:44","guid":{"rendered":"https:\/\/shop.militaria.at\/product\/adjustierungsvorschrift-fur-das-k-u-k-heer-1910-1911\/"},"modified":"2000-03-06T09:16:44","modified_gmt":"2000-03-06T08:16:44","slug":"adjustierungsvorschrift-fur-das-k-u-k-heer-1910-1911","status":"publish","type":"product","link":"https:\/\/shop.militaria.at\/en\/product\/adjustierungsvorschrift-fur-das-k-u-k-heer-1910-1911\/","title":{"rendered":"Adjustierungsvorschrift f\u00fcr das k.u.k. Heer 1910\/1911"},"content":{"rendered":"<p>Die 1910\/11 vom k.u.k. Kriegsministerium publizierte \u201eAdjustierungsvorschrift f\u00fcr das k.u.k. Heer\u201c ist mehr als eine blo\u00dfe Anzugsordnung der \u00f6sterreichisch-ungarischen Soldaten. In insgesamt sieben Teilen regelte diese Adjustierungsvorschrift alles, was das \u00e4u\u00dfere Erscheinungsbild des k.u.k. Milit\u00e4rs betraf: vom Haarschnitt und dem f\u00fcr alle Truppen vorgeschriebenen Schnurrbart (au\u00dfer f\u00fcr die Soldaten des Dragonerregiments Nr. 14) bis zum Waffenrock, von der Feldkappe bis zum Paradehut der Ge\u00acner\u00e4le, vom Leibriemen bis zu den Schuhen, von den Rangabzeichen bis zum Reitzeug, von Fahnen und Standarten bis zum Tornister. Alle Kleidungs- und Ausr\u00fcstungssorten sind detailliert beschrieben und in genauen Zeichnungen dargestellt \u2013 von Infanterie, Kavallerie und Artillerie bis zu den Wachk\u00f6rpern, der bosnisch-herzegowinischen Gendarmerie und den Milit\u00e4rinvalidenh\u00e4usern. \u00dcberdies wird genau beschrieben, welche Adjustierung zu welcher Gelegenheit zu tragen war, einschlie\u00dflich der Ausnahmeregelungen f\u00fcr die sommerlich-hei\u00dfen Gebiete des K\u00fcstenlands und in Bosnien-Herzegowina. Der Gesamtumfang der Vorschrift betr\u00e4gt 594 Seiten.<br \/>\nDamit ist die Adjustierungsvorschrift f\u00fcr alle an der k.u.k. Armee Interessierten ein wertvolles Quellen- und Nachschlagewerk \u2013 f\u00fcr Sammler von Uniformen ebenso wie f\u00fcr Liebhaber von Zinnfiguren, f\u00fcr Bastler ebenso wie f\u00fcr jene, die alte Fotografien zu interpretieren suchen, wie \u00fcberhaupt f\u00fcr alle, die Interesse an der \u00f6sterreichisch-ungarischen Milit\u00e4rgeschichte haben.<br \/>\nW\u00e4hrend fr\u00fchere Vorschriften bis zur Mitte des 19. Jahrhunderts vorwie\u00acgend die Adjustierung der Offiziere beschrieben, war dies bei den sp\u00e4teren Vorschriften anders. Die hier neu ver\u00f6ffentlichte Adjustierungsvorschrift von 1910\/11 ist eine besonders wichtige Quelle: Ist dies doch die letzte Vorschrift dieser Art, die vor dem Ersten Weltkrieg erschienen ist und die daher bis zum Ende der Monarchie in Geltung war. Daher wurde sie unter Sammlern und Liebhabern schnell zum begehrten Sammlerst\u00fcck, f\u00fcr das oft betr\u00e4chtliche Preise bezahlt wurden. Wegen dieser Bedeutung war es dem Verlag Militaria ein Anliegen, sie in der vorliegenden Form als Nachdruck leicht zug\u00e4nglich zu machen. Damit haben Interessierte die M\u00f6glichkeit, die Originalvorschrift zur Hand zu nehmen und in guter Druckqualit\u00e4t zu lesen \u2013 und dies, ohne ein altes Originalexemplar durch dauernde Verwendung nachhaltig zu besch\u00e4digen.<br \/>\nDem Leser und Betrachter erschlie\u00dft sich so \u00fcber die authentische Originalquelle das bunte Bild der Armee Kaiser Franz Josephs I. \u2013 der farbenpr\u00e4chtigen Armee der letzten Friedensjahre, aber auch der bereits in Hechtgrau gekleideten Truppen, die 1914 in \u00d6sterreich-Ungarns letzten Krieg zogen.<\/p>\n","protected":false},"excerpt":{"rendered":"<p>Only availabe in German<\/p>\n","protected":false},"featured_media":7416,"template":"","meta":{"site-sidebar-layout":"default","site-content-layout":"default","ast-main-header-display":"","ast-hfb-above-header-display":"","ast-hfb-below-header-display":"","ast-hfb-mobile-header-display":"","site-post-title":"","ast-breadcrumbs-content":"","ast-featured-img":"","footer-sml-layout":"","theme-transparent-header-meta":"default","adv-header-id-meta":"","stick-header-meta":"default","header-above-stick-meta":"","header-main-stick-meta":"","header-below-stick-meta":""},"product_brand":[],"product_cat":[241,453],"product_tag":[],"test":[],"autoren":[227],"class_list":{"0":"post-12541","1":"product","2":"type-product","3":"status-publish","4":"has-post-thumbnail","6":"product_cat-uniformierung-ausruestung_en","7":"product_cat-englisch-en","8":"autoren-verschiedene-en","9":"align-center","10":"box-shadow-1","11":"box-shadow-2-hover","12":"ast-product-gallery-layout-horizontal","13":"ast-product-tabs-layout-horizontal","15":"first","16":"instock","17":"taxable","18":"shipping-taxable","19":"purchasable","20":"product-type-simple"},"_links":{"self":[{"href":"https:\/\/shop.militaria.at\/en\/wp-json\/wp\/v2\/product\/12541","targetHints":{"allow":["GET"]}}],"collection":[{"href":"https:\/\/shop.militaria.at\/en\/wp-json\/wp\/v2\/product"}],"about":[{"href":"https:\/\/shop.militaria.at\/en\/wp-json\/wp\/v2\/types\/product"}],"wp:featuredmedia":[{"embeddable":true,"href":"https:\/\/shop.militaria.at\/en\/wp-json\/wp\/v2\/media\/7416"}],"wp:attachment":[{"href":"https:\/\/shop.militaria.at\/en\/wp-json\/wp\/v2\/media?parent=12541"}],"wp:term":[{"taxonomy":"product_brand","embeddable":true,"href":"https:\/\/shop.militaria.at\/en\/wp-json\/wp\/v2\/product_brand?post=12541"},{"taxonomy":"product_cat","embeddable":true,"href":"https:\/\/shop.militaria.at\/en\/wp-json\/wp\/v2\/product_cat?post=12541"},{"taxonomy":"product_tag","embeddable":true,"href":"https:\/\/shop.militaria.at\/en\/wp-json\/wp\/v2\/product_tag?post=12541"},{"taxonomy":"test","embeddable":true,"href":"https:\/\/shop.militaria.at\/en\/wp-json\/wp\/v2\/test?post=12541"},{"taxonomy":"autoren","embeddable":true,"href":"https:\/\/shop.militaria.at\/en\/wp-json\/wp\/v2\/autoren?post=12541"}],"curies":[{"name":"wp","href":"https:\/\/api.w.org\/{rel}","templated":true}]}}