{"id":12566,"date":"2000-03-14T11:10:02","date_gmt":"2000-03-14T10:10:02","guid":{"rendered":"https:\/\/shop.militaria.at\/product\/osterreichs-generale-1919-1955\/"},"modified":"2025-11-05T17:36:38","modified_gmt":"2025-11-05T16:36:38","slug":"osterreichs-generale-1919-1955","status":"publish","type":"product","link":"https:\/\/shop.militaria.at\/en\/product\/osterreichs-generale-1919-1955\/","title":{"rendered":"\u00d6sterreichs Gener\u00e4le 1919\u20131955"},"content":{"rendered":"<p>Das vierb\u00e4ndige Werk mit einem Gesamtumfang von mehr als 2.500 Seiten stellt die Biografien von 1.172 \u00f6sterreichischen Gener\u00e4len aus den Jahren zwischen der Gr\u00fcndung der Ersten Republik und dem Staatsvertrag im Jahre 1955 dar. In drei B\u00e4nden werden die famili\u00e4ren Verh\u00e4ltnisse, die Ausbildungsg\u00e4nge, die dienstlichen Laufbahnen und Verwendungen sowie die in Frieden und Krieg erworbenen Auszeichnungen der Truppen- und Generalstabsoffiziere, der Milit\u00e4r\u00e4rzte, Intendanten, Ingenieuroffiziere und anderer Offiziere der Sonderdienste, ebenso wie jene der Gener\u00e4le von \u00adPolizei und Gendarmerie abgehandelt. Der Begleit- und Kommentarband erschlie\u00dft den historischen Kontext und die Hintergr\u00fcnde der Generalsernennungen in den Jahren zwischen 1919 und 1955. Statistische Auswertungen hinsichtlich Religionsbekenntnis, Abstammung, soziale Herkunft und Aufstiegschancen in den jeweiligen Laufbahnen runden das Gesamtbild ab. Erstmals werden auch die Schicksale jener Gener\u00e4le offenbart, die in den Jahren zwischen 1938 und 1945 politischer oder rassischer Verfolgung unterworfen waren. Ebenso wird auf die Rehabilitierungen der politisch gema\u00dfregelten Offiziere am Beginn der Zweiten Republik eingegangen. Der umfangreiche Dokumententeil bringt Aktenmaterial zutage, welches bisher in keiner Publikation in diesem Umfang ver\u00f6ffentlicht wurde. Dazu z\u00e4hlen die Mitgliederliste des \u201eNationalsozialistischen Soldatenringes (NSR)\u201c ebenso wie Protokolle der Muff-Kommission und die geheimen Aufzeichnungen des Oberleutnants Dr. Josef Eckinger mit politisch belastendem Material \u00fcber die Offiziere des Bundesheeres. Rund 300 bisher gro\u00dfteils unver\u00f6ffentlichte Portraitfotos in Band 1 (Dokumente und Fotos) illustrieren die Biografien und stellen einen wertvollen Behelf zur Identifizierung von Gener\u00e4len dar.<\/p>\n<p><strong>Erscheint als Band II in der Reihe zur neueren Geschichte \u00d6sterreichs<\/strong><\/p>\n<p>Die B\u00e4nde dieser Reihe sind biografische Nachschlagewerke zu ausgew\u00e4hlten milit\u00e4rischen und zivilen Themenbereichen aus der neueren \u00f6sterreichischen Geschichte mit Schwerpunkt auf der Ersten Republik. Aufgrund der langen Lebensspannen der enthaltenen Personen umfassen die Biografien einen Zeitraum, der sich vom letzten Drittel des 19. Jahrhunderts \u00fcber rund 100 Jahre bis in das letzte Drittel des 20. Jahrhunderts erstreckt. Die Biografien werden weitgehend auf Basis amtlicher und offizieller sowie archivalischer Quellen aus \u00f6sterreichischen, deutschen und US-amerikanischen Archiven erstellt. Ebenfalls mit einbezogen werden Diplomarbeiten und Dissertationen an heimischen Universit\u00e4ten und die Sekund\u00e4rliteratur auf neuestem Stand.<\/p>\n","protected":false},"excerpt":{"rendered":"<p>Only available in German<\/p>\n","protected":false},"featured_media":10901,"template":"","meta":{"site-sidebar-layout":"default","site-content-layout":"default","ast-main-header-display":"","ast-hfb-above-header-display":"","ast-hfb-below-header-display":"","ast-hfb-mobile-header-display":"","site-post-title":"","ast-breadcrumbs-content":"","ast-featured-img":"","footer-sml-layout":"","theme-transparent-header-meta":"","adv-header-id-meta":"","stick-header-meta":"","header-above-stick-meta":"","header-main-stick-meta":"","header-below-stick-meta":""},"product_brand":[],"product_cat":[239,453],"product_tag":[],"test":[],"autoren":[159,451,196,205],"class_list":{"0":"post-12566","1":"product","2":"type-product","3":"status-publish","4":"has-post-thumbnail","6":"product_cat-nachschlagewerke-verzeichnisse-en","7":"product_cat-englisch-en","8":"autoren-christian-frech-en","9":"autoren-iakovos-vlachos-en","10":"autoren-markus-pichler-en","11":"autoren-peter-steiner-en","12":"align-center","13":"box-shadow-1","14":"box-shadow-2-hover","15":"ast-product-gallery-layout-horizontal","16":"ast-product-tabs-layout-horizontal","18":"first","19":"instock","20":"taxable","21":"shipping-taxable","22":"purchasable","23":"product-type-simple"},"_links":{"self":[{"href":"https:\/\/shop.militaria.at\/en\/wp-json\/wp\/v2\/product\/12566","targetHints":{"allow":["GET"]}}],"collection":[{"href":"https:\/\/shop.militaria.at\/en\/wp-json\/wp\/v2\/product"}],"about":[{"href":"https:\/\/shop.militaria.at\/en\/wp-json\/wp\/v2\/types\/product"}],"wp:featuredmedia":[{"embeddable":true,"href":"https:\/\/shop.militaria.at\/en\/wp-json\/wp\/v2\/media\/10901"}],"wp:attachment":[{"href":"https:\/\/shop.militaria.at\/en\/wp-json\/wp\/v2\/media?parent=12566"}],"wp:term":[{"taxonomy":"product_brand","embeddable":true,"href":"https:\/\/shop.militaria.at\/en\/wp-json\/wp\/v2\/product_brand?post=12566"},{"taxonomy":"product_cat","embeddable":true,"href":"https:\/\/shop.militaria.at\/en\/wp-json\/wp\/v2\/product_cat?post=12566"},{"taxonomy":"product_tag","embeddable":true,"href":"https:\/\/shop.militaria.at\/en\/wp-json\/wp\/v2\/product_tag?post=12566"},{"taxonomy":"test","embeddable":true,"href":"https:\/\/shop.militaria.at\/en\/wp-json\/wp\/v2\/test?post=12566"},{"taxonomy":"autoren","embeddable":true,"href":"https:\/\/shop.militaria.at\/en\/wp-json\/wp\/v2\/autoren?post=12566"}],"curies":[{"name":"wp","href":"https:\/\/api.w.org\/{rel}","templated":true}]}}