{"id":12575,"date":"2000-03-16T14:19:09","date_gmt":"2000-03-16T13:19:09","guid":{"rendered":"https:\/\/shop.militaria.at\/product\/eisenbahntruppen-band-1-2\/"},"modified":"2025-10-23T11:47:19","modified_gmt":"2025-10-23T10:47:19","slug":"eisenbahntruppen-band-1-2","status":"publish","type":"product","link":"https:\/\/shop.militaria.at\/en\/product\/eisenbahntruppen-band-1-2\/","title":{"rendered":"Eisenbahntruppen, Band 1+2"},"content":{"rendered":"<h2>Band 1<\/h2>\n<p>Die Bedeutung des Eisenbahnwesens f\u00fcr den Transport von Massenheeren war von der Heeresleitung fr\u00fchzeitig erkannt worden. Dementsprechend hatte der Generalstab f\u00fcr den Einsatz von Eisenbahnen im Kriegsfall klare Pl\u00e4ne entworfen. Die tats\u00e4chliche Bedeutung der Eisenbahn im Krieg \u00fcberstieg aber alle Erwartungen: Es mussten nicht nur Strecken in den eroberten Gebieten wiederhergestellt und betrieben, sondern alle Truppen- und Nachschubtransporte mit der Eisenbahn unter schwierigen Bedingungen bew\u00e4ltigt werden. Mit der weitr\u00e4umigen Ausdehnung der Kriegsschaupl\u00e4tze forderte das ausgedehnte Eisenbahnnetz ein st\u00e4ndig anwachsendes Personal. Im Fr\u00fchjahr 1918 umfasste das betriebene Eisenbahnnetz rund 20.000 km, w\u00e4hrend der Personalbestand der Eisenbahntruppen auf ann\u00e4hernd 108.000 Mann, unter Einbeziehung aller Hilfskr\u00e4fte sogar auf 441.000 Mann angewachsen war.<\/p>\n<p>Seit Kriegsbeginn wurde das Eisenbahnwesen unter der zentralen F\u00fchrung eines Chefs des Feldeisenbahnwesens kontinuierlich ausgebaut. Zur Koordinierung von Eisenbahnfragen entsandte er Generalstabsoffiziere als Bevollm\u00e4chtigte zu den obersten Kommandobeh\u00f6rden im Felde sowie Bahnbeauftragte zu jedem Armeeoberkommando. F\u00fcr die umfangreichen Bauarbeiten an den Strecken entstanden aus den geringen Friedensst\u00e4mmen Eisenbahn-Bau-Kompanien, die durch zahlreiche Spezialtruppen unterst\u00fctzt wurden. Bei gr\u00f6\u00dferen Bauvorhaben wurden diese zusammengefasst und durch besondere Offiziere oder Bauleitungen kommandiert. Den Betrieb auf den Strecken besorgten Eisenbahn-Betriebskompanien. Als sich im Frontbereich ein ausgedehntes Feldbahnnetz mit Schmalspurbahnen entwickelte, mussten f\u00fcr diesen Bereich \u00e4hnliche Formationen aufgestellt werden. Weitere Spezialtruppen entstanden f\u00fcr den Betrieb von Seilbahnen.<\/p>\n<p>Neben den eigentlichen Eisenbahntruppen erforderte der Eisenbahnbetrieb im Felde auch eine Vielzahl von Eisenbahn\u00e4mtern, die nach dem Vorbild der zivilen Eisenbahnverwaltung organisiert und auch mit Eisenbahnbeamten besetzt wurden. Diese Beh\u00f6rdenstruktur mit Eisenbahn-Direktionen, Verkehrs- und Betriebs\u00e4mtern bildete im Vergleich zu anderen Truppengattungen eine Besonderheit im Feldeisenbahnwesen.<\/p>\n<p>Alle Kommandostellen, Eisenbahnbeh\u00f6rden und -truppen werden in diesem Band erstmals detailliert behandelt und vermitteln so ein eingehendes Bild der komplexen Organisation des Feldeisenbahnwesens im Ersten Weltkrieg.<\/p>\n<h2>Band 2<\/h2>\n<p>In diesem zweiten Band werden folgende gro\u00dfe Abschnitte in der Organisation des Milit\u00e4r-Eisenbahnwesens behandelt:<\/p>\n<ol>\n<li>Panzerz\u00fcge zur Erkundung und Sicherung von Eisenbahnstrecken.<\/li>\n<li>Werkst\u00e4tten und Maschinenformationen, die zur Instandsetzung von Lokomotiven und Wagen im Felde eingerichtet wurden.<\/li>\n<li>Arbeiter- und Hilfsformationen, aufgestellt zur Unterst\u00fctzung beim Streckenbau und bei Lagerarbeiten, ferner Spezialtruppen wie Bergbau- und Holzf\u00e4ller-Kompanien.<\/li>\n<li>Mobile Bahnhofskommandanturen: An wichtigen Knoten- und Verpflegungspunkten in den besetzten Gebieten wurden insgesamt rund 500 Bahnhofskommandanturen eingerichtet, um f\u00fcr die Aufrechterhaltung der milit\u00e4rischen Ordnung zu sorgen. Dies geschah vor allem an gr\u00f6\u00dferen Umschlagstellen, Kriegsverpflegungsanstalten und Sammelstationen.<\/li>\n<li>Eisenbahnformationen in der Heimat: Zur Regelung des Eisenbahnverkehrs und Erg\u00e4nzung der Eisenbahntruppen entstand in der Heimat eine beachtliche Organisation mit unterschiedlichen Einrichtungen. Unter besonderen Kommandobeh\u00f6rden sorgten Linien- und Bahnhofskommandanturen f\u00fcr einen reibungslosen Eisenbahnbetrieb. Sammelstationen mit Weiterleitungs- und Verteilungsstellen dienten als Umschlagpl\u00e4tze f\u00fcr G\u00fcter aller Art und organisierten die Weiterleitung an die Empfangsstellen im Felde. F\u00fcr die laufende Erg\u00e4nzung der Truppen im Felde spielten die Ersatz-Bataillone eine entscheidende Rolle. F\u00fcr den Nachschub an Lokomotiven, Schienenmaterial und Feldger\u00e4t schlie\u00dflich entstanden im Verlauf des Krieges besondere Depots.<\/li>\n<li>Schifffahrtsformationen: Auch die Nutzung von Fl\u00fcssen und Kan\u00e4len geh\u00f6rte zum Aufgabenbereich des Feldeisenbahnchefs. Erst als 1916 das Eisenbahntransportwesen in eine Krise geriet, wurden Wasserstra\u00dfen intensiver f\u00fcr den Transport von Masseng\u00fctern genutzt. F\u00fcr den reibungslosen Betrieb sorgte unter einer eigenen Schifffahrtsabteilung eine Vielzahl von Kanal-Betriebs\u00e4mtern, Betriebskompanien, Hafen\u00e4mtern und Hafenkommandanturen.<\/li>\n<\/ol>\n<p>Alle genannten Kommandostellen, Eisenbahnbeh\u00f6rden und -truppen werden in diesem Band detailliert behandelt und runden so das Bild der komplexen Organisation des Feldeisenbahnwesens im Ersten Weltkrieg ab.<\/p>\n<h2>\u00dcber das Gesamtwerk: Handbuch der Verb\u00e4nde und Truppen des deutschen Heeres 1914\u20131918<\/h2>\n<p>Mit dieser Reihe wird erstmals ein umfassender \u00dcberblick u\u0308ber alle Verb\u00e4nde und Truppen des deutschen Heeres im Ersten Weltkrieg vorgelegt. Obwohl das allgemeine Interesse an dieser Zeitepoche einen starken Aufschwung erfahren hat, mangelte es bislang an einem Nachschlagewerk, das zuverl\u00e4ssig u\u0308ber die Formationen des Heeres und seine Gliederungen Auskunft geben kann. Dieser Mangel soll durch das vorliegende Gesamtwerk behoben werden, das nicht nur alle jemals aufgestellten Kriegsformationen enth\u00e4lt, sondern auch die wechselnde Kriegsgliederung des Heeres nachzeichnet. Die Ausarbeitung beruht fast ausschlie\u00dflich auf bislang unbekannten zeitgen\u00f6ssischen Quellen, die der Autor durch jahrelange Forschungen in den einschl\u00e4gigen Archiven auswerten konnte. Mit Hilfe fachkundiger Mitarbeiter gelang es, die immensen Datenmengen zu verarbeiten und in eine u\u0308bersichtliche Form zu bringen. Durch den gewaltigen Umfang des Heeres und die gro\u00dfe Anzahl der verarbeiteten Einzeldaten ist das Gesamtwerk auf 20\u00a0B\u00e4nde veranschlagt, wobei die einzelnen B\u00e4nde jeweils nach dem Stand der Bearbeitung erscheinen.<\/p>\n","protected":false},"excerpt":{"rendered":"<p>Only available in German<\/p>\n","protected":false},"featured_media":11006,"template":"","meta":{"site-sidebar-layout":"default","site-content-layout":"default","ast-main-header-display":"","ast-hfb-above-header-display":"","ast-hfb-below-header-display":"","ast-hfb-mobile-header-display":"","site-post-title":"","ast-breadcrumbs-content":"","ast-featured-img":"","footer-sml-layout":"","theme-transparent-header-meta":"","adv-header-id-meta":"","stick-header-meta":"","header-above-stick-meta":"","header-main-stick-meta":"","header-below-stick-meta":""},"product_brand":[],"product_cat":[239,453],"product_tag":[],"test":[],"autoren":[173,212,452],"class_list":{"0":"post-12575","1":"product","2":"type-product","3":"status-publish","4":"has-post-thumbnail","6":"product_cat-nachschlagewerke-verzeichnisse-en","7":"product_cat-englisch-en","8":"autoren-dr-juergen-kraus-en","9":"autoren-rolf-noeske-en","10":"autoren-thierry-ehret-en","11":"align-center","12":"box-shadow-1","13":"box-shadow-2-hover","14":"ast-product-gallery-layout-horizontal","15":"ast-product-tabs-layout-horizontal","17":"first","18":"instock","19":"taxable","20":"shipping-taxable","21":"purchasable","22":"product-type-simple"},"_links":{"self":[{"href":"https:\/\/shop.militaria.at\/en\/wp-json\/wp\/v2\/product\/12575","targetHints":{"allow":["GET"]}}],"collection":[{"href":"https:\/\/shop.militaria.at\/en\/wp-json\/wp\/v2\/product"}],"about":[{"href":"https:\/\/shop.militaria.at\/en\/wp-json\/wp\/v2\/types\/product"}],"wp:featuredmedia":[{"embeddable":true,"href":"https:\/\/shop.militaria.at\/en\/wp-json\/wp\/v2\/media\/11006"}],"wp:attachment":[{"href":"https:\/\/shop.militaria.at\/en\/wp-json\/wp\/v2\/media?parent=12575"}],"wp:term":[{"taxonomy":"product_brand","embeddable":true,"href":"https:\/\/shop.militaria.at\/en\/wp-json\/wp\/v2\/product_brand?post=12575"},{"taxonomy":"product_cat","embeddable":true,"href":"https:\/\/shop.militaria.at\/en\/wp-json\/wp\/v2\/product_cat?post=12575"},{"taxonomy":"product_tag","embeddable":true,"href":"https:\/\/shop.militaria.at\/en\/wp-json\/wp\/v2\/product_tag?post=12575"},{"taxonomy":"test","embeddable":true,"href":"https:\/\/shop.militaria.at\/en\/wp-json\/wp\/v2\/test?post=12575"},{"taxonomy":"autoren","embeddable":true,"href":"https:\/\/shop.militaria.at\/en\/wp-json\/wp\/v2\/autoren?post=12575"}],"curies":[{"name":"wp","href":"https:\/\/api.w.org\/{rel}","templated":true}]}}