{"id":12576,"date":"2000-03-18T14:05:47","date_gmt":"2000-03-18T13:05:47","guid":{"rendered":"https:\/\/shop.militaria.at\/product\/zwischen-krieg-und-frieden\/"},"modified":"2000-03-18T14:05:47","modified_gmt":"2000-03-18T13:05:47","slug":"zwischen-krieg-und-frieden","status":"publish","type":"product","link":"https:\/\/shop.militaria.at\/en\/product\/zwischen-krieg-und-frieden\/","title":{"rendered":"Zwischen Krieg und Frieden"},"content":{"rendered":"<p>Zwischen Krieg und Frieden \u2013 diese Festschrift erschien aus Anlass des 65. Geburtstages des profilierten Milit\u00e4rhistorikers Univ.-Doz. Dr. Erwin A. Schmidl, der bis zu seinem \u00dcbertritt in den Ruhestand Ende 2021 an der Landesverteidigungsakademie das Institut f\u00fcr Strategie und Sicherheitspolitik leitete und an der Universit\u00e4t Innsbruck lehrt.<\/p>\n<p>Dieser Band vereinigt \u2013 neben einer W\u00fcrdigung und einem Schriftenverzeichnis des Jubilars \u2013 insgesamt 40 Beitr\u00e4ge von 41 namhaften Historikern aus Europa, Nordamerika und S\u00fcdafrika. Die Themen reichen von den Konflikten auf dem Balkan im 18. und 19. Jahrhundert \u00fcber die beiden Weltkriege und Fragen des \u00f6sterreichischen Widerstandes 1944\/45 bis zur europ\u00e4ischen Sicherheitspolitik der Gegenwart und zur Problematik der Geschichtsschreibung \u00fcber Geheimdienste.<\/p>\n<p>Beitr\u00e4ge<\/p>\n<p>Erich Csitkovits: Gru\u00dfwort<br \/>\nLothar H\u00f6belt: Erwin Schmidl 65: Friedensmissionen at home and abroad<\/p>\n<p>I. DAS LANGE 19. JAHRHUNDERT<br \/>\nHarald Heppner: Kein Wissen \u00fcber das Ausland ohne Milit\u00e4r. Die Habsburgermonarchie und die Balkanl\u00e4nder (1718 \u2013 1918)<br \/>\nClaudia Reichl-Ham: (Zwangs-)Migration auf dem Balkan und im Osmanischen Reich im langen 19. Jahrhundert<br \/>\nWilhelm Brauneder: Erzherzog Johann: Eheschlie\u00dfung ohne Trauung<\/p>\n<p>II. NATIONALIT\u00c4TEN UND DAS M\u00c4CHTEGLEICHGEWICH<br \/>\nAlma Hannig: \u201cDashed Hopes\u201d: The Slovaks and the Habsburgs: History and Historiography from 1848 to Today<br \/>\nMichael Dippelreiter: Gr\u00fcndung und erste Jahre der Universit\u00e4t Francisco-Josephina in Czernowitz<br \/>\nB. J. C. McKercher: Esme Howard and Austria-Hungary, 1909 \u2013 1911: Lessons in the Balance of Power<\/p>\n<p>III. ERSTER WELTKRIEG<br \/>\nWilfried Schimon: Vers\u00f6hnungsbereitschaft durch den Krieg? Die r\u00f6misch-katholische Milit\u00e4rseelsorge des \u00f6sterreichisch-ungarischen Kontingents im Osmanischen Reich 1915 \u2013 1919 und ihre Beziehungen zu anderen Konfessionen und Religionen<br \/>\nHelmut Wohnout: Die Wiedergewinnung der Punta San Matteo und des Monte Mantello durch die \u00f6sterreichisch-ungarische Armee am 3. September 1918. Ein Beitrag zur Geschichte des Hochgebirgskrieges an der italienischen Front<br \/>\nCatherine Horel: Admiral Mikl\u00f3s Horthy in the First World War: the Birth of a Myth<br \/>\nMarcus G. Patka: Der Krieg um Jerusalem und die Wurzeln des Nahost-Konflikts<\/p>\n<p>IV. ZWISCHENKRIEGSZEIT<br \/>\nHans Rudolf Fuhrer: Nicht wie ein Dieb in der Nacht. Das Exil von Kaiser Karl I. (IV.) in der Schweiz<br \/>\nChristopher Brennan: A \u201cHabsburg Operetta\u201d \u2013 The Austrian Reaction to Karl\u2019s Hungarian Putsch Attempts<br \/>\nLothar H\u00f6belt: Das Problem des Legitimismus in \u00d6sterreich 1918 \u2013 1938<\/p>\n<p>V. INTERNATIONALE BEZIEHUNGEN I<br \/>\nWolfgang Mueller: Die Haager \u201eFriedenskonferenzen\u201c 1899\/1907 und die Bl\u00fcte der V\u00f6lkerrechtswissenschaft in Russland<br \/>\nThean Potgieter: The Influence of Industrial Revolutions on the Anglo-Boer War, 1899 \u2013 1902<br \/>\nTamara Scheer: Interwar Transatlantic Academic Cooperation: The Making of the Austrian and Hungarian Series of the Carnegie Endowment\u2019s \u201cSocial and Economic Consequences of the Great War\u201d (1918 \u2013 1936)<\/p>\n<p>VI. ZWEITER WELTKRIEG<br \/>\nWolfgang Etschmann: \u201c\u2018Fighting the Nazi Invader\u2019with \u2018Total Resistance\u2019\u201d \u2013 Britische Abwehrma\u00dfnahmen gegen eine deutsche Invasion 1940\/41<br \/>\nPhilipp Fraund: Bauen f\u00fcr die Ewigkeit? Die wechselvolle Geschichte der Flakt\u00fcrme in Berlin, Hamburg und Wien<br \/>\nWinfried Heinemann: \u00d6sterreicher im Bendlerblock: Robert Bernardis vs. Karl Pridun am 20. Juli 1944<br \/>\nMarkus Reisner: Die Rolle der milit\u00e4rischen Widerstandsgruppe um Major Carl Szokoll m M\u00e4rz\/April 1945. Eine Analyse im Spiegel zeitgen\u00f6ssischer sowjetischer Berichte<\/p>\n<p>VII. NACHKRIEGSZEIT<br \/>\nJenny \u00d6hman: Schwedische Hilfseins\u00e4tze in Wien nach den beiden Weltkriegen<br \/>\nBarbara Stelzl-Marx: \u201eNicht Eroberer, sondern Befreier!\u201c Sowjetische Propaganda in \u00d6sterreich zu Kriegsende 1945<br \/>\nDieter H. Kollmer: \u201eNiemand hat die Absicht eine Mauer zu errichten!\u201c Politische Impressionen aus den beiden deutschen Staaten im ersten Jahrzehnt der Teilung (1948 \u2013 1961)<\/p>\n<p>VIII. \u00d6STERREICH IM KALTEN KRIEG<br \/>\nPeter Ruggenthaler \u2013 Maximilian Graf: Die Sowjetunion und die Ungarnfl\u00fcchtlinge in \u00d6sterreich 1956<br \/>\nMichael Gehler: \u201e&#8230; dass die Zeiten der Besetzung definitiv vorbei sind..\u201c? Ein bemerkenswertes Dokument zum amerikanisch-\u00f6sterreichischen Verh\u00e4ltnis und den Anf\u00e4ngen der au\u00dfenpolitischen Ost-West-Emanzipation 1958<br \/>\nUlfried Burz: \u00d6sterreich und Tito-Jugoslawien: Zwischen Belgrad und Wien liegt Klagenfurt<\/p>\n<p>IX. GEHEIMDIENSTE<br \/>\nWolfgang Krieger: Wie schreibt man die Geschichte von Geheimdiensten?<br \/>\nSiegfried Beer: Ein ambivalenter Seitenwechsel in Istanbul 1944. Der Fall Karl und Stella Kleczkowski. Eine selektive Dokumentation<br \/>\nWalter Posch: Die Memoiren des Hossein Fardoust als Quelle zum SAVAK<\/p>\n<p>X. INTERNATIONALE BEZIEHUNGEN II<br \/>\nBeatrice Heuser: Bloodlands auf dem Balkan, 1946 \u2013 1953. B\u00fcrgerkriege und internationale Konflikte<br \/>\nGunther Hauser: Wer hat Angst vor der ESVI? Westeuropa im Banne milit\u00e4rischer Dreiecksbeziehungen<br \/>\nIrene Etzersdorfer: To be, not to be, or shades of grey? To what extent is the \u201crefugee problematic\u201d in Cyprus home-made?<\/p>\n<p>XI. MILIT\u00c4R- UND TRUPPENGESCHICHTE<br \/>\nRolf M. Urrisk-Oberty\u0144ski: Die k. u. k. Leibgarden am \u00f6sterreichisch-ungarischen Hof 1518 \u2013 1918<br \/>\nChristoph Neumayer: \u201eUnsere Bosniaken\u201c: Bosnisch-herzegowinische Truppen in \u00d6sterreich in der \u00f6sterreichischen medialen Berichterstattung 1882 \u2013 1938<br \/>\nHermann Hinterstoisser: Die Feldkappe im \u00f6sterreichischen Heer<br \/>\nBruno W. Koppensteiner: Krieg und Milit\u00e4r sind nicht nur reine M\u00e4nnersache<\/p>\n<p>XII. ESSAYS<br \/>\nStefan Karner: Nach dem Krieg: Zum Aufbau des Handels 1918\/19<br \/>\nEmil Brix: Europa und der Humanismus im 21. Jahrhundert<br \/>\nFranz Cede: Erinnerungen eines Botschafters an die \u00f6sterreichische Vertretung bei der NATO<br \/>\nMartin Haidinger: Gebrochene Erinnerung \u2013 die Hassliebe zum Alten \u00d6sterreich<br \/>\nGeorg Hoffmann: Erwin A. Schmidl. Schriftenverzeichnis<\/p>\n","protected":false},"excerpt":{"rendered":"<p>Only available in German<\/p>\n","protected":false},"featured_media":11470,"template":"","meta":{"site-sidebar-layout":"default","site-content-layout":"default","ast-main-header-display":"","ast-hfb-above-header-display":"","ast-hfb-below-header-display":"","ast-hfb-mobile-header-display":"","site-post-title":"","ast-breadcrumbs-content":"","ast-featured-img":"","footer-sml-layout":"","theme-transparent-header-meta":"","adv-header-id-meta":"","stick-header-meta":"","header-above-stick-meta":"","header-main-stick-meta":"","header-below-stick-meta":""},"product_brand":[],"product_cat":[238,453],"product_tag":[],"test":[],"autoren":[],"class_list":{"0":"post-12576","1":"product","2":"type-product","3":"status-publish","4":"has-post-thumbnail","6":"product_cat-militaergeschichte-tagebuecher-literatur-en","7":"product_cat-englisch-en","8":"align-center","9":"box-shadow-1","10":"box-shadow-2-hover","11":"ast-product-gallery-layout-horizontal","12":"ast-product-tabs-layout-horizontal","14":"first","15":"instock","16":"taxable","17":"shipping-taxable","18":"purchasable","19":"product-type-simple"},"_links":{"self":[{"href":"https:\/\/shop.militaria.at\/en\/wp-json\/wp\/v2\/product\/12576","targetHints":{"allow":["GET"]}}],"collection":[{"href":"https:\/\/shop.militaria.at\/en\/wp-json\/wp\/v2\/product"}],"about":[{"href":"https:\/\/shop.militaria.at\/en\/wp-json\/wp\/v2\/types\/product"}],"wp:featuredmedia":[{"embeddable":true,"href":"https:\/\/shop.militaria.at\/en\/wp-json\/wp\/v2\/media\/11470"}],"wp:attachment":[{"href":"https:\/\/shop.militaria.at\/en\/wp-json\/wp\/v2\/media?parent=12576"}],"wp:term":[{"taxonomy":"product_brand","embeddable":true,"href":"https:\/\/shop.militaria.at\/en\/wp-json\/wp\/v2\/product_brand?post=12576"},{"taxonomy":"product_cat","embeddable":true,"href":"https:\/\/shop.militaria.at\/en\/wp-json\/wp\/v2\/product_cat?post=12576"},{"taxonomy":"product_tag","embeddable":true,"href":"https:\/\/shop.militaria.at\/en\/wp-json\/wp\/v2\/product_tag?post=12576"},{"taxonomy":"test","embeddable":true,"href":"https:\/\/shop.militaria.at\/en\/wp-json\/wp\/v2\/test?post=12576"},{"taxonomy":"autoren","embeddable":true,"href":"https:\/\/shop.militaria.at\/en\/wp-json\/wp\/v2\/autoren?post=12576"}],"curies":[{"name":"wp","href":"https:\/\/api.w.org\/{rel}","templated":true}]}}