{"id":12577,"date":"2010-09-22T08:40:09","date_gmt":"2010-09-22T07:40:09","guid":{"rendered":"https:\/\/shop.militaria.at\/product\/kraftfahrtruppen-band-1-2\/"},"modified":"2026-03-26T12:01:33","modified_gmt":"2026-03-26T11:01:33","slug":"kraftfahrtruppen-band-1-2","status":"publish","type":"product","link":"https:\/\/shop.militaria.at\/en\/product\/kraftfahrtruppen-band-1-2\/","title":{"rendered":"Kraftfahrtruppen, Band 1+2"},"content":{"rendered":"<p>Als j\u00fcngste Waffengattung des Heeres war im Jahre 1907 eine Kraftfahrtruppe als Teil der Verkehrstruppen gegr\u00fcndet worden. Bis zum Kriegsbeginn erprobten diese Truppen haupts\u00e4chlich Lastkraftwagen f\u00fcr eine milit\u00e4rische Verwendung. Aus einem geringen Friedensstamm entstanden bei der Mobilmachung 114 Kriegsformationen mit insgesamt rund 200 Offizieren und 8000 Mann. Die neu aufgestellten Formationen konzentrierten sich auf Lastkraftwagen-Kolonnen f\u00fcr die Etappe. Bald erwiesen sich die Kraftwagen-Kolonnen zur Sicherstellung des Nachschubs als unentbehrlich, was zu einer starken Vermehrung der Kraftwagen f\u00fchrte.<\/p>\n<p>Im Dezember 1916 kam es zu einer grundlegenden Reorganisation des Kraftfahrwesens. An seine Spitze trat ein neu ernannter Chef des Feldkraftfahrwesens, der die Leitung der Kraftfahrtruppen im Felde und in der Heimat \u00fcbernahm. Da sich inzwischen der Schwerpunkt der Kraftfahrtruppen von der Etappe in das Operationsgebiet verlagert hatte, wurden alle Kraftwagen-Kolonnen, -Staffeln und -Parks zu Armeetruppen und entsprechend umbenannt. Gleichzeitig erhielt jede Division ihre eigene Kraftwagen-Kolonne. Mit dieser Reorganisation wurde die Kraftfahrtruppe endg\u00fcltig als selbstst\u00e4ndige Waffengattung etabliert, die nun im Armeebereich angesiedelt war und neben rund 240 Divisions-Kolonnen im Kern aus zuletzt 320 Armee-Kraftwagen-Kolonnen bestand.<\/p>\n<p>Im Herbst 1914 entstanden erste Abteilungen mit Kraftradfahrern, die vor allem im Melde- und Patrouillendienst Verwendung fanden; 1917 wurden sie in Kraftrad-Abteilungen umbenannt.<\/p>\n<p>Zu den Kraftfahrtruppen geh\u00f6rten ebenfalls die Panzerwagen, auch Tanks genannt. Erst im Jahre 1917 konnte ein kriegsbrauchbarer Panzerwagen A7V entwickelt und in geringer St\u00fcckzahl produziert werden. Damit wurden erste Sturm-Panzerkraftwagen-Abteilungen aufgestellt, denen 1918 weitere Abteilungen folgten, die mit Beute-Tanks ausgestattet werden mussten.<\/p>\n<p>Zunehmend leistete die Kraftfahrtruppe Hilfe bei der Motorisierung anderer Truppengattungen. Seit Beginn des Krieges waren f\u00fcr St\u00e4be, Flieger, Luftschiffer usw. einzelne Kraftwagen mit Personal zur Verf\u00fcgung gestellt worden. Einen besonderen Schwerpunkt erlangte die Bereitstellung von Zugmaschinen, um schwere und schwerste Gesch\u00fctze der Fu\u00dfartillerie bewegen zu k\u00f6nnen.<\/p>\n<p>In der Heimat verf\u00fcgte die Kraftfahrtruppe \u00fcber eine eigene Nachschuborganisation: F\u00fcr das Personal sorgten Ersatz-Abteilungen, f\u00fcr das Kraftfahrger\u00e4t immobile Kraftwagen-Depots.<\/p>\n<p>Seit Kriegsbeginn erfuhr das Kraftfahrwesen Unterst\u00fctzung durch mehrere zivile Organisationen. Hierzu geh\u00f6rte ein Freiwilliges Automobilkorps, nach dessen Vorbild auch ein bayerisches und s\u00e4chsisches Freiwilligen-Korps entstanden. Besonders zahlreich waren die freiwilligen Sanit\u00e4ts-Kraftfahr-Formationen.<\/p>\n<p>Alle Kommandostellen und Kraftfahrtruppen werden hier erstmals detailliert behandelt und vermitteln so ein eingehendes Bild des Kraftfahrwesens im Ersten Weltkrieg.<\/p>\n<p>&nbsp;<\/p>\n<h2>\u00dcber das Gesamtwerk: Handbuch der Verb\u00e4nde und Truppen des deutschen Heeres 1914\u20131918<\/h2>\n<p>Mit dieser Reihe wird erstmals ein umfassender \u00dcberblick u\u0308ber alle Verb\u00e4nde und Truppen des deutschen Heeres im Ersten Weltkrieg vorgelegt. Obwohl das allgemeine Interesse an dieser Zeitepoche einen starken Aufschwung erfahren hat, mangelte es bislang an einem Nachschlagewerk, das zuverl\u00e4ssig u\u0308ber die Formationen des Heeres und seine Gliederungen Auskunft geben kann. Dieser Mangel soll durch das vorliegende Gesamtwerk behoben werden, das nicht nur alle jemals aufgestellten Kriegsformationen enth\u00e4lt, sondern auch die wechselnde Kriegsgliederung des Heeres nachzeichnet. Die Ausarbeitung beruht fast ausschlie\u00dflich auf bislang unbekannten zeitgen\u00f6ssischen Quellen, die der Autor durch jahrelange Forschungen in den einschl\u00e4gigen Archiven auswerten konnte. Mit Hilfe fachkundiger Mitarbeiter gelang es, die immensen Datenmengen zu verarbeiten und in eine u\u0308bersichtliche Form zu bringen. Durch den gewaltigen Umfang des Heeres und die gro\u00dfe Anzahl der verarbeiteten Einzeldaten ist das Gesamtwerk auf 20\u00a0B\u00e4nde veranschlagt, wobei die einzelnen B\u00e4nde jeweils nach dem Stand der Bearbeitung erscheinen.<\/p>\n","protected":false},"excerpt":{"rendered":"<p>Only available in German<\/p>\n","protected":false},"featured_media":11822,"template":"","meta":{"site-sidebar-layout":"default","site-content-layout":"default","ast-main-header-display":"","ast-hfb-above-header-display":"","ast-hfb-below-header-display":"","ast-hfb-mobile-header-display":"","site-post-title":"","ast-breadcrumbs-content":"","ast-featured-img":"","footer-sml-layout":"","theme-transparent-header-meta":"","adv-header-id-meta":"","stick-header-meta":"","header-above-stick-meta":"","header-main-stick-meta":"","header-below-stick-meta":""},"product_brand":[],"product_cat":[239,453],"product_tag":[],"test":[],"autoren":[553,173,452],"class_list":{"0":"post-12577","1":"product","2":"type-product","3":"status-publish","4":"has-post-thumbnail","6":"product_cat-nachschlagewerke-verzeichnisse-en","7":"product_cat-englisch-en","8":"autoren-dr-achim-fuchs-en","9":"autoren-dr-juergen-kraus-en","10":"autoren-thierry-ehret-en","11":"align-center","12":"box-shadow-1","13":"box-shadow-2-hover","14":"ast-product-gallery-layout-horizontal","15":"ast-product-tabs-layout-horizontal","17":"first","18":"instock","19":"taxable","20":"shipping-taxable","21":"purchasable","22":"product-type-simple"},"_links":{"self":[{"href":"https:\/\/shop.militaria.at\/en\/wp-json\/wp\/v2\/product\/12577","targetHints":{"allow":["GET"]}}],"collection":[{"href":"https:\/\/shop.militaria.at\/en\/wp-json\/wp\/v2\/product"}],"about":[{"href":"https:\/\/shop.militaria.at\/en\/wp-json\/wp\/v2\/types\/product"}],"wp:featuredmedia":[{"embeddable":true,"href":"https:\/\/shop.militaria.at\/en\/wp-json\/wp\/v2\/media\/11822"}],"wp:attachment":[{"href":"https:\/\/shop.militaria.at\/en\/wp-json\/wp\/v2\/media?parent=12577"}],"wp:term":[{"taxonomy":"product_brand","embeddable":true,"href":"https:\/\/shop.militaria.at\/en\/wp-json\/wp\/v2\/product_brand?post=12577"},{"taxonomy":"product_cat","embeddable":true,"href":"https:\/\/shop.militaria.at\/en\/wp-json\/wp\/v2\/product_cat?post=12577"},{"taxonomy":"product_tag","embeddable":true,"href":"https:\/\/shop.militaria.at\/en\/wp-json\/wp\/v2\/product_tag?post=12577"},{"taxonomy":"test","embeddable":true,"href":"https:\/\/shop.militaria.at\/en\/wp-json\/wp\/v2\/test?post=12577"},{"taxonomy":"autoren","embeddable":true,"href":"https:\/\/shop.militaria.at\/en\/wp-json\/wp\/v2\/autoren?post=12577"}],"curies":[{"name":"wp","href":"https:\/\/api.w.org\/{rel}","templated":true}]}}