{"id":12578,"date":"2010-09-22T08:46:41","date_gmt":"2010-09-22T07:46:41","guid":{"rendered":"https:\/\/shop.militaria.at\/product\/jager-und-kavallerie\/"},"modified":"2026-03-26T12:06:00","modified_gmt":"2026-03-26T11:06:00","slug":"jaeger-und-kavallerie","status":"publish","type":"product","link":"https:\/\/shop.militaria.at\/en\/product\/jaeger-und-kavallerie\/","title":{"rendered":"J\u00e4ger und Kavallerie"},"content":{"rendered":"<p>In diesem Band werden folgende Truppengattungen behandelt:<\/p>\n<ol>\n<li>J\u00e4ger und Sch\u00fctzen: Auf Grund ihrer bevorzugten Auswahl und Ausbildung genossen die J\u00e4ger stets einen besonderen Ruf. Zu den bestehenden 18 aktiven Bataillonen wurden nach Kriegsbeginn noch 26 Reserve-J\u00e4ger-Bataillone aufgestellt. Seit 1915 fasste man die Bataillone zu insgesamt 16 J\u00e4ger-Regimentern zusammen.<\/li>\n<li>Schneeschuh- und Gebirgstruppen: F\u00fcr den Einsatz in schneereichen Regionen entstanden im Winter 1914\/15 erste Schneeschuhtruppen, die im Fr\u00fchjahr 1915 zu Gebirgstruppen im J\u00e4ger-Regiment 3 umgegliedert wurden. W\u00fcrttemberg stellte ein eigenst\u00e4ndiges Gebirgs-Bataillon auf, das sp\u00e4ter zum Regiment erweitert wurde.<\/li>\n<li>Sturmtruppen: Die Angriffe auf die stark befestigten Stellungen erforderten besonders ausgebildete Sturmtruppen. Aus einer 1915 erstmals im Westen eingesetzten Abteilung entstand im gleichen Jahr das \u201eSturm-Bataillon Rohr\u201c als Lehrtruppe f\u00fcr die seit Ende 1916 aufgestellten 16 Sturm-Bataillone.<\/li>\n<li>Radfahrtruppen: Zun\u00e4chst waren die Radfahrer-Kompanien an die J\u00e4ger-Bataillone angegliedert. Da sie auf Grund ihrer gro\u00dfen Beweglichkeit bald unentbehrlich wurden, entstanden im Verlauf des Krieges zus\u00e4tzlich zahlreiche selbst\u00e4ndige Radfahrer-Kompanien. Seit 1916 fasste man die Kompanien zu 8 Radfahrer-Bataillonen zusammen.<\/li>\n<li>Kavallerie: Die bei Kriegsbeginn in Heeres- und in Divisionskavallerie eingeteilte Kavallerie umfasste 110 aktive Kavallerie-Regimenter und 33 Reserve-Regimenter, zu denen noch Landwehr- und Landsturm-Eskadrons kamen. Auf Grund des gro\u00dfen Pferdemangels mussten 1915 mehrere Eskadrons, seit Herbst 1916 auch ganze Kavallerie-Divisionen ihre Pferde abgeben. Dadurch verloren \u00fcber 50 Regimenter ihre Pferde und wurden in unberittene \u201eKavallerie-Sch\u00fctzen-Regimenter\u201c in St\u00e4rke eines Infanterie-Bataillons umgewandelt.<\/li>\n<\/ol>\n<p>&nbsp;<\/p>\n<p>F\u00fcr alle Truppen sind in \u00fcbersichtlicher Form die wesentlichen Daten zur Organisation ausgebreitet, besonders zur Aufstellung, Umgliederung und Aufl\u00f6sung. Dadurch l\u00e4sst sich der Weg der Truppen w\u00e4hrend des Krieges nahezu l\u00fcckenlos verfolgen.<\/p>\n<p>&nbsp;<\/p>\n<h2>\u00dcber das Gesamtwerk: Handbuch der Verb\u00e4nde und Truppen des deutschen Heeres 1914\u20131918<\/h2>\n<p>Mit dieser Reihe wird erstmals ein umfassender \u00dcberblick u\u0308ber alle Verb\u00e4nde und Truppen des deutschen Heeres im Ersten Weltkrieg vorgelegt. Obwohl das allgemeine Interesse an dieser Zeitepoche einen starken Aufschwung erfahren hat, mangelte es bislang an einem Nachschlagewerk, das zuverl\u00e4ssig u\u0308ber die Formationen des Heeres und seine Gliederungen Auskunft geben kann. Dieser Mangel soll durch das vorliegende Gesamtwerk behoben werden, das nicht nur alle jemals aufgestellten Kriegsformationen enth\u00e4lt, sondern auch die wechselnde Kriegsgliederung des Heeres nachzeichnet. Die Ausarbeitung beruht fast ausschlie\u00dflich auf bislang unbekannten zeitgen\u00f6ssischen Quellen, die der Autor durch jahrelange Forschungen in den einschl\u00e4gigen Archiven auswerten konnte. Mit Hilfe fachkundiger Mitarbeiter gelang es, die immensen Datenmengen zu verarbeiten und in eine u\u0308bersichtliche Form zu bringen. Durch den gewaltigen Umfang des Heeres und die gro\u00dfe Anzahl der verarbeiteten Einzeldaten ist das Gesamtwerk auf 20\u00a0B\u00e4nde veranschlagt, wobei die einzelnen B\u00e4nde jeweils nach dem Stand der Bearbeitung erscheinen.<\/p>\n","protected":false},"excerpt":{"rendered":"<p>Only available in German<\/p>\n","protected":false},"featured_media":11831,"template":"","meta":{"site-sidebar-layout":"default","site-content-layout":"default","ast-main-header-display":"","ast-hfb-above-header-display":"","ast-hfb-below-header-display":"","ast-hfb-mobile-header-display":"","site-post-title":"","ast-breadcrumbs-content":"","ast-featured-img":"","footer-sml-layout":"","theme-transparent-header-meta":"","adv-header-id-meta":"","stick-header-meta":"","header-above-stick-meta":"","header-main-stick-meta":"","header-below-stick-meta":""},"product_brand":[],"product_cat":[239,453],"product_tag":[],"test":[],"autoren":[173],"class_list":{"0":"post-12578","1":"product","2":"type-product","3":"status-publish","4":"has-post-thumbnail","6":"product_cat-nachschlagewerke-verzeichnisse-en","7":"product_cat-englisch-en","8":"autoren-dr-juergen-kraus-en","9":"align-center","10":"box-shadow-1","11":"box-shadow-2-hover","12":"ast-product-gallery-layout-horizontal","13":"ast-product-tabs-layout-horizontal","15":"first","16":"instock","17":"taxable","18":"shipping-taxable","19":"purchasable","20":"product-type-simple"},"_links":{"self":[{"href":"https:\/\/shop.militaria.at\/en\/wp-json\/wp\/v2\/product\/12578","targetHints":{"allow":["GET"]}}],"collection":[{"href":"https:\/\/shop.militaria.at\/en\/wp-json\/wp\/v2\/product"}],"about":[{"href":"https:\/\/shop.militaria.at\/en\/wp-json\/wp\/v2\/types\/product"}],"wp:featuredmedia":[{"embeddable":true,"href":"https:\/\/shop.militaria.at\/en\/wp-json\/wp\/v2\/media\/11831"}],"wp:attachment":[{"href":"https:\/\/shop.militaria.at\/en\/wp-json\/wp\/v2\/media?parent=12578"}],"wp:term":[{"taxonomy":"product_brand","embeddable":true,"href":"https:\/\/shop.militaria.at\/en\/wp-json\/wp\/v2\/product_brand?post=12578"},{"taxonomy":"product_cat","embeddable":true,"href":"https:\/\/shop.militaria.at\/en\/wp-json\/wp\/v2\/product_cat?post=12578"},{"taxonomy":"product_tag","embeddable":true,"href":"https:\/\/shop.militaria.at\/en\/wp-json\/wp\/v2\/product_tag?post=12578"},{"taxonomy":"test","embeddable":true,"href":"https:\/\/shop.militaria.at\/en\/wp-json\/wp\/v2\/test?post=12578"},{"taxonomy":"autoren","embeddable":true,"href":"https:\/\/shop.militaria.at\/en\/wp-json\/wp\/v2\/autoren?post=12578"}],"curies":[{"name":"wp","href":"https:\/\/api.w.org\/{rel}","templated":true}]}}