{"id":12693,"date":"2000-03-07T09:00:44","date_gmt":"2000-03-07T08:00:44","guid":{"rendered":"https:\/\/shop.militaria.at\/product\/der-zauber-der-montur\/"},"modified":"2025-10-27T14:26:51","modified_gmt":"2025-10-27T13:26:51","slug":"der-zauber-der-montur","status":"publish","type":"product","link":"https:\/\/shop.militaria.at\/en\/product\/der-zauber-der-montur\/","title":{"rendered":"Der Zauber der Montur"},"content":{"rendered":"<p>Die Neuauflage des gleicherma\u00dfen umfangreichen wie auch reich illustrierten milit\u00e4rischen Warenhauskataloges der Wiener Firma Max Schall, Ausgabe 1914\/15, l\u00e4sst das Herz eines jeden am k.u.k. Milit\u00e4r Interessierten h\u00f6herschlagen.<br \/>\nDieser Katalog bietet auf \u00fcber 370 Seiten Einblicke in die gegenst\u00e4ndliche Alltagswelt eines Offiziers oder Unteroffiziers der k. (u.) k. Armee in allen Garnisonen \u00d6sterreich-Ungarns mit seinen \u00fcber 52 Millionen Einwohnern. Eine Einleitung von Dr. Erhard Koppensteiner, die sich mit der Erzeugung und dem Handel von Uniformen und milit\u00e4rischer Ausr\u00fcstung durch private Ausstatter in Wien befasst, ist dem Katalog vorangestellt. So genau das dienstliche wie private Erscheinungsbild des einst hochgeachteten Milit\u00e4rstandes zum Beispiel durch Adjustierungs-\u201eVorschriften\u201c innerhalb einer riesigen und bunten Vielfalt geregelt war, so variantenreich war der tolerierte oder auch durch die verschiedenen Erzeuger der Produkte entstandene Freiraum f\u00fcr individuelle Bed\u00fcrfnisse und Vorlieben sowie Qualit\u00e4ten und Preisklassen, Standesgewohnheiten und auch zeitlich wandelnde Moden. So gab es unter den vielen \u2013 heute so gut wie nur mehr dem Namen nach bekannten \u2013 Firmen auch welche, wo man unter sage und schreibe 106 verschiedenen F\u00e4hnrichs-Portepees w\u00e4hlen konnte, in der Adjustierungsvorschrift war freilich nur eine Art vorgezeigt. Uniformen und Ausr\u00fcstungsgegenst\u00e4nde aus Wien, Prag, Budapest oder Pre\u00dfburg hatten zudem einen noch h\u00f6heren Prestigewert, selbst wenn in den Garnisonen Bregenz (\u00d6sterreich), Czernowitz (Ukraine), Reichenberg (Tschechische Republik), Triest (Italien), Fiume\/Rijeka (Kroatien), Novi Sad\/\u00dajvid\u00e9k\/Neusatz (Serbien), Cattaro (Montenegro) oder Brasov\/Kronstadt (Rum\u00e4nien) und dergleichen ebenfalls Milit\u00e4rartikel angeboten worden waren.<br \/>\nSomit entsteht mit der Neuherausgabe dieses Warenhauskataloges mit seiner sowohl milit\u00e4rischen als auch zivilen Angebotspalette, die sich auch in den detailreichen Schwarz-Wei\u00df-Abbildungen zeigt, nicht nur ein beinahe enzyklop\u00e4disches Nachschlage- und Vergleichswerk f\u00fcr Sammler und Interessierte, sondern stellt auch eine willkommene Erg\u00e4nzung zu jeder milit\u00e4rischen Adjustierungsvorschrift dar. Dadurch k\u00f6nnen vielfach L\u00fccken bisherigen Wissens durch Nachvollzug der vielen \u2013 akzeptiert gewesenen \u2013 Varianten geschlossen werden.<\/p>\n","protected":false},"excerpt":{"rendered":"<p>Only available in German<\/p>\n","protected":false},"featured_media":1602,"template":"","meta":{"site-sidebar-layout":"default","site-content-layout":"default","ast-main-header-display":"","ast-hfb-above-header-display":"","ast-hfb-below-header-display":"","ast-hfb-mobile-header-display":"","site-post-title":"","ast-breadcrumbs-content":"","ast-featured-img":"","footer-sml-layout":"","theme-transparent-header-meta":"default","adv-header-id-meta":"","stick-header-meta":"default","header-above-stick-meta":"","header-main-stick-meta":"","header-below-stick-meta":""},"product_brand":[],"product_cat":[241,453],"product_tag":[],"test":[],"autoren":[],"class_list":{"0":"post-12693","1":"product","2":"type-product","3":"status-publish","4":"has-post-thumbnail","6":"product_cat-uniformierung-ausruestung_en","7":"product_cat-englisch-en","8":"align-center","9":"box-shadow-1","10":"box-shadow-2-hover","11":"ast-product-gallery-layout-horizontal","12":"ast-product-tabs-layout-horizontal","14":"first","15":"instock","16":"taxable","17":"shipping-taxable","18":"purchasable","19":"product-type-simple"},"_links":{"self":[{"href":"https:\/\/shop.militaria.at\/en\/wp-json\/wp\/v2\/product\/12693","targetHints":{"allow":["GET"]}}],"collection":[{"href":"https:\/\/shop.militaria.at\/en\/wp-json\/wp\/v2\/product"}],"about":[{"href":"https:\/\/shop.militaria.at\/en\/wp-json\/wp\/v2\/types\/product"}],"wp:featuredmedia":[{"embeddable":true,"href":"https:\/\/shop.militaria.at\/en\/wp-json\/wp\/v2\/media\/1602"}],"wp:attachment":[{"href":"https:\/\/shop.militaria.at\/en\/wp-json\/wp\/v2\/media?parent=12693"}],"wp:term":[{"taxonomy":"product_brand","embeddable":true,"href":"https:\/\/shop.militaria.at\/en\/wp-json\/wp\/v2\/product_brand?post=12693"},{"taxonomy":"product_cat","embeddable":true,"href":"https:\/\/shop.militaria.at\/en\/wp-json\/wp\/v2\/product_cat?post=12693"},{"taxonomy":"product_tag","embeddable":true,"href":"https:\/\/shop.militaria.at\/en\/wp-json\/wp\/v2\/product_tag?post=12693"},{"taxonomy":"test","embeddable":true,"href":"https:\/\/shop.militaria.at\/en\/wp-json\/wp\/v2\/test?post=12693"},{"taxonomy":"autoren","embeddable":true,"href":"https:\/\/shop.militaria.at\/en\/wp-json\/wp\/v2\/autoren?post=12693"}],"curies":[{"name":"wp","href":"https:\/\/api.w.org\/{rel}","templated":true}]}}