{"id":12694,"date":"2010-09-22T09:40:57","date_gmt":"2010-09-22T08:40:57","guid":{"rendered":"https:\/\/shop.militaria.at\/product\/luftstreitkrafte\/"},"modified":"2026-03-26T11:57:30","modified_gmt":"2026-03-26T10:57:30","slug":"luftstreitkrafte","status":"publish","type":"product","link":"https:\/\/shop.militaria.at\/en\/product\/luftstreitkrafte\/","title":{"rendered":"Luftstreitkr\u00e4fte, Band 1"},"content":{"rendered":"<p>In diesem ersten Band von Teil XII \u2013 Luftstreitkr\u00e4fte \u2013 des Gesamtwerkes werden die Luftschiffer- und Fliegertruppen behandelt, die bei Kriegsausbruch noch getrennt nebeneinander existierten.<\/p>\n<p>Die Luftschiffertruppen umfassten Luftschifftrupps f\u00fcr Luftschiffe und Feldluftschiffer-Abteilungen f\u00fcr Fesselballone. Motorgetriebene Luftschiffe unternahmen in den ersten Kriegsjahren weitreichende Aufkl\u00e4rungsfl\u00fcge und Bombenangriffe vor allem gegen England. Infolge der hohen Verluste wurde ihr Einsatz im Jahre 1917 eingestellt. Den gr\u00f6\u00dften Teil der Luftschiffertruppen nahmen die insgesamt 53 Feldluftschiffer-Abteilungen ein. Mit Fesselballonen ausger\u00fcstet, dienten sie zur Nahaufkl\u00e4rung feindlicher Stellungen und Unterst\u00fctzung des Artillerieschie\u00dfens. 1917 wurden die rund 185 Ballonz\u00fcge selbstst\u00e4ndig und nur noch nach taktischen Bed\u00fcrfnissen zu Abteilungen vereinigt.<\/p>\n<p>Die bei Kriegsbeginn aufgestellten 33 Feldflieger-Abteilungen dienten anfangs nur zur Aufkl\u00e4rung. Seit 1915 setzte eine zunehmende Spezialisierung der Fliegertruppen ein, zun\u00e4chst durch besondere Artillerie-Flieger-Abteilungen zur besseren Zusammenarbeit mit der Artillerie, einzelne Kampfeinsitzer-Kommandos f\u00fcr deren Schutz und Kampfgeschwader der OHL f\u00fcr die Er\u00f6ffnung eines Bombenkrieges. Im Herbst 1916 wurde das gesamte Flugwesen des Heeres einem Kommandierenden General unterstellt und die \u201eLuftstreitkr\u00e4fte\u201c als neue Waffengattung begr\u00fcndet. Durch eine 1917 eingeleitete Neuorganisation begann ein starkes Ausbauprogramm f\u00fcr Flugzeuge und Verb\u00e4nde. Dadurch entstanden 54 neue Flieger-Abteilungen f\u00fcr die taktische Aufkl\u00e4rung und 98 Flieger-Abteilungen (A) zur intensiven Artilleriebeobachtung. Deren Sicherung \u00fcbernahmen jetzt 30 Schutzstaffeln, die 1918 in Schlachtstaffeln umbenannt wurden. Den Kampf um die Luftherrschaft \u00fcbernahmen \u00fcber 80 Jagdstaffeln, w\u00e4hrend sieben Bombengeschwader der OHL weiter den Bombenkrieg f\u00fchrten. In der Heimat sorgten zahlreiche Spezialschulen f\u00fcr die Ausbildung des Fliegerpersonals. Aus geringen Anf\u00e4ngen hatten sich die Luftstreitkr\u00e4fte im Verlauf des Krieges etwa verzehnfacht und zu einer bedeutenden Waffengattung entwickelt, ohne deren Mitwirkung keine Operationen mehr denkbar waren.<\/p>\n<p>F\u00fcr alle Truppen und Dienststellen sind in \u00fcbersichtlicher Form die wesentlichen Daten zur Organisation ausgebreitet, besonders zur Aufstellung, Umgliederung und Aufl\u00f6sung. Dadurch l\u00e4sst sich der Weg der Truppen w\u00e4hrend des Krieges nahezu l\u00fcckenlos verfolgen.<\/p>\n<p>&nbsp;<\/p>\n<h2>\u00dcber das Gesamtwerk: Handbuch der Verb\u00e4nde und Truppen des deutschen Heeres 1914\u20131918<\/h2>\n<p>Mit dieser Reihe wird erstmals ein umfassender \u00dcberblick u\u0308ber alle Verb\u00e4nde und Truppen des deutschen Heeres im Ersten Weltkrieg vorgelegt. Obwohl das allgemeine Interesse an dieser Zeitepoche einen starken Aufschwung erfahren hat, mangelte es bislang an einem Nachschlagewerk, das zuverl\u00e4ssig u\u0308ber die Formationen des Heeres und seine Gliederungen Auskunft geben kann. Dieser Mangel soll durch das vorliegende Gesamtwerk behoben werden, das nicht nur alle jemals aufgestellten Kriegsformationen enth\u00e4lt, sondern auch die wechselnde Kriegsgliederung des Heeres nachzeichnet. Die Ausarbeitung beruht fast ausschlie\u00dflich auf bislang unbekannten zeitgen\u00f6ssischen Quellen, die der Autor durch jahrelange Forschungen in den einschl\u00e4gigen Archiven auswerten konnte. Mit Hilfe fachkundiger Mitarbeiter gelang es, die immensen Datenmengen zu verarbeiten und in eine u\u0308bersichtliche Form zu bringen. Durch den gewaltigen Umfang des Heeres und die gro\u00dfe Anzahl der verarbeiteten Einzeldaten ist das Gesamtwerk auf 20\u00a0B\u00e4nde veranschlagt, wobei die einzelnen B\u00e4nde jeweils nach dem Stand der Bearbeitung erscheinen.<\/p>\n","protected":false},"excerpt":{"rendered":"<p>Only available in German<\/p>\n","protected":false},"featured_media":12043,"template":"","meta":{"site-sidebar-layout":"default","site-content-layout":"default","ast-main-header-display":"","ast-hfb-above-header-display":"","ast-hfb-below-header-display":"","ast-hfb-mobile-header-display":"","site-post-title":"","ast-breadcrumbs-content":"","ast-featured-img":"","footer-sml-layout":"","theme-transparent-header-meta":"","adv-header-id-meta":"","stick-header-meta":"","header-above-stick-meta":"","header-main-stick-meta":"","header-below-stick-meta":""},"product_brand":[],"product_cat":[239,453],"product_tag":[],"test":[],"autoren":[173,989],"class_list":{"0":"post-12694","1":"product","2":"type-product","3":"status-publish","4":"has-post-thumbnail","6":"product_cat-nachschlagewerke-verzeichnisse-en","7":"product_cat-englisch-en","8":"autoren-dr-juergen-kraus-en","9":"autoren-wilhelm-birker-en","10":"align-center","11":"box-shadow-1","12":"box-shadow-2-hover","13":"ast-product-gallery-layout-horizontal","14":"ast-product-tabs-layout-horizontal","16":"first","17":"instock","18":"taxable","19":"shipping-taxable","20":"purchasable","21":"product-type-simple"},"_links":{"self":[{"href":"https:\/\/shop.militaria.at\/en\/wp-json\/wp\/v2\/product\/12694","targetHints":{"allow":["GET"]}}],"collection":[{"href":"https:\/\/shop.militaria.at\/en\/wp-json\/wp\/v2\/product"}],"about":[{"href":"https:\/\/shop.militaria.at\/en\/wp-json\/wp\/v2\/types\/product"}],"wp:featuredmedia":[{"embeddable":true,"href":"https:\/\/shop.militaria.at\/en\/wp-json\/wp\/v2\/media\/12043"}],"wp:attachment":[{"href":"https:\/\/shop.militaria.at\/en\/wp-json\/wp\/v2\/media?parent=12694"}],"wp:term":[{"taxonomy":"product_brand","embeddable":true,"href":"https:\/\/shop.militaria.at\/en\/wp-json\/wp\/v2\/product_brand?post=12694"},{"taxonomy":"product_cat","embeddable":true,"href":"https:\/\/shop.militaria.at\/en\/wp-json\/wp\/v2\/product_cat?post=12694"},{"taxonomy":"product_tag","embeddable":true,"href":"https:\/\/shop.militaria.at\/en\/wp-json\/wp\/v2\/product_tag?post=12694"},{"taxonomy":"test","embeddable":true,"href":"https:\/\/shop.militaria.at\/en\/wp-json\/wp\/v2\/test?post=12694"},{"taxonomy":"autoren","embeddable":true,"href":"https:\/\/shop.militaria.at\/en\/wp-json\/wp\/v2\/autoren?post=12694"}],"curies":[{"name":"wp","href":"https:\/\/api.w.org\/{rel}","templated":true}]}}