{"id":12695,"date":"2010-09-22T09:56:20","date_gmt":"2010-09-22T08:56:20","guid":{"rendered":"https:\/\/shop.militaria.at\/product\/1917-18-kriegserinnerungen-an-palastina-und-syrien\/"},"modified":"2025-09-29T13:50:47","modified_gmt":"2025-09-29T12:50:47","slug":"1917-18-kriegserinnerungen-an-palastina-und-syrien","status":"publish","type":"product","link":"https:\/\/shop.militaria.at\/en\/product\/1917-18-kriegserinnerungen-an-palastina-und-syrien\/","title":{"rendered":"1917\/18 \u2013 Kriegserinnerungen an Pal\u00e4stina und Syrien"},"content":{"rendered":"<p>Das Kampfgeschehen im \u00f6stlichen Mittelmeer und im Nahen Osten geh\u00f6rt zu den vergessenen \u201eNebenkriegsschaupl\u00e4tzen\u201c des Ersten Weltkrieges, obwohl die Folgen in dieser Region bis heute nachwirken.<\/p>\n<p>\u00d6sterreich-Ungarn entsandte zwischen 1915 und 1918 insgesamt an die 10.000 Soldaten zur Unterst\u00fctzung des Osmanischen Reiches. Dies waren einerseits schwere Artillerieformationen, die Ende 1915 bei den K\u00e4mpfen um die Dardanellen bei Gallipoli, dann zum K\u00fcstenschutz bei Smyrna\/Izmir, anderseits Gebirgsartillerie-Formationen, in Pal\u00e4stina und in Syrien zum Einsatz kamen. Weiters waren mehrere Kraftfahr-Kolonnen im Bereich des Taurus-Gebirges, in Mesopotamien sowie ebenfalls in Pal\u00e4stina eingesetzt.<\/p>\n<p>Der damalige Oberleutnant der Reserve Dr. Adolph Prinz (sp\u00e4ter F\u00fcrst) zu Schwarzenberg (1890\u20131950) war Kommandant einer Kraftfahr-Kolonne und ab 1918 Kraftfahr-Offizier der gesamten motorisierten Artillerie in Pal\u00e4stina und Syrien. In seinem Tagebuch, erg\u00e4nzt durch Ausz\u00fcge aus Briefen an seine Mutter, schildert er lebhaft die Lage in Konstantinopel\/Istanbul und dann im Raum Damaskus bis zum R\u00fcckzug, die Internierung in der Hauptstadt und schlie\u00dflich die R\u00fcckkehr nach \u00d6sterreich Anfang 1919.<\/p>\n<p>Es handelt sich um die erste Ver\u00f6ffentlichung dieses Textes in der originalen deutschen Fassung. Eine tschechische \u00dcbersetzung erschien 1926 in Prag unter dem Titel Pod Praporem Tureck\u00e9ho P\u016flm\u0115s\u00edce (\u201eUnter dem t\u00fcrkischen Halbmond\u201c), ist aber nur in wenigen Exemplaren erhalten und auch antiquarisch sehr selten. Die Edition der Erinnerungen wird erg\u00e4nzt durch eine ausfu\u0308hrliche Einleitung u\u0308ber das Buch, den Autor, die Ku\u0308nstler der Illustrationen sowie zur Geschichte der \u00f6sterreichisch-ungarischen Truppen im Osmanischen Reich 1915\u20131918 und insbesondere der dort eingesetzten Kraftfahr-Formationen. Die Illustrationen stammen von den beiden namhaften Ku\u0308nstlern Robert Hofmann und Helmut Wagner von Freynsheim, die wie Schwarzenberg 1918 im Nahen Osten eingesetzt waren.<\/p>\n<p>Quellen \u00fcber die Anwesenheit \u00f6sterreichisch-ungarischer Truppen im Osmanischen Reich im Ersten Weltkrieg sind selten. Dies gilt besonders f\u00fcr die Kraftfahr-Formationen. Daraus ergibt sich die Bedeutung dieses, dieses hier erstmals in deutscher Sprache publizierten Buches. Es sind die sehr offenen, teils unterhaltsam formulierten Aufzeichnungen eines jungen, gebildeten Offiziers aus der hochadeligen Familie Schwarzenberg. Sein Bericht \u00fcber die letzten K\u00e4mpfe in Pal\u00e4stina und Syrien ist ein Gegenst\u00fcck zu der Darstellung, die T.E. Lawrence (\u201eLawrence von Arabien\u201c) in seinen \u201eSieben S\u00e4ulen der Weisheit\u201c aus der arabisch-britischen Perspektive gab.<\/p>\n<p>Mit einem Vorwort des Fu\u0308rsten Johannes zu Schwarzenberg, eines Gro\u00dfneffen des Autors.<\/p>\n","protected":false},"excerpt":{"rendered":"<p>Only available in German<\/p>\n","protected":false},"featured_media":12052,"template":"","meta":{"site-sidebar-layout":"default","site-content-layout":"default","ast-main-header-display":"","ast-hfb-above-header-display":"","ast-hfb-below-header-display":"","ast-hfb-mobile-header-display":"","site-post-title":"","ast-breadcrumbs-content":"","ast-featured-img":"","footer-sml-layout":"","theme-transparent-header-meta":"","adv-header-id-meta":"","stick-header-meta":"","header-above-stick-meta":"","header-main-stick-meta":"","header-below-stick-meta":""},"product_brand":[],"product_cat":[238,453],"product_tag":[],"test":[],"autoren":[],"class_list":{"0":"post-12695","1":"product","2":"type-product","3":"status-publish","4":"has-post-thumbnail","6":"product_cat-militaergeschichte-tagebuecher-literatur-en","7":"product_cat-englisch-en","8":"align-center","9":"box-shadow-1","10":"box-shadow-2-hover","11":"ast-product-gallery-layout-horizontal","12":"ast-product-gallery-with-no-image","13":"ast-product-tabs-layout-horizontal","15":"first","16":"instock","17":"taxable","18":"shipping-taxable","19":"purchasable","20":"product-type-simple"},"_links":{"self":[{"href":"https:\/\/shop.militaria.at\/en\/wp-json\/wp\/v2\/product\/12695","targetHints":{"allow":["GET"]}}],"collection":[{"href":"https:\/\/shop.militaria.at\/en\/wp-json\/wp\/v2\/product"}],"about":[{"href":"https:\/\/shop.militaria.at\/en\/wp-json\/wp\/v2\/types\/product"}],"wp:featuredmedia":[{"embeddable":true,"href":"https:\/\/shop.militaria.at\/en\/wp-json\/wp\/v2\/media\/12052"}],"wp:attachment":[{"href":"https:\/\/shop.militaria.at\/en\/wp-json\/wp\/v2\/media?parent=12695"}],"wp:term":[{"taxonomy":"product_brand","embeddable":true,"href":"https:\/\/shop.militaria.at\/en\/wp-json\/wp\/v2\/product_brand?post=12695"},{"taxonomy":"product_cat","embeddable":true,"href":"https:\/\/shop.militaria.at\/en\/wp-json\/wp\/v2\/product_cat?post=12695"},{"taxonomy":"product_tag","embeddable":true,"href":"https:\/\/shop.militaria.at\/en\/wp-json\/wp\/v2\/product_tag?post=12695"},{"taxonomy":"test","embeddable":true,"href":"https:\/\/shop.militaria.at\/en\/wp-json\/wp\/v2\/test?post=12695"},{"taxonomy":"autoren","embeddable":true,"href":"https:\/\/shop.militaria.at\/en\/wp-json\/wp\/v2\/autoren?post=12695"}],"curies":[{"name":"wp","href":"https:\/\/api.w.org\/{rel}","templated":true}]}}