{"id":12866,"date":"2010-09-22T10:38:59","date_gmt":"2010-09-22T09:38:59","guid":{"rendered":"https:\/\/shop.militaria.at\/product\/train\/"},"modified":"2026-03-26T11:54:31","modified_gmt":"2026-03-26T10:54:31","slug":"train","status":"publish","type":"product","link":"https:\/\/shop.militaria.at\/en\/product\/train\/","title":{"rendered":"Train, Band 1+2"},"content":{"rendered":"<p><strong>Train, Band 1<\/strong><\/p>\n<p>Der Train umfasste alle Nachschub- und Versorgungs-Kolonnen, soweit sie nicht zur Etappe oder zu den Kraftfahrtruppen geh\u00f6rten. In Friedenszeiten besa\u00df er nur einen geringen Umfang von 25 Train-Abteilungen, die als Kadertruppe f\u00fcr alle Nachschubformationen im Kriege vorgesehen waren. Sie l\u00f6sten sich bei Kriegsausbruch auf und stellten neben einer Ersatz-Abteilung jeweils zahlreiche Neuformationen auf.<\/p>\n<p>Die Train-Kolonnen geh\u00f6rten zun\u00e4chst zu den Korpstruppen. Bei jedem Armeekorps unterstanden sie, in zwei Train-Abteilungen gegliedert, einem eigenen Kommandeur der Trains. Nach Einsetzen des Stellungskrieges wurden im Mai 1915 die Train-Abteilungen der Korps in Staffelst\u00e4be mit fortlaufender Nummerierung umgewandelt, von denen jedes Korps nun \u00fcber drei verf\u00fcgte. Als die Train-Kolonnen Ende 1916 zu den Armeetruppen \u00fcbertraten, unterstanden sie weiterhin den Staffelst\u00e4ben, deren Verteilung sich nach den taktischen Bed\u00fcrfnissen richtete.<\/p>\n<p>In diesem ersten Band werden neben den Kommandobeh\u00f6rden die sog. Verpflegungstrains behandelt. Hierzu z\u00e4hlten die Proviant-Kolonnen mit viersp\u00e4nnigen Proviantwagen und die Fuhrpark-Kolonnen mit zweisp\u00e4nnigen Fuhrwagen. Anfangs f\u00fchrten sie sehr unterschiedliche Bezeichnungen nach Korps und Divisionen, bis sie Anfang 1917 zu den Armeetruppen \u00fcbertraten und eine fortlaufende Nummerierung erhielten. Obwohl beide Gattungen zu Einheitskolonnen mit gleicher St\u00e4rke und Ausr\u00fcstung umgegliedert wurden, blieb die unterschiedliche Benennung der insgesamt 180 Proviant- und 444 Fuhrpark-Kolonnen erhalten.<\/p>\n<p>F\u00fcr alle Truppen und Beh\u00f6rden sind in \u00fcbersichtlicher Form die wesentlichen Daten zur Organisation ausgebreitet, besonders zur Aufstellung, Umgliederung und Aufl\u00f6sung. Dadurch l\u00e4sst sich der Weg der Truppen w\u00e4hrend des Krieges nahezu l\u00fcckenlos verfolgen.<\/p>\n<p><strong>Train, Band 2<\/strong><\/p>\n<p>In diesem zweiten Band werden folgende Abschnitte in der Organisation des Trains behandelt:<\/p>\n<ol>\n<li>Tragtier-Kolonnen. Mit der Aufstellung erster Gebirgsformationen entstanden seit 1915 besondere Tragtier-Kolonnen, um den Nachschub im Gebirge zu gew\u00e4hrleisten.<\/li>\n<li>Veterin\u00e4rformationen. Bei Kriegsbeginn wurden bei jedem Armeekorps nur zwei Pferdedepots aufgestellt, die f\u00fcr den Ersatz von Pferden im Feldheer sorgen sollten. Um erkrankte Tiere zusammenzufassen, entstanden bereits 1914 Pferdesammelstellen, seit Fr\u00fchjahr 1915 auch erste Pferdelazarette. Anfang 1917 erhielt jede Division ein Pferdelazarett, wobei zahlreiche Sammelstellen und Pferdedepots in den rund 290 Pferdelazaretten aufgingen. \u00dcber 60 Pferdedepots blieben weiter bestehen.<\/li>\n<li>Feldb\u00e4ckerei-Kolonnen. Zur Versorgung der Truppen mit Brot verf\u00fcgte jedes Armeekorps \u00fcber zwei Feldb\u00e4ckerei-Kolonnen mit fahrbaren Back\u00f6fen. Auch diese Kolonnen traten im Fr\u00fchjahr 1917 zu den Armeetruppen \u00fcber und erhielten 184 fortlaufende Nummern.<\/li>\n<li>Schl\u00e4chterei-Abteilungen. Da f\u00fcr die Versorgung mit frischem Fleisch zun\u00e4chst keine besonderen \u00adEinrichtungen bestanden, richteten sich die Korps bereits seit Herbst 1914 selbstst\u00e4ndig Korpsschl\u00e4chtereien ein. Um diese sehr unterschiedlichen Formationen zu vereinheitlichen, wurden sie im Mai 1917 in Feld-Schl\u00e4chterei-Abteilungen umgewandelt, fortlaufend nummeriert und den Armeetruppen zugeordnet. Ihre Gesamtzahl betrug zuletzt rund 240 Abteilungen.<\/li>\n<li>Ersatzformationen. F\u00fcr die Erg\u00e4nzung und Ausbildung des Personals bestanden in der Heimat Ersatz-Abteilungen und im Felde Rekrutendepots. Den Ersatz des Trainger\u00e4ts lieferten schlie\u00dflich die Traindepots in der Heimat.<\/li>\n<\/ol>\n<p>F\u00fcr alle Truppen und Dienststellen sind in \u00fcbersichtlicher Form die wesentlichen Daten zur Organisation ausgebreitet, besonders zur Aufstellung, Umgliederung und Aufl\u00f6sung. Dadurch l\u00e4sst sich der Weg der Truppen \u00adw\u00e4hrend des Krieges nahezu l\u00fcckenlos verfolgen.<\/p>\n","protected":false},"excerpt":{"rendered":"<p>Only available in German<\/p>\n","protected":false},"featured_media":12263,"template":"","meta":{"site-sidebar-layout":"default","site-content-layout":"default","ast-main-header-display":"","ast-hfb-above-header-display":"","ast-hfb-below-header-display":"","ast-hfb-mobile-header-display":"","site-post-title":"","ast-breadcrumbs-content":"","ast-featured-img":"","footer-sml-layout":"","theme-transparent-header-meta":"","adv-header-id-meta":"","stick-header-meta":"","header-above-stick-meta":"","header-main-stick-meta":"","header-below-stick-meta":""},"product_brand":[],"product_cat":[239,453],"product_tag":[],"test":[],"autoren":[173,212,452],"class_list":{"0":"post-12866","1":"product","2":"type-product","3":"status-publish","4":"has-post-thumbnail","6":"product_cat-nachschlagewerke-verzeichnisse-en","7":"product_cat-englisch-en","8":"autoren-dr-juergen-kraus-en","9":"autoren-rolf-noeske-en","10":"autoren-thierry-ehret-en","11":"align-center","12":"box-shadow-1","13":"box-shadow-2-hover","14":"ast-product-gallery-layout-horizontal","15":"ast-product-tabs-layout-horizontal","17":"first","18":"instock","19":"taxable","20":"shipping-taxable","21":"purchasable","22":"product-type-simple"},"_links":{"self":[{"href":"https:\/\/shop.militaria.at\/en\/wp-json\/wp\/v2\/product\/12866","targetHints":{"allow":["GET"]}}],"collection":[{"href":"https:\/\/shop.militaria.at\/en\/wp-json\/wp\/v2\/product"}],"about":[{"href":"https:\/\/shop.militaria.at\/en\/wp-json\/wp\/v2\/types\/product"}],"wp:featuredmedia":[{"embeddable":true,"href":"https:\/\/shop.militaria.at\/en\/wp-json\/wp\/v2\/media\/12263"}],"wp:attachment":[{"href":"https:\/\/shop.militaria.at\/en\/wp-json\/wp\/v2\/media?parent=12866"}],"wp:term":[{"taxonomy":"product_brand","embeddable":true,"href":"https:\/\/shop.militaria.at\/en\/wp-json\/wp\/v2\/product_brand?post=12866"},{"taxonomy":"product_cat","embeddable":true,"href":"https:\/\/shop.militaria.at\/en\/wp-json\/wp\/v2\/product_cat?post=12866"},{"taxonomy":"product_tag","embeddable":true,"href":"https:\/\/shop.militaria.at\/en\/wp-json\/wp\/v2\/product_tag?post=12866"},{"taxonomy":"test","embeddable":true,"href":"https:\/\/shop.militaria.at\/en\/wp-json\/wp\/v2\/test?post=12866"},{"taxonomy":"autoren","embeddable":true,"href":"https:\/\/shop.militaria.at\/en\/wp-json\/wp\/v2\/autoren?post=12866"}],"curies":[{"name":"wp","href":"https:\/\/api.w.org\/{rel}","templated":true}]}}