{"id":13989,"date":"2000-02-06T09:16:35","date_gmt":"2000-02-06T08:16:35","guid":{"rendered":"https:\/\/shop.militaria.at\/product\/das-eiserne-kreuz-1813-1870-1914\/"},"modified":"2025-10-31T11:30:42","modified_gmt":"2025-10-31T10:30:42","slug":"das-eiserne-kreuz-1813-1870-1914","status":"publish","type":"product","link":"https:\/\/shop.militaria.at\/en\/product\/das-eiserne-kreuz-1813-1870-1914\/","title":{"rendered":"Das Eiserne Kreuz 1813 \u2013 1870 \u2013 1914"},"content":{"rendered":"<p>Durch dieses mehr als 850-seitige, zweib\u00e4ndige Werk, das auf einer jahrelangen Forschungst\u00e4tigkeit in deutschen Archiven beruht, erscheint das Eiserne Kreuz 1813\u2013 870\u20131914 in v\u00f6llig neuem Licht. Vor allem die in der ehemaligen DDR quasi unter Verschluss gehaltenen Akten der K\u00f6niglich Preu\u00dfischen Generalordenskommission, die erst nach der deutschen Wiedervereinigung im Geheimen Staatsarchiv Berlin wieder zug\u00e4nglich waren, enthielten au\u00dfergew\u00f6hnliche Dokumente, die bisher unbekannte Sachverhalte offenbarten. Der Autor versteht es, mit k\u00fchlem Sachverstand und bei gleichzeitig historischer Anteilnahme zeitgeschichtliche Vorg\u00e4nge neu zu werten, sie eindeutig zu dokumentieren und in einen bildlich-grafischen Kontext zu stellen.<br \/>\nDer Textband wird durch einen umfangreichen Bildband erg\u00e4nzt. Anhand der darin definierten \u201eTypologien\u201c \u2013 das sind umfangreiche Tafelteile mit Abbildungen im Ma\u00dfstab 2:1 \u2013 werden dem Leser drei Generationen von Eisernen Kreuzen in einer F\u00fclle von Varianten und Detailaufnahmen gezeigt \u2013 insgesamt mehr als 350 Einzelst\u00fccke.<br \/>\nDiese Typologien st\u00fctzen sich vor allem auf bislang nicht \u00f6ffentlich gezeigte Sammlungen der Stiftung Deutsches Histori\u00acsches Museum Berlin, des Milit\u00e4rhistorischen Museums der Bundeswehr Dresden, des Bayer\u00acischen Armeemuseums Ingolstadt, der Stiftung Preu\u00dfische Schl\u00f6sser und G\u00e4rten Berlin-Brandenburg, wo sich die weitgehend komplett erhaltene ehemalige Sammlung Max Aurich befindet, und mehrere Privatsammlungen. Besonders beeindruckend ist das Aufsp\u00fcren verloren geglaubter Insignien, wie der \u201eBl\u00fccherstern\u201c und das dazugeh\u00f6rige Gro\u00dfkreuz des Eisernen Kreuzes von 1813 des auch \u201eMarschall Vorw\u00e4rts\u201c genannten F\u00fcrsten Gebhard Leberecht von Bl\u00fccher. Erstmals sind beide Auszeichnungen in Farbe ver\u00f6ffentlicht. Besonders interessant ist der Stern mit seiner aufschlussreichen R\u00fcckseite. Dieses beispielhafte Werk werden nicht nur die Ordenskundler freudig begr\u00fc\u00dfen, auch f\u00fcr Historiker ist es unverzichtbar \u2013 ein Generationenwerk f\u00fcr jeden Leser.<\/p>\n","protected":false},"excerpt":{"rendered":"<p>Out of Stock!<\/p>\n","protected":false},"featured_media":14433,"template":"","meta":{"site-sidebar-layout":"default","site-content-layout":"default","ast-main-header-display":"","ast-hfb-above-header-display":"","ast-hfb-below-header-display":"","ast-hfb-mobile-header-display":"","site-post-title":"","ast-breadcrumbs-content":"","ast-featured-img":"","footer-sml-layout":"","theme-transparent-header-meta":"default","adv-header-id-meta":"","stick-header-meta":"default","header-above-stick-meta":"","header-main-stick-meta":"","header-below-stick-meta":""},"product_brand":[],"product_cat":[240,453],"product_tag":[],"test":[],"autoren":[170,224],"class_list":{"0":"post-13989","1":"product","2":"type-product","3":"status-publish","4":"has-post-thumbnail","6":"product_cat-orden-ehrenzeichen-abzeichen_en","7":"product_cat-englisch-en","8":"autoren-dr-frank-wernitz-en","9":"autoren-volker-simons-en","10":"align-center","11":"box-shadow-1","12":"box-shadow-2-hover","13":"ast-product-gallery-layout-horizontal","14":"ast-product-tabs-layout-horizontal","16":"first","17":"outofstock","18":"taxable","19":"shipping-taxable","20":"purchasable","21":"product-type-simple"},"_links":{"self":[{"href":"https:\/\/shop.militaria.at\/en\/wp-json\/wp\/v2\/product\/13989","targetHints":{"allow":["GET"]}}],"collection":[{"href":"https:\/\/shop.militaria.at\/en\/wp-json\/wp\/v2\/product"}],"about":[{"href":"https:\/\/shop.militaria.at\/en\/wp-json\/wp\/v2\/types\/product"}],"wp:featuredmedia":[{"embeddable":true,"href":"https:\/\/shop.militaria.at\/en\/wp-json\/wp\/v2\/media\/14433"}],"wp:attachment":[{"href":"https:\/\/shop.militaria.at\/en\/wp-json\/wp\/v2\/media?parent=13989"}],"wp:term":[{"taxonomy":"product_brand","embeddable":true,"href":"https:\/\/shop.militaria.at\/en\/wp-json\/wp\/v2\/product_brand?post=13989"},{"taxonomy":"product_cat","embeddable":true,"href":"https:\/\/shop.militaria.at\/en\/wp-json\/wp\/v2\/product_cat?post=13989"},{"taxonomy":"product_tag","embeddable":true,"href":"https:\/\/shop.militaria.at\/en\/wp-json\/wp\/v2\/product_tag?post=13989"},{"taxonomy":"test","embeddable":true,"href":"https:\/\/shop.militaria.at\/en\/wp-json\/wp\/v2\/test?post=13989"},{"taxonomy":"autoren","embeddable":true,"href":"https:\/\/shop.militaria.at\/en\/wp-json\/wp\/v2\/autoren?post=13989"}],"curies":[{"name":"wp","href":"https:\/\/api.w.org\/{rel}","templated":true}]}}