{"id":13990,"date":"2025-08-13T09:16:53","date_gmt":"2025-08-13T08:16:53","guid":{"rendered":"https:\/\/shop.militaria.at\/product\/das-tagebuch-eines-leutnants\/"},"modified":"2025-12-16T09:47:34","modified_gmt":"2025-12-16T08:47:34","slug":"das-tagebuch-eines-leutnants","status":"publish","type":"product","link":"https:\/\/shop.militaria.at\/en\/product\/das-tagebuch-eines-leutnants\/","title":{"rendered":"Das Tagebuch eines Leutnants"},"content":{"rendered":"<p>Es begann mit einem Flohmarktfund: ein unscheinbares Quartheft mit schwarzem Umschlag und vielen vergilbten Seiten mit handschriftlichen, manchmal schwer lesbaren Notizen. Oberleutnant Friedrich Kren, 1889 in Laibach \/ Ljubljana geboren, hatte darin seine Erlebnisse als k.u.k. Offizier im Ersten Weltkrieg festgehalten: die Mobilmachung Ende Juli 1914 in Klagenfurt, den Transport an die Front in Galizien, die ersten Gefechte. Die Begeisterung zu Kriegsbeginn, die Sorgen, die Angst. Ende August 1914 schwer verwundet, fiel er in russische Kriegsgefangenschaft und notierte detailliert seine Eindru\u0308cke auf der Reise nach Sibirien, in ein Lager bei Wladiwostok. Im Herbst 1916 wurde er aus gesundheitlichen Gru\u0308nden repatriiert. Durch seine genauen, auch literarisch beachtlichen Beobachtungen stechen Krens Aufzeichnungen unter den vielen Texten von Zeitzeugen des Ersten Weltkriegs hervor und erlauben uns neue Einblicke in das Leben und Leiden der Soldaten im Feld und in Gefangenschaft.<\/p>\n<p>Erst im Jahr 2023, also vier Jahre nach dem Erscheinen der Erstauflage, kl\u00e4rte sich das Schicksal beziehungsweise der Verbleib des Tagebuchautors \u00adFriedrich Kren. Seine Enkelin meldete sich, schickte Fotos ihres Gro\u00dfvaters und berichtete \u00fcber seinen weiteren Lebensweg, seine milit\u00e4rische Laufbahn sowie \u00fcber seinen tragischen Tod als jugoslawischer Offizier im Jahr 1941.<\/p>\n","protected":false},"excerpt":{"rendered":"<p>Only available in German<\/p>\n","protected":false},"featured_media":14675,"template":"","meta":{"site-sidebar-layout":"default","site-content-layout":"default","ast-main-header-display":"","ast-hfb-above-header-display":"","ast-hfb-below-header-display":"","ast-hfb-mobile-header-display":"","site-post-title":"","ast-breadcrumbs-content":"","ast-featured-img":"","footer-sml-layout":"","theme-transparent-header-meta":"default","adv-header-id-meta":"","stick-header-meta":"default","header-above-stick-meta":"","header-main-stick-meta":"","header-below-stick-meta":""},"product_brand":[],"product_cat":[238,453],"product_tag":[],"test":[],"autoren":[222,223],"class_list":{"0":"post-13990","1":"product","2":"type-product","3":"status-publish","4":"has-post-thumbnail","6":"product_cat-militaergeschichte-tagebuecher-literatur-en","7":"product_cat-englisch-en","8":"autoren-univ-doz-dr-erwin-a-schmidl-en","9":"autoren-univ-prof-dr-gabriele-baumann-en","10":"align-center","11":"box-shadow-1","12":"box-shadow-2-hover","13":"ast-product-gallery-layout-horizontal","14":"ast-product-tabs-layout-horizontal","16":"first","17":"instock","18":"taxable","19":"shipping-taxable","20":"purchasable","21":"product-type-simple"},"_links":{"self":[{"href":"https:\/\/shop.militaria.at\/en\/wp-json\/wp\/v2\/product\/13990","targetHints":{"allow":["GET"]}}],"collection":[{"href":"https:\/\/shop.militaria.at\/en\/wp-json\/wp\/v2\/product"}],"about":[{"href":"https:\/\/shop.militaria.at\/en\/wp-json\/wp\/v2\/types\/product"}],"wp:featuredmedia":[{"embeddable":true,"href":"https:\/\/shop.militaria.at\/en\/wp-json\/wp\/v2\/media\/14675"}],"wp:attachment":[{"href":"https:\/\/shop.militaria.at\/en\/wp-json\/wp\/v2\/media?parent=13990"}],"wp:term":[{"taxonomy":"product_brand","embeddable":true,"href":"https:\/\/shop.militaria.at\/en\/wp-json\/wp\/v2\/product_brand?post=13990"},{"taxonomy":"product_cat","embeddable":true,"href":"https:\/\/shop.militaria.at\/en\/wp-json\/wp\/v2\/product_cat?post=13990"},{"taxonomy":"product_tag","embeddable":true,"href":"https:\/\/shop.militaria.at\/en\/wp-json\/wp\/v2\/product_tag?post=13990"},{"taxonomy":"test","embeddable":true,"href":"https:\/\/shop.militaria.at\/en\/wp-json\/wp\/v2\/test?post=13990"},{"taxonomy":"autoren","embeddable":true,"href":"https:\/\/shop.militaria.at\/en\/wp-json\/wp\/v2\/autoren?post=13990"}],"curies":[{"name":"wp","href":"https:\/\/api.w.org\/{rel}","templated":true}]}}