{"id":14069,"date":"2000-02-18T09:16:53","date_gmt":"2000-02-18T08:16:53","guid":{"rendered":"https:\/\/shop.militaria.at\/product\/infanterie-band-4\/"},"modified":"2000-02-18T09:16:53","modified_gmt":"2000-02-18T08:16:53","slug":"infanterie-band-4","status":"publish","type":"product","link":"https:\/\/shop.militaria.at\/en\/product\/infanterie-band-4\/","title":{"rendered":"Infanterie, Band\u00a04"},"content":{"rendered":"<p>Mit diesem Band wird der Teil VI \u2013 Infanterie \u2013 des Gesamtwerkes abgeschlossen. Er behandelt die Landsturm-Infanterie-Bataillone, die als reine Kriegsformationen erst bei der Mobilmachung zur Aufstellung kamen und bei Kriegsende wieder aufgel\u00f6st wurden. Waren anfangs nur rund 330 Landsturm-Bataillone geplant, so entstanden im Verlauf des Krieges insgesamt rund 850 Bataillone. In erster Linie sollten sie in der Heimat Verwendung finden, doch ru\u0308ckten insgesamt 530 Bataillone ins Feld, wo sie im Etappengebiet, teilweise auch an ruhigeren Frontabschnitten, zum Einsatz kamen. Seit 1915 fasste man zahlreiche Bataillone an der Front zu insgesamt 50 Landsturm-Regimentern zusammen, die ebenso wie zusammengesetzte, nur voru\u0308bergehend bestehende Bataillone behandelt werden. Erstmalig wird in diesem Band die territoriale Gliederung der Armeekorps in Landwehrbezirke dargelegt, die nicht nur fu\u0308r die Aufstellung der Landsturm-Bataillone, sondern fu\u0308r das gesamte Ersatzwesen ausschlaggebend war. Detaillierte Karten veranschaulichen die Unterteilung der Landwehrbezirke in Aushebungsbezirke, die den zivilen Kreisen entsprachen. Au\u00dferdem behandelt dieser Band noch diejenigen Formationen der Infanterie, die in der Heimat stationiert waren. Dazu geh\u00f6rten die zu Bewachungs- und Arbeitszwecken aufgestellten Garnisontruppen und die Grenzschutztruppen, soweit sie vor Kriegsende aufgestellt wurden. Schlie\u00dflich rechnen hierzu noch die Ausbildungsformationen der Infanterie, wie Schulen und zahlreiche Ausbildungskurse, besonders fu\u0308r Offiziersanw\u00e4rter und Unteroffiziere. Alle Formationen werden einzeln in ihrer Entwicklung vorgestellt. Dazu sind in u\u0308bersichtlicher Form die wesentlichen Daten zu ihrer Organisation ausgebreitet, besonders zur Aufstellung, Umgliederung und Aufl\u00f6sung, erg\u00e4nzt durch Angaben zu den Truppenteilen, welche den Ersatz stellten.<br \/>\nEin besonderer Schwerpunkt liegt auf der Unterstellung der Einheiten unter Beh\u00f6rden in der Heimat oder unter Armeeverb\u00e4nden im Felde. Anhand der h\u00e4ufig wechselnden Unterstellungen und Zuteilungen l\u00e4sst sich der Weg der Truppen w\u00e4hrend des Krieges nahezu lu\u0308ckenlos verfolgen.<\/p>\n<p>&nbsp;<\/p>\n<h2>\u00dcber das Gesamtwerk: Handbuch der Verb\u00e4nde und Truppen des deutschen Heeres 1914\u20131918<\/h2>\n<p>Mit dieser Reihe wird erstmals ein umfassender \u00dcberblick u\u0308ber alle Verb\u00e4nde und Truppen des deutschen Heeres im Ersten Weltkrieg vorgelegt. Obwohl das allgemeine Interesse an dieser Zeitepoche einen starken Aufschwung erfahren hat, mangelte es bislang an einem Nachschlagewerk, das zuverl\u00e4ssig u\u0308ber die Formationen des Heeres und seine Gliederungen Auskunft geben kann. Dieser Mangel soll durch das vorliegende Gesamtwerk behoben werden, das nicht nur alle jemals aufgestellten Kriegsformationen enth\u00e4lt, sondern auch die wechselnde Kriegsgliederung des Heeres nachzeichnet. Die Ausarbeitung beruht fast ausschlie\u00dflich auf bislang unbekannten zeitgen\u00f6ssischen Quellen, die der Autor durch jahrelange Forschungen in den einschl\u00e4gigen Archiven auswerten konnte. Mit Hilfe fachkundiger Mitarbeiter gelang es, die immensen Datenmengen zu verarbeiten und in eine u\u0308bersichtliche Form zu bringen. Durch den gewaltigen Umfang des Heeres und die gro\u00dfe Anzahl der verarbeiteten Einzeldaten ist das Gesamtwerk auf 20\u00a0B\u00e4nde veranschlagt, wobei die einzelnen B\u00e4nde jeweils nach dem Stand der Bearbeitung erscheinen.<\/p>\n","protected":false},"excerpt":{"rendered":"<p>Only available in German<\/p>\n","protected":false},"featured_media":6275,"template":"","meta":{"site-sidebar-layout":"default","site-content-layout":"default","ast-main-header-display":"","ast-hfb-above-header-display":"","ast-hfb-below-header-display":"","ast-hfb-mobile-header-display":"","site-post-title":"","ast-breadcrumbs-content":"","ast-featured-img":"","footer-sml-layout":"","theme-transparent-header-meta":"","adv-header-id-meta":"","stick-header-meta":"","header-above-stick-meta":"","header-main-stick-meta":"","header-below-stick-meta":""},"product_brand":[],"product_cat":[239,453],"product_tag":[],"test":[],"autoren":[158,173],"class_list":{"0":"post-14069","1":"product","2":"type-product","3":"status-publish","4":"has-post-thumbnail","6":"product_cat-nachschlagewerke-verzeichnisse-en","7":"product_cat-englisch-en","8":"autoren-andreas-bauer-en","9":"autoren-dr-juergen-kraus-en","10":"align-center","11":"box-shadow-1","12":"box-shadow-2-hover","13":"ast-product-gallery-layout-horizontal","14":"ast-product-tabs-layout-horizontal","16":"first","17":"instock","18":"taxable","19":"shipping-taxable","20":"purchasable","21":"product-type-simple"},"_links":{"self":[{"href":"https:\/\/shop.militaria.at\/en\/wp-json\/wp\/v2\/product\/14069","targetHints":{"allow":["GET"]}}],"collection":[{"href":"https:\/\/shop.militaria.at\/en\/wp-json\/wp\/v2\/product"}],"about":[{"href":"https:\/\/shop.militaria.at\/en\/wp-json\/wp\/v2\/types\/product"}],"wp:featuredmedia":[{"embeddable":true,"href":"https:\/\/shop.militaria.at\/en\/wp-json\/wp\/v2\/media\/6275"}],"wp:attachment":[{"href":"https:\/\/shop.militaria.at\/en\/wp-json\/wp\/v2\/media?parent=14069"}],"wp:term":[{"taxonomy":"product_brand","embeddable":true,"href":"https:\/\/shop.militaria.at\/en\/wp-json\/wp\/v2\/product_brand?post=14069"},{"taxonomy":"product_cat","embeddable":true,"href":"https:\/\/shop.militaria.at\/en\/wp-json\/wp\/v2\/product_cat?post=14069"},{"taxonomy":"product_tag","embeddable":true,"href":"https:\/\/shop.militaria.at\/en\/wp-json\/wp\/v2\/product_tag?post=14069"},{"taxonomy":"test","embeddable":true,"href":"https:\/\/shop.militaria.at\/en\/wp-json\/wp\/v2\/test?post=14069"},{"taxonomy":"autoren","embeddable":true,"href":"https:\/\/shop.militaria.at\/en\/wp-json\/wp\/v2\/autoren?post=14069"}],"curies":[{"name":"wp","href":"https:\/\/api.w.org\/{rel}","templated":true}]}}