{"id":14907,"date":"2025-10-16T16:20:25","date_gmt":"2025-10-16T15:20:25","guid":{"rendered":"https:\/\/shop.militaria.at\/product\/armierungstruppen-lieferbar-ab-ende-november-2025\/"},"modified":"2025-12-16T09:47:15","modified_gmt":"2025-12-16T08:47:15","slug":"armierungstruppen-lieferbar-ab-ende-november-2025","status":"publish","type":"product","link":"https:\/\/shop.militaria.at\/en\/product\/armierungstruppen-lieferbar-ab-ende-november-2025\/","title":{"rendered":"Armierungstruppen"},"content":{"rendered":"<p>Teil XVIII des Werkes behandelt die Armierungstruppen, spezielle Bautruppen, die w\u00e4hrend des Ersten Weltkriegs f\u00fcr die Armierung von Festungen verantwortlich waren. Zu Kriegsbeginn 1914 wurden hierf\u00fcr zun\u00e4chst zivile Arbeiter herangezogen, die in milit\u00e4rischen Formationen wie Trupps, Kolonnen und Bataillonen organisiert wurden. Der Bedarf war enorm \u2013 allein in Metz arbeiteten \u00fcber 20.000 Personen. Nach Abschluss der Bauarbeiten im Herbst 1914 l\u00f6ste man viele dieser Einheiten wieder auf.<\/p>\n<p>Aufgrund negativer Erfahrung mit den zivilen Arbeitskr\u00e4ften schuf die Heeresverwaltung ab 1915 milit\u00e4risch organisierte Armierungs-Bataillone, bestehend aus Landsturmpflichtigen und Freiwilligen. Insgesamt wurden 217 Bataillone gebildet, die direkt an den Fronten eingesetzt wurden, um Stellungen, Verteidigungsanlagen und Bauwerke zu errichten. Ihre Bedeutung wuchs mit der fortschreitenden Vertiefung der Verteidigungslinien; im September 1917 standen allein an der Westfront rund 155.000 Soldaten im Einsatz.<\/p>\n<p>Trotz ihrer gro\u00dfen milit\u00e4rischen Relevanz blieben die Armierungstruppen in der historischen Forschung weitgehend unbeachtet. Selbst bedeutende Werke von Hermann Cron und Max Schwarte erw\u00e4hnen sie kaum oder gar nicht. Erst lokale Studien zu einzelnen Festungen lieferten erg\u00e4nzende Hinweise. Die Darstellung in diesem Band st\u00fctzt sich daher fast ausschlie\u00dflich auf zeitgen\u00f6ssische Archivquellen, um diese bislang vernachl\u00e4ssigte Truppengattung zu dokumentieren.<\/p>\n","protected":false},"excerpt":{"rendered":"<p>Only available in German<\/p>\n","protected":false},"featured_media":14924,"template":"","meta":{"site-sidebar-layout":"default","site-content-layout":"default","ast-main-header-display":"","ast-hfb-above-header-display":"","ast-hfb-below-header-display":"","ast-hfb-mobile-header-display":"","site-post-title":"","ast-breadcrumbs-content":"","ast-featured-img":"","footer-sml-layout":"","theme-transparent-header-meta":"","adv-header-id-meta":"","stick-header-meta":"","header-above-stick-meta":"","header-main-stick-meta":"","header-below-stick-meta":""},"product_brand":[],"product_cat":[239,453],"product_tag":[],"test":[],"autoren":[173,452],"class_list":{"0":"post-14907","1":"product","2":"type-product","3":"status-publish","4":"has-post-thumbnail","6":"product_cat-nachschlagewerke-verzeichnisse-en","7":"product_cat-englisch-en","8":"autoren-dr-juergen-kraus-en","9":"autoren-thierry-ehret-en","10":"align-center","11":"box-shadow-1","12":"box-shadow-2-hover","13":"ast-product-gallery-layout-horizontal","14":"ast-product-tabs-layout-horizontal","16":"first","17":"instock","18":"taxable","19":"shipping-taxable","20":"purchasable","21":"product-type-simple"},"_links":{"self":[{"href":"https:\/\/shop.militaria.at\/en\/wp-json\/wp\/v2\/product\/14907","targetHints":{"allow":["GET"]}}],"collection":[{"href":"https:\/\/shop.militaria.at\/en\/wp-json\/wp\/v2\/product"}],"about":[{"href":"https:\/\/shop.militaria.at\/en\/wp-json\/wp\/v2\/types\/product"}],"wp:featuredmedia":[{"embeddable":true,"href":"https:\/\/shop.militaria.at\/en\/wp-json\/wp\/v2\/media\/14924"}],"wp:attachment":[{"href":"https:\/\/shop.militaria.at\/en\/wp-json\/wp\/v2\/media?parent=14907"}],"wp:term":[{"taxonomy":"product_brand","embeddable":true,"href":"https:\/\/shop.militaria.at\/en\/wp-json\/wp\/v2\/product_brand?post=14907"},{"taxonomy":"product_cat","embeddable":true,"href":"https:\/\/shop.militaria.at\/en\/wp-json\/wp\/v2\/product_cat?post=14907"},{"taxonomy":"product_tag","embeddable":true,"href":"https:\/\/shop.militaria.at\/en\/wp-json\/wp\/v2\/product_tag?post=14907"},{"taxonomy":"test","embeddable":true,"href":"https:\/\/shop.militaria.at\/en\/wp-json\/wp\/v2\/test?post=14907"},{"taxonomy":"autoren","embeddable":true,"href":"https:\/\/shop.militaria.at\/en\/wp-json\/wp\/v2\/autoren?post=14907"}],"curies":[{"name":"wp","href":"https:\/\/api.w.org\/{rel}","templated":true}]}}