{"id":15076,"date":"2022-11-27T16:13:59","date_gmt":"2022-11-27T15:13:59","guid":{"rendered":"https:\/\/shop.militaria.at\/product\/uniformschneider-handbuch\/"},"modified":"2025-11-27T16:18:30","modified_gmt":"2025-11-27T15:18:30","slug":"uniformschneider-handbuch","status":"publish","type":"product","link":"https:\/\/shop.militaria.at\/en\/product\/uniformschneider-handbuch\/","title":{"rendered":"Uniformschneider-Handbuch"},"content":{"rendered":"<p>Herrenmode z\u00e4hlt stets zu den stilpr\u00e4genden Elementen einer Epoche. Die Komplexit\u00e4t des Themas, der Variantenreichtum des Arbeitsmaterials, aber auch die individuellen W\u00fcnsche der Kunden verlangten dabei von Schneidern und Zuschneidern ein hohes Ma\u00df an Professionalit\u00e4t und Routine.<\/p>\n<p>Im Jahr 1904 fasste der Schneidermeister Eustachius Jandejsek, Obmann des Ersten Wiener Zuschneider-Vereins, das Wissen seiner Berufsgruppe in einem praktischen Lehrbuch zusammen. Das Werk, das sich besonders durch Klarheit, zahlreiche Illustrationen und nachvollziehbare Beispiele aus den Bereichen Ma\u00dfnehmen und Schnittmusterherstellung auszeichnet, entwickelte sich rasch zu einem beliebten Nachschlagewerk mit mehreren Auflagen.<\/p>\n<p>Hier liegt nun eine Neuauflage der l\u00e4ngst vergriffenen Erstausgabe vor, womit eine historische Quelle ersten Ranges wieder f\u00fcr einen gr\u00f6\u00dferen Leserkreis zug\u00e4nglich wird. Eine uniformkundliche Einleitung zum vorliegenden Werk zeigt, dass die Bekleidung des Milit\u00e4rs der allgemeinen Mode meist in gr\u00f6\u00dferen Intervallen folgt. Dies verweist zugleich auf die herausragende Relevanz von Jandejseks Werk, die sowohl im zivilen wie im milit\u00e4rischen Bereich liegt.<\/p>\n","protected":false},"excerpt":{"rendered":"<p>Only available in German<\/p>\n","protected":false},"featured_media":15072,"template":"","meta":{"site-sidebar-layout":"default","site-content-layout":"default","ast-main-header-display":"","ast-hfb-above-header-display":"","ast-hfb-below-header-display":"","ast-hfb-mobile-header-display":"","site-post-title":"","ast-breadcrumbs-content":"","ast-featured-img":"","footer-sml-layout":"","theme-transparent-header-meta":"","adv-header-id-meta":"","stick-header-meta":"","header-above-stick-meta":"","header-main-stick-meta":"","header-below-stick-meta":""},"product_brand":[],"product_cat":[241,453],"product_tag":[],"test":[],"autoren":[185],"class_list":{"0":"post-15076","1":"product","2":"type-product","3":"status-publish","4":"has-post-thumbnail","6":"product_cat-uniformierung-ausruestung_en","7":"product_cat-englisch-en","8":"autoren-hofrat-prof-dipl-ing-hermann-hinterstoisser-en","9":"align-center","10":"box-shadow-1","11":"box-shadow-2-hover","12":"ast-product-gallery-layout-horizontal","13":"ast-product-tabs-layout-horizontal","15":"first","16":"instock","17":"taxable","18":"shipping-taxable","19":"purchasable","20":"product-type-simple"},"_links":{"self":[{"href":"https:\/\/shop.militaria.at\/en\/wp-json\/wp\/v2\/product\/15076","targetHints":{"allow":["GET"]}}],"collection":[{"href":"https:\/\/shop.militaria.at\/en\/wp-json\/wp\/v2\/product"}],"about":[{"href":"https:\/\/shop.militaria.at\/en\/wp-json\/wp\/v2\/types\/product"}],"wp:featuredmedia":[{"embeddable":true,"href":"https:\/\/shop.militaria.at\/en\/wp-json\/wp\/v2\/media\/15072"}],"wp:attachment":[{"href":"https:\/\/shop.militaria.at\/en\/wp-json\/wp\/v2\/media?parent=15076"}],"wp:term":[{"taxonomy":"product_brand","embeddable":true,"href":"https:\/\/shop.militaria.at\/en\/wp-json\/wp\/v2\/product_brand?post=15076"},{"taxonomy":"product_cat","embeddable":true,"href":"https:\/\/shop.militaria.at\/en\/wp-json\/wp\/v2\/product_cat?post=15076"},{"taxonomy":"product_tag","embeddable":true,"href":"https:\/\/shop.militaria.at\/en\/wp-json\/wp\/v2\/product_tag?post=15076"},{"taxonomy":"test","embeddable":true,"href":"https:\/\/shop.militaria.at\/en\/wp-json\/wp\/v2\/test?post=15076"},{"taxonomy":"autoren","embeddable":true,"href":"https:\/\/shop.militaria.at\/en\/wp-json\/wp\/v2\/autoren?post=15076"}],"curies":[{"name":"wp","href":"https:\/\/api.w.org\/{rel}","templated":true}]}}