{"id":15406,"date":"2026-03-26T10:26:19","date_gmt":"2026-03-26T09:26:19","guid":{"rendered":"https:\/\/shop.militaria.at\/?post_type=product&#038;p=15406"},"modified":"2026-04-20T09:48:33","modified_gmt":"2026-04-20T08:48:33","slug":"armierungstruppen-kopie","status":"publish","type":"product","link":"https:\/\/shop.militaria.at\/en\/product\/armierungstruppen-kopie\/","title":{"rendered":"Sanit\u00e4tstruppen &#8211; shipping starting in mid-May 2026"},"content":{"rendered":"<p>Das Sanit\u00e4tswesen bildete in Friedenszeiten keine geschlossene Formation, sondern eine \u00fcber alle Beh\u00f6rden und Formationen verstreute Einrichtung, die organisatorisch zum Train geh\u00f6rte. Das relativ geringe, zu einem Sanit\u00e4tskorps vereinte Personal war neben der Verwendung in \u00c4mtern und Garnisonlazaretten auf alle Regimenter und Bataillone des Heeres verteilt. Erst bei Kriegsausbruch wurden dar\u00fcber hinaus eigene Formationen aufgestellt: Jedes Korps erhielt drei Sanit\u00e4ts-Kompanien und zw\u00f6lf Feldlazarette zur Bergung und ersten Versorgung der Verwundeten. 1917 trat eine Organisations\u00e4nderung ein, sodass nun jede Division \u00fcber eine Sanit\u00e4ts-Kompanie und zwei Feldlazarette verf\u00fcgte, w\u00e4hrend die \u00fcbrigen Einheiten zu den Armeetruppen \u00fcbertraten. Angesichts des unerwartet gro\u00dfen Ansturms von Verletzten musste die Anzahl der Kompanien insgesamt verdreifacht und die der Feldlazarette verdoppelt werden.<br \/>\nZur Entlastung des Operationsgebietes von Verwundeten wurden im Etappengebiet der Armeen umfangreiche Lazarett- und Transporteinrichtungen geschaffen. \u00dcber 70 Kriegslazarett-Abteilungen betrieben ein Geflecht von Kriegslazaretten, sodass Verwundete und Kranke noch im Kriegsgebiet gesund gepflegt werden konnten. Schwerverletzte verbrachte man dagegen in die Heimat, wo sie in milit\u00e4rischen Reservelazaretten und von der Freiwilligen Krankenpflege betriebenen Vereinslazaretten Aufnahme fanden. F\u00fcr diese Transporte wurden insgesamt 60 Lazarett- und \u00fcber 130 Krankenz\u00fcge sowie 90 Vereinslazarettz\u00fcge bereitgestellt.<br \/>\nF\u00fcr die Kriegf\u00fchrung besa\u00df die Versorgung und Wiederherstellung der Verwundeten eine enorme Bedeutung. Dementsprechend wuchs das Sanit\u00e4tswesen im Verlauf des Krieges zu einer beachtlichen Organisation heran, die insgesamt rund 25.000 \u00c4rzte und 93.000 Sanit\u00e4tsmannschaften umfasste.<\/p>\n","protected":false},"excerpt":{"rendered":"<p>Only available in German<\/p>\n","protected":false},"featured_media":15429,"template":"","meta":{"site-sidebar-layout":"default","site-content-layout":"default","ast-main-header-display":"","ast-hfb-above-header-display":"","ast-hfb-below-header-display":"","ast-hfb-mobile-header-display":"","site-post-title":"","ast-breadcrumbs-content":"","ast-featured-img":"","footer-sml-layout":"","theme-transparent-header-meta":"","adv-header-id-meta":"","stick-header-meta":"","header-above-stick-meta":"","header-main-stick-meta":"","header-below-stick-meta":""},"product_brand":[],"product_cat":[239,453],"product_tag":[],"test":[],"autoren":[173,212,452],"class_list":{"0":"post-15406","1":"product","2":"type-product","3":"status-publish","4":"has-post-thumbnail","6":"product_cat-nachschlagewerke-verzeichnisse-en","7":"product_cat-englisch-en","8":"autoren-dr-juergen-kraus-en","9":"autoren-rolf-noeske-en","10":"autoren-thierry-ehret-en","11":"align-center","12":"box-shadow-1","13":"box-shadow-2-hover","14":"ast-product-gallery-layout-horizontal","15":"ast-product-tabs-layout-horizontal","17":"first","18":"onbackorder","19":"taxable","20":"shipping-taxable","21":"purchasable","22":"product-type-simple"},"_links":{"self":[{"href":"https:\/\/shop.militaria.at\/en\/wp-json\/wp\/v2\/product\/15406","targetHints":{"allow":["GET"]}}],"collection":[{"href":"https:\/\/shop.militaria.at\/en\/wp-json\/wp\/v2\/product"}],"about":[{"href":"https:\/\/shop.militaria.at\/en\/wp-json\/wp\/v2\/types\/product"}],"wp:featuredmedia":[{"embeddable":true,"href":"https:\/\/shop.militaria.at\/en\/wp-json\/wp\/v2\/media\/15429"}],"wp:attachment":[{"href":"https:\/\/shop.militaria.at\/en\/wp-json\/wp\/v2\/media?parent=15406"}],"wp:term":[{"taxonomy":"product_brand","embeddable":true,"href":"https:\/\/shop.militaria.at\/en\/wp-json\/wp\/v2\/product_brand?post=15406"},{"taxonomy":"product_cat","embeddable":true,"href":"https:\/\/shop.militaria.at\/en\/wp-json\/wp\/v2\/product_cat?post=15406"},{"taxonomy":"product_tag","embeddable":true,"href":"https:\/\/shop.militaria.at\/en\/wp-json\/wp\/v2\/product_tag?post=15406"},{"taxonomy":"test","embeddable":true,"href":"https:\/\/shop.militaria.at\/en\/wp-json\/wp\/v2\/test?post=15406"},{"taxonomy":"autoren","embeddable":true,"href":"https:\/\/shop.militaria.at\/en\/wp-json\/wp\/v2\/autoren?post=15406"}],"curies":[{"name":"wp","href":"https:\/\/api.w.org\/{rel}","templated":true}]}}