{"id":9224,"date":"2000-02-26T09:16:35","date_gmt":"2000-02-26T08:16:35","guid":{"rendered":"http:\/\/shop.militaria.at\/product\/erprobung-und-versuch\/"},"modified":"2025-11-17T16:09:48","modified_gmt":"2025-11-17T15:09:48","slug":"erprobung-und-versuch","status":"publish","type":"product","link":"https:\/\/shop.militaria.at\/en\/product\/erprobung-und-versuch\/","title":{"rendered":"Erprobung und Versuch"},"content":{"rendered":"<p>Dieses 624 Seiten umfassende Werk beschreibt im Detail die internationale Entwicklung milit\u00e4rischer Gewehre \u2013 vom Einzelschuss-Vorderlader bis zum halbautomatischen Gewehr \u2013 anhand von insgesamt 218 einzigartigen Prototypen und Versuchsst\u00fccken, die sich bis heute im Niederl\u00e4ndischen Armeemuseum erhalten haben. S\u00e4mtliche dieser St\u00fccke wurden von der Niederl\u00e4ndischen Feuerwaffen-Versuchsabteilung im Zeitraum von 1855 bis 1933 von den verschiedensten internationalen Waffenproduzenten angefordert und einer intensiven Erprobung unterzogen. Anschlie\u00dfend in ihre Einzelteile zerlegt und wieder zusammengesetzt, wurden Erprobungsberichte verfasst, die der Autor \u2013 neben Archiv-Recherchen in Den Haag \u2013 in diesem Buch auswertet. Das Buch gibt einen tiefen Einblick in die Waffentechnik des 19. Jahrhunderts und in die Arbeit der niederl\u00e4ndischen Gewehr-Pr\u00fcfungskommission. Mehr als 850 Detailaufnahmen der Originalgewehre sowie zeitgen\u00f6ssische Grafiken, Fotografien, schematische Darstellungen und Ma\u00dftabellen geben ein \u00fcbersichtliches und detailliertes Bild dieser Entwicklung wieder. Es gibt kaum Literatur \u00fcber die Versuche mit Handfeuerwaffen, umso wichtiger ist die vorliegende Arbeit f\u00fcr (waffen-)technisch Interessierte. W\u00e4hrend der hektischen politischen und milit\u00e4rischen Auseinandersetzungen des 19. Jahrhunderts waren in den verschiedensten L\u00e4ndern die Versuchsabteilungen mit der Suche nach der \u201eperfekten\u201c milit\u00e4rischen Handfeuerwaffe besch\u00e4ftigt. Der Leser erh\u00e4lt Zugang zu diesen erstmals publizierten erhaltenen Realst\u00fccken, wie zum Beispiel von den Firmen Mauser, Steyr, Kropatschek, Mannlicher, Enfield, Vetterli, Spencer und Berdan u.v.a., die \u00f6ffentlich nicht zu sehen sind und zum Teil nur in einem einzigen erhaltenen Exemplar den Wandel der Zeit \u00fcberdauerten. Durch diesen Einblick wird die technische Entwicklung w\u00e4hrend der industriellen Revolution am Waffensektor besser verst\u00e4ndlich. Ein unbedingtes MUSS f\u00fcr jeden Sammler und waffentechnisch Interessierten.<\/p>\n","protected":false},"excerpt":{"rendered":"<p>Only available in German<\/p>\n","protected":false},"featured_media":1646,"template":"","meta":{"site-sidebar-layout":"default","site-content-layout":"default","ast-main-header-display":"","ast-hfb-above-header-display":"","ast-hfb-below-header-display":"","ast-hfb-mobile-header-display":"","site-post-title":"","ast-breadcrumbs-content":"","ast-featured-img":"","footer-sml-layout":"","theme-transparent-header-meta":"default","adv-header-id-meta":"","stick-header-meta":"default","header-above-stick-meta":"","header-main-stick-meta":"","header-below-stick-meta":""},"product_brand":[],"product_cat":[237,453],"product_tag":[],"test":[],"autoren":[],"class_list":{"0":"post-9224","1":"product","2":"type-product","3":"status-publish","4":"has-post-thumbnail","6":"product_cat-bewaffnung-waffentechnik-militaertechnik_en","7":"product_cat-englisch-en","8":"align-center","9":"box-shadow-1","10":"box-shadow-2-hover","11":"ast-product-gallery-layout-horizontal","12":"ast-product-tabs-layout-horizontal","14":"first","15":"instock","16":"taxable","17":"shipping-taxable","18":"purchasable","19":"product-type-simple"},"_links":{"self":[{"href":"https:\/\/shop.militaria.at\/en\/wp-json\/wp\/v2\/product\/9224","targetHints":{"allow":["GET"]}}],"collection":[{"href":"https:\/\/shop.militaria.at\/en\/wp-json\/wp\/v2\/product"}],"about":[{"href":"https:\/\/shop.militaria.at\/en\/wp-json\/wp\/v2\/types\/product"}],"wp:featuredmedia":[{"embeddable":true,"href":"https:\/\/shop.militaria.at\/en\/wp-json\/wp\/v2\/media\/1646"}],"wp:attachment":[{"href":"https:\/\/shop.militaria.at\/en\/wp-json\/wp\/v2\/media?parent=9224"}],"wp:term":[{"taxonomy":"product_brand","embeddable":true,"href":"https:\/\/shop.militaria.at\/en\/wp-json\/wp\/v2\/product_brand?post=9224"},{"taxonomy":"product_cat","embeddable":true,"href":"https:\/\/shop.militaria.at\/en\/wp-json\/wp\/v2\/product_cat?post=9224"},{"taxonomy":"product_tag","embeddable":true,"href":"https:\/\/shop.militaria.at\/en\/wp-json\/wp\/v2\/product_tag?post=9224"},{"taxonomy":"test","embeddable":true,"href":"https:\/\/shop.militaria.at\/en\/wp-json\/wp\/v2\/test?post=9224"},{"taxonomy":"autoren","embeddable":true,"href":"https:\/\/shop.militaria.at\/en\/wp-json\/wp\/v2\/autoren?post=9224"}],"curies":[{"name":"wp","href":"https:\/\/api.w.org\/{rel}","templated":true}]}}