{"id":998,"date":"2000-02-05T09:16:35","date_gmt":"2000-02-05T08:16:35","guid":{"rendered":"http:\/\/shop.militaria.at\/product\/the-german-generals\/"},"modified":"2025-11-17T16:07:04","modified_gmt":"2025-11-17T15:07:04","slug":"die-deutschen-generale","status":"publish","type":"product","link":"https:\/\/shop.militaria.at\/en\/product\/die-deutschen-generale\/","title":{"rendered":"Die deutschen Generale"},"content":{"rendered":"<p>Dieses mehr als 400 Seiten umfassende Buch schlie\u00dft an die bereits in dieser Reihe erschienenen B\u00e4nde \u00fcber die deutsche Kavallerie sowie Infanterie an. Mit den Generalen, Kriegsministerien und Generalst\u00e4ben stellt es einen weiteren Schritt zur vollst\u00e4ndigen Bearbeitung der farbigen Uniformen des deutschen Reichsheeres im Zeitraum von 1871 bis 1914 dar.<br \/>\nDie detaillierten Beschreibungen werden durch \u00fcberwiegend erstmals ver\u00f6ffentlichte Uniformen veranschaulicht, die von bekannten Pers\u00f6nlichkeiten der deutschen Geschichte wie Kaiser Wilhelm I. und Kaiser Wilhelm II., den Generalfeldmarsch\u00e4llen von Moltke und von Mackensen sowie dem w\u00fcrttembergischen General der Kavallerie Graf Zeppelin, au\u00dferdem von Angeh\u00f6rigen des bayerischen, s\u00e4chsischen und w\u00fcrttembergischen K\u00f6nigshauses, des badischen Gro\u00dfherzogshauses, des F\u00fcrstenhauses Waldeck und Pyrmont getragen wurden. Damit pr\u00e4sentiert dieser Band eine einzigartige Kollektion von Helmen, Uniformen, Epauletten, Achselst\u00fccken, Blankwaffen, die vorwiegend in den Depots bedeutender deutscher Museen bzw. im niederl\u00e4ndischen Huis Doorn aufbewahrt werden. Zeitgen\u00f6ssische Abbildungen \u2013 haupts\u00e4chlich Fotos \u2013 zeigen die einstigen Tr\u00e4ger der Uniformen sowie andere bekannte oder auch unbekannte Generale und Offiziere. Diese veranschaulichen einerseits den Text und erg\u00e4nzen andererseits die abgebildeten Bekleidungs- und Ausr\u00fcstungsst\u00fccke.<br \/>\nDas vorliegende Werk ist so aufgebaut, dass zun\u00e4chst die Generale, dann die Kriegsministerien der K\u00f6nigreiche Preu\u00dfen, Bayern, Sachsen und W\u00fcrttemberg sowie deren Generalst\u00e4be behandelt werden. Den gr\u00f6\u00dften Raum nehmen dabei aufgrund der St\u00e4rke der preu\u00dfischen Armee deren Generale ein. Daran anschlie\u00dfend werden die preu\u00dfischen Generale in den Kontingenten der Gro\u00dfherzogt\u00fcmer Hessen und Mecklenburg-Schwerin anhand von Originalen dargestellt. Die w\u00fcrttembergischen, s\u00e4chsischen und bayerischen Generale beenden zusammen mit den Generalen des Herzogtums Braunschweig sowie den Obersten in Generalstellungen das Kapitel \u00fcber die Generale.<br \/>\nDer zweite und der dritte Teil dieses Buches befassen sich mit den verschiedenen deutschen Kriegsministerien und Generalst\u00e4ben, deren historische Entwicklung der Beschreibung der jeweiligen Bekleidung und Ausr\u00fcstung vorangestellt wurde.<\/p>\n","protected":false},"excerpt":{"rendered":"<p>Only available in German<\/p>\n","protected":false},"featured_media":1654,"template":"","meta":{"site-sidebar-layout":"default","site-content-layout":"default","ast-main-header-display":"","ast-hfb-above-header-display":"","ast-hfb-below-header-display":"","ast-hfb-mobile-header-display":"","site-post-title":"","ast-breadcrumbs-content":"","ast-featured-img":"","footer-sml-layout":"","theme-transparent-header-meta":"default","adv-header-id-meta":"","stick-header-meta":"default","header-above-stick-meta":"","header-main-stick-meta":"","header-below-stick-meta":""},"product_brand":[],"product_cat":[241,453],"product_tag":[],"test":[],"autoren":[188,221],"class_list":{"0":"post-998","1":"product","2":"type-product","3":"status-publish","4":"has-post-thumbnail","6":"product_cat-uniformierung-ausruestung_en","7":"product_cat-englisch-en","8":"autoren-jens-nguyen-en","9":"autoren-ulrich-herr-en","10":"align-center","11":"box-shadow-1","12":"box-shadow-2-hover","13":"ast-product-gallery-layout-horizontal","14":"ast-product-tabs-layout-horizontal","16":"first","17":"instock","18":"taxable","19":"shipping-taxable","20":"purchasable","21":"product-type-simple"},"_links":{"self":[{"href":"https:\/\/shop.militaria.at\/en\/wp-json\/wp\/v2\/product\/998","targetHints":{"allow":["GET"]}}],"collection":[{"href":"https:\/\/shop.militaria.at\/en\/wp-json\/wp\/v2\/product"}],"about":[{"href":"https:\/\/shop.militaria.at\/en\/wp-json\/wp\/v2\/types\/product"}],"wp:featuredmedia":[{"embeddable":true,"href":"https:\/\/shop.militaria.at\/en\/wp-json\/wp\/v2\/media\/1654"}],"wp:attachment":[{"href":"https:\/\/shop.militaria.at\/en\/wp-json\/wp\/v2\/media?parent=998"}],"wp:term":[{"taxonomy":"product_brand","embeddable":true,"href":"https:\/\/shop.militaria.at\/en\/wp-json\/wp\/v2\/product_brand?post=998"},{"taxonomy":"product_cat","embeddable":true,"href":"https:\/\/shop.militaria.at\/en\/wp-json\/wp\/v2\/product_cat?post=998"},{"taxonomy":"product_tag","embeddable":true,"href":"https:\/\/shop.militaria.at\/en\/wp-json\/wp\/v2\/product_tag?post=998"},{"taxonomy":"test","embeddable":true,"href":"https:\/\/shop.militaria.at\/en\/wp-json\/wp\/v2\/test?post=998"},{"taxonomy":"autoren","embeddable":true,"href":"https:\/\/shop.militaria.at\/en\/wp-json\/wp\/v2\/autoren?post=998"}],"curies":[{"name":"wp","href":"https:\/\/api.w.org\/{rel}","templated":true}]}}