{"id":15183,"date":"2025-12-16T10:01:48","date_gmt":"2025-12-16T09:01:48","guid":{"rendered":"https:\/\/shop.militaria.at\/expedition-et-livraison\/"},"modified":"2025-12-16T10:01:48","modified_gmt":"2025-12-16T09:01:48","slug":"expedition-et-livraison","status":"publish","type":"page","link":"https:\/\/shop.militaria.at\/fr\/expedition-et-livraison\/","title":{"rendered":"Exp\u00e9dition et livraison"},"content":{"rendered":"<p>Prix, frais d&rsquo;exp\u00e9dition et informations de livraison<\/p>\n<p>Les prix indiqu\u00e9s sur les pages produits incluent la TVA l\u00e9gale et les autres \u00e9l\u00e9ments de prix.<\/p>\n<p>Les frais d&rsquo;exp\u00e9dition vous sont clairement indiqu\u00e9s dans le panier et sur la page de commande.<\/p>\n","protected":false},"excerpt":{"rendered":"<p>Prix, frais d&rsquo;exp\u00e9dition et informations de livraison Les prix indiqu\u00e9s sur les pages produits incluent la TVA l\u00e9gale et les autres \u00e9l\u00e9ments de prix. Les frais d&rsquo;exp\u00e9dition vous sont clairement indiqu\u00e9s dans le panier et sur la page de commande.<\/p>\n","protected":false},"author":1,"featured_media":0,"parent":0,"menu_order":0,"comment_status":"closed","ping_status":"closed","template":"","meta":{"site-sidebar-layout":"default","site-content-layout":"default","ast-main-header-display":"","ast-hfb-above-header-display":"","ast-hfb-below-header-display":"","ast-hfb-mobile-header-display":"","site-post-title":"","ast-breadcrumbs-content":"","ast-featured-img":"","footer-sml-layout":"","theme-transparent-header-meta":"","adv-header-id-meta":"","stick-header-meta":"","header-above-stick-meta":"","header-main-stick-meta":"","header-below-stick-meta":"","footnotes":""},"class_list":["post-15183","page","type-page","status-publish","hentry"],"_links":{"self":[{"href":"https:\/\/shop.militaria.at\/fr\/wp-json\/wp\/v2\/pages\/15183","targetHints":{"allow":["GET"]}}],"collection":[{"href":"https:\/\/shop.militaria.at\/fr\/wp-json\/wp\/v2\/pages"}],"about":[{"href":"https:\/\/shop.militaria.at\/fr\/wp-json\/wp\/v2\/types\/page"}],"author":[{"embeddable":true,"href":"https:\/\/shop.militaria.at\/fr\/wp-json\/wp\/v2\/users\/1"}],"replies":[{"embeddable":true,"href":"https:\/\/shop.militaria.at\/fr\/wp-json\/wp\/v2\/comments?post=15183"}],"version-history":[{"count":0,"href":"https:\/\/shop.militaria.at\/fr\/wp-json\/wp\/v2\/pages\/15183\/revisions"}],"wp:attachment":[{"href":"https:\/\/shop.militaria.at\/fr\/wp-json\/wp\/v2\/media?parent=15183"}],"curies":[{"name":"wp","href":"https:\/\/api.w.org\/{rel}","templated":true}]}}